{"id":74,"date":"2015-11-23T01:46:13","date_gmt":"2015-11-23T01:46:13","guid":{"rendered":"http:\/\/blog.espol.edu.ec\/caragarc\/?page_id=74"},"modified":"2015-11-23T01:46:13","modified_gmt":"2015-11-23T01:46:13","slug":"copa-libertadores","status":"publish","type":"page","link":"https:\/\/blog.espol.edu.ec\/caragarc\/copa-libertadores\/","title":{"rendered":"Copa Libertadores"},"content":{"rendered":"<p><strong>Ya est\u00e1 m\u00e1s de la mitad de los equipos que jugar\u00e1n la Copa Libertadores<\/strong><\/p>\n<p><a href=\"http:\/\/blog.espol.edu.ec\/caragarc\/files\/2015\/11\/copa-libertadores.jpg\"><img loading=\"lazy\" decoding=\"async\" class=\"alignnone size-medium wp-image-75\" src=\"http:\/\/blog.espol.edu.ec\/caragarc\/files\/2015\/11\/copa-libertadores-300x194.jpg\" alt=\"copa-libertadores\" width=\"300\" height=\"194\" srcset=\"https:\/\/blog.espol.edu.ec\/caragarc\/files\/2015\/11\/copa-libertadores-300x194.jpg 300w, https:\/\/blog.espol.edu.ec\/caragarc\/files\/2015\/11\/copa-libertadores.jpg 680w\" sizes=\"auto, (max-width: 300px) 100vw, 300px\" \/><\/a><\/p>\n<div align=\"justify\">\n<p>La Copa Libertadores empieza a tomar 'color', considerando que m\u00e1s de la mitad de los equipos que lo disputar\u00e1n tienen su lugar asegurado. En este contexto, mientras hay pa\u00edses que cuentan con sus representantes definidos, hay otros que a\u00fan no tienen ni un equipo clasificado.<\/p>\n<p>* Argentina: River, Boca, San Lorenzo, Rosario Central y Hurac\u00e1n (ir\u00e1 al Repechaje). Falta el ganador de la Liguilla\u00a0 Pre-Libertadores (jugar\u00e1 el Repechaje).<br \/>\n* Brasil: Corinthians y Atl\u00e9tico Mineiro (faltan tres cupos).<br \/>\n* Bolivia: Bolivar, The Strongest y Oriente Petrolero.<br \/>\n* Colombia: Deportivo Cali (faltan definir dos cupos m\u00e1s).<br \/>\n* Paraguay: Cerro Porte\u00f1o (faltan dos cupos).<br \/>\n* Ecuador: Liga de Quito (faltan dos cupos).<br \/>\n* Chile: Cobresal (dos cupos a\u00fan disponibles).<br \/>\n* M\u00e9xico: Puebla y Pumas (falta un cupo).<br \/>\n* Uruguay: Pe\u00f1arol, Nacional y River.<br \/>\n* Venezuela: Trujillanos, Deportivo T\u00e1chira y Caracas.<\/p>\n<p><strong>EL QUE A\u00daN NO TIENE NADA DEFINIDO:<\/strong><\/p>\n<p>* Per\u00fa: 3 cupos.<\/p>\n<p>Adem\u00e1s, tambi\u00e9n est\u00e1 pendiente la plaza que la Conmebol le otorga al campe\u00f3n de la Copa Sudamericana 2015.<br \/>\nEl sorteo del certamen se desarrollar\u00e1 el 22 de diciembre en horario nocturno en la sede de Luque de la Conmebol.<\/p>\n<\/div>\n<p>&nbsp;<\/p>\n","protected":false},"excerpt":{"rendered":"<p>Ya est\u00e1 m\u00e1s de la mitad de los equipos que jugar\u00e1n la Copa Libertadores La Copa Libertadores empieza a tomar 'color', considerando que m\u00e1s de la mitad de los equipos que lo disputar\u00e1n tienen su lugar asegurado. En este contexto, mientras hay pa\u00edses que cuentan con sus representantes definidos, hay otros que a\u00fan no tienen [&hellip;]<\/p>\n","protected":false},"author":10006,"featured_media":0,"parent":0,"menu_order":0,"comment_status":"closed","ping_status":"closed","template":"","meta":{"footnotes":""},"class_list":["post-74","page","type-page","status-publish","hentry"],"_links":{"self":[{"href":"https:\/\/blog.espol.edu.ec\/caragarc\/wp-json\/wp\/v2\/pages\/74","targetHints":{"allow":["GET"]}}],"collection":[{"href":"https:\/\/blog.espol.edu.ec\/caragarc\/wp-json\/wp\/v2\/pages"}],"about":[{"href":"https:\/\/blog.espol.edu.ec\/caragarc\/wp-json\/wp\/v2\/types\/page"}],"author":[{"embeddable":true,"href":"https:\/\/blog.espol.edu.ec\/caragarc\/wp-json\/wp\/v2\/users\/10006"}],"replies":[{"embeddable":true,"href":"https:\/\/blog.espol.edu.ec\/caragarc\/wp-json\/wp\/v2\/comments?post=74"}],"version-history":[{"count":1,"href":"https:\/\/blog.espol.edu.ec\/caragarc\/wp-json\/wp\/v2\/pages\/74\/revisions"}],"predecessor-version":[{"id":76,"href":"https:\/\/blog.espol.edu.ec\/caragarc\/wp-json\/wp\/v2\/pages\/74\/revisions\/76"}],"wp:attachment":[{"href":"https:\/\/blog.espol.edu.ec\/caragarc\/wp-json\/wp\/v2\/media?parent=74"}],"curies":[{"name":"wp","href":"https:\/\/api.w.org\/{rel}","templated":true}]}}