{"id":68,"date":"2009-11-21T18:51:01","date_gmt":"2009-11-21T23:51:01","guid":{"rendered":"http:\/\/blog.espol.edu.ec\/cararami\/?page_id=68"},"modified":"2009-11-21T19:03:37","modified_gmt":"2009-11-22T00:03:37","slug":"krlos-ramirez","status":"publish","type":"page","link":"https:\/\/blog.espol.edu.ec\/cararami\/krlos-ramirez\/","title":{"rendered":"Krlos Ramirez"},"content":{"rendered":"<p><a href=\"http:\/\/www.enchulatupagina.com\/comentarios-en-espanol\/amor\/fragil-56892.html\"><img decoding=\"async\" src=\"http:\/\/recursos.fotocajon.com\/enchulatupagina\/img002\/dBVZvUZKg4Hp.jpg\" border=\"0\" alt=\"\" \/><br \/>\nImagenes para hi5 <\/a><\/p>\n<p><a href=\"http:\/\/www.enchulatupagina.com\/comentarios-en-espanol\/actitud\/queda-prohibido-60745.html\"><img decoding=\"async\" src=\"http:\/\/recursos.fotocajon.com\/enchulatupagina\/img002\/vUrsTQdwB1l2.jpg\" border=\"0\" alt=\"\" \/><br \/>\nImagenes para hi5 <\/a><\/p>\n<p><a href=\"http:\/\/www.enchulatupagina.com\/imagenes\/otros\/pxndx-46584.html\"><img decoding=\"async\" src=\"http:\/\/i184.photobucket.com\/albums\/x79\/pixvirtual\/us019\/Cry99XjCxhaj.jpg\" border=\"0\" alt=\"\" \/><br \/>\nIm\u00e1genes para hi5 <\/a><\/p>\n<p><a href=\"http:\/\/www.enchulatupagina.com\/comentarios-en-espanol\/frases\/sin-tristezas-60107.html\"><img decoding=\"async\" src=\"http:\/\/recursos.fotocajon.com\/enchulatupagina\/img002\/5BThML36hBbM.jpg\" border=\"0\" alt=\"\" \/><br \/>\nImagenes para hi5 <\/a><\/p>\n<p><a href=\"http:\/\/www.enchulatupagina.com\/imagenes\/emo\/ya-no-podre-llorar-48643.html\"><img decoding=\"async\" src=\"http:\/\/i184.photobucket.com\/albums\/x79\/pixvirtual\/us022\/RY3gCCT6FemR.jpg\" border=\"0\" alt=\"\" \/><br \/>\nIm\u00e1genes para hi5 <\/a><\/p>\n<p><a href=\"http:\/\/www.enchulatupagina.com\/comentarios-en-espanol\/actitud\/lmxyyyojcsb5-44194.html\"><img decoding=\"async\" src=\"http:\/\/i184.photobucket.com\/albums\/x79\/pixvirtual\/us017\/uq8KdzXjGGDw.jpg\" border=\"0\" alt=\"\" \/><\/a><a href=\"http:\/\/photobucket.com\" target=\"_blank\"><img decoding=\"async\" src=\"http:\/\/i217.photobucket.com\/albums\/cc281\/carlplay\/Panda3.jpg\" border=\"0\" alt=\"Photo Sharing and Video Hosting at Photobucket\" \/><\/a><\/p>\n<p>\u00a0<\/p>\n<p><a href=\"http:\/\/photobucket.com\" target=\"_blank\"><img decoding=\"async\" src=\"http:\/\/i217.photobucket.com\/albums\/cc281\/carlplay\/grupo_panda_logo.jpg\" border=\"0\" alt=\"Photo Sharing and Video Hosting at Photobucket\" \/><\/a><\/p>\n<p><a href=\"http:\/\/photobucket.com\" target=\"_blank\"><img decoding=\"async\" src=\"http:\/\/i217.photobucket.com\/albums\/cc281\/carlplay\/hkXHo8185160-02.jpg\" border=\"0\" alt=\"Photo Sharing and Video Hosting at Photobucket\" \/><\/a><\/p>\n<p><a href=\"http:\/\/s217.photobucket.com\/albums\/cc281\/carlplay\/?action=view&amp;current=mandamientosdepandita.jpg\" target=\"_blank\"><img decoding=\"async\" src=\"http:\/\/i217.photobucket.com\/albums\/cc281\/carlplay\/mandamientosdepandita.jpg\" border=\"0\" alt=\"Photobucket\" \/><\/a><\/p>\n<p><a href=\"http:\/\/www.enchulatupagina.com\/imagenes\/emo\/panda-31824.html\"><img decoding=\"async\" src=\"http:\/\/i184.photobucket.com\/albums\/x79\/pixvirtual\/us004\/LOcJcbM60AqS.jpg\" border=\"0\" alt=\"\" \/><br \/>\nIm\u00e1genes para hi5 <\/a><\/p>\n<p><a href=\"http:\/\/www.enchulatupagina.com\/comentarios-en-espanol\/amistad\/solo-amigos-40080.html\"><img decoding=\"async\" src=\"http:\/\/i184.photobucket.com\/albums\/x79\/pixvirtual\/us013\/TM33LRHYbvtr.jpg\" border=\"0\" alt=\"\" \/><br \/>\n<\/a><a href=\"http:\/\/www.enchulatupagina.com\/comentarios-en-espanol\/actitud\/roto-48172.html\"><img decoding=\"async\" src=\"http:\/\/i184.photobucket.com\/albums\/x79\/pixvirtual\/us021\/ZL6YQ8JeEKmb.jpg\" border=\"0\" alt=\"\" \/><br \/>\nImagenes para hi5 <\/a><\/p>\n<p>\u00a0<\/p>\n<p><a href=\"http:\/\/www.enchulatupagina.com\/img27808.htm\"><img decoding=\"async\" src=\"http:\/\/i184.photobucket.com\/albums\/x79\/pixvirtual\/ce\/83\/puta_mierda.jpg\" border=\"0\" alt=\"\" \/><br \/>\n<\/a><a href=\"http:\/\/www.enchulatupagina.com\/imagenes\/amor\/se-nota-56153.html\"><img decoding=\"async\" src=\"http:\/\/recursos.fotocajon.com\/enchulatupagina\/img001\/5Kc9CUtBeVO0.jpg\" border=\"0\" alt=\"\" \/><br \/>\nIm\u00e1genes para hi5 <\/a><\/p>\n<p>\u00a0<\/p>\n<p><a href=\"http:\/\/www.enchulatupagina.com\/img22303.htm\"><img decoding=\"async\" src=\"http:\/\/i184.photobucket.com\/albums\/x79\/pixvirtual\/ce\/83\/humor_en_espanol_3294.gif\" border=\"0\" alt=\"\" \/><\/a><a href=\"http:\/\/www.enchulatupagina.com\/comentarios-en-espanol\/frases\/amarte-duele-43362.html\"><img decoding=\"async\" src=\"http:\/\/i184.photobucket.com\/albums\/x79\/pixvirtual\/us016\/tgzRBiVfoXTI.jpg\" border=\"0\" alt=\"\" \/><br \/>\n<\/a><a href=\"http:\/\/www.enchulatupagina.com\/comentarios-en-espanol\/frases\/reflexion-33847.html\"><img decoding=\"async\" src=\"http:\/\/i184.photobucket.com\/albums\/x79\/pixvirtual\/us006\/MyALjxAunGOS.jpg\" border=\"0\" alt=\"\" \/><br \/>\n<\/a><img decoding=\"async\" src=\"http:\/\/i184.photobucket.com\/albums\/x79\/pixvirtual\/us007\/tkD1CYZH9u6D.jpg\" border=\"0\" alt=\"\" \/><\/p>\n<p>\u00a0<\/p>\n<p>\u00a0<\/p>\n<p>\u00a0<\/p>\n<p>\u00a0<\/p>\n<p><a href=\"http:\/\/www.enchulatupagina.com\/comentarios-en-espanol\/frases\/cometario-44715.html\" target=\"_top\"><img decoding=\"async\" src=\"http:\/\/i184.photobucket.com\/albums\/x79\/pixvirtual\/esquina_iz-1.gif\" border=\"0\" alt=\"Fondos para hi5\" \/><\/a><\/p>\n<p><a href=\"http:\/\/www.enchulatupagina.com\/imagenes\/amor\/love-67498.html\"><br \/>\n<\/a><\/p>\n<p>\u00a0<\/p>\n<p><a href=\"http:\/\/www.enchulatupagina.com\/imagenes\/emo\/corazon-59019.html\"><img decoding=\"async\" src=\"http:\/\/recursos.fotocajon.com\/enchulatupagina\/img002\/Q4uZVKLANSa0.jpg\" border=\"0\" alt=\"\" \/><br \/>\n<\/a><\/p>\n<p><a href=\"http:\/\/www.enchulatupagina.com\/imagenes\/amor\/love-67498.html\"><img decoding=\"async\" src=\"http:\/\/recursos.fotocajon.com\/enchulatupagina\/img003\/JhsYZF0PukyP.jpg\" border=\"0\" alt=\"\" \/><br \/>\nIm\u00e1genes para hi5 <\/a><\/p>\n<p><a href=\"http:\/\/www.enchulatupagina.com\/imagenes\/emo\/lenda-59026.html\"><img decoding=\"async\" src=\"http:\/\/recursos.fotocajon.com\/enchulatupagina\/img002\/R4opoyDsgV7e.jpg\" border=\"0\" alt=\"\" \/><br \/>\nIm\u00e1genes para hi5 <\/a><\/p>\n<p><a href=\"http:\/\/www.enchulatupagina.com\/imagenes\/emo\/emogf-59029.html\"><img decoding=\"async\" src=\"http:\/\/recursos.fotocajon.com\/enchulatupagina\/img002\/wRyDCvHCyI8W.jpg\" border=\"0\" alt=\"\" \/><br \/>\nIm\u00e1genes para hi5 <\/a><\/p>\n<p><a href=\"http:\/\/www.enchulatupagina.com\/imagenes\/emo\/corazon-59019.html\"><br \/>\nIm\u00e1genes para hi5 <\/a><\/p>\n","protected":false},"excerpt":{"rendered":"<p>Imagenes para hi5 Imagenes para hi5 Im\u00e1genes para hi5 Imagenes para hi5 Im\u00e1genes para hi5 \u00a0 Im\u00e1genes para hi5 Imagenes para hi5 \u00a0 Im\u00e1genes para hi5 \u00a0 \u00a0 \u00a0 \u00a0 \u00a0 \u00a0 Im\u00e1genes para hi5 Im\u00e1genes para hi5 Im\u00e1genes para hi5 Im\u00e1genes para hi5<\/p>\n","protected":false},"author":3264,"featured_media":0,"parent":0,"menu_order":0,"comment_status":"open","ping_status":"open","template":"","meta":{"footnotes":""},"class_list":["post-68","page","type-page","status-publish","hentry"],"_links":{"self":[{"href":"https:\/\/blog.espol.edu.ec\/cararami\/wp-json\/wp\/v2\/pages\/68","targetHints":{"allow":["GET"]}}],"collection":[{"href":"https:\/\/blog.espol.edu.ec\/cararami\/wp-json\/wp\/v2\/pages"}],"about":[{"href":"https:\/\/blog.espol.edu.ec\/cararami\/wp-json\/wp\/v2\/types\/page"}],"author":[{"embeddable":true,"href":"https:\/\/blog.espol.edu.ec\/cararami\/wp-json\/wp\/v2\/users\/3264"}],"replies":[{"embeddable":true,"href":"https:\/\/blog.espol.edu.ec\/cararami\/wp-json\/wp\/v2\/comments?post=68"}],"version-history":[{"count":4,"href":"https:\/\/blog.espol.edu.ec\/cararami\/wp-json\/wp\/v2\/pages\/68\/revisions"}],"predecessor-version":[{"id":70,"href":"https:\/\/blog.espol.edu.ec\/cararami\/wp-json\/wp\/v2\/pages\/68\/revisions\/70"}],"wp:attachment":[{"href":"https:\/\/blog.espol.edu.ec\/cararami\/wp-json\/wp\/v2\/media?parent=68"}],"curies":[{"name":"wp","href":"https:\/\/api.w.org\/{rel}","templated":true}]}}