{"id":1,"date":"2009-06-02T15:56:05","date_gmt":"2009-06-02T19:56:05","guid":{"rendered":""},"modified":"2009-09-15T09:29:30","modified_gmt":"2009-09-15T13:29:30","slug":"about","status":"publish","type":"page","link":"https:\/\/blog.espol.edu.ec\/cari22\/about\/","title":{"rendered":"Videos"},"content":{"rendered":"<p><em><strong>Creaci\u00f3n de P\u00e1ginas Web con un Bloc de Notas<\/strong><\/em><br \/>\n<object width=\"445\" height=\"364\" data=\"http:\/\/www.youtube.com\/v\/YdMuKotUbrQ&amp;hl=es&amp;fs=1&amp;color1=0x2b405b&amp;color2=0x6b8ab6&amp;border=1\" type=\"application\/x-shockwave-flash\"><param name=\"allowFullScreen\" value=\"true\" \/><param name=\"allowscriptaccess\" value=\"always\" \/><param name=\"src\" value=\"http:\/\/www.youtube.com\/v\/YdMuKotUbrQ&amp;hl=es&amp;fs=1&amp;color1=0x2b405b&amp;color2=0x6b8ab6&amp;border=1\" \/><\/object><\/p>\n<p><object width=\"425\" height=\"344\" data=\"http:\/\/www.youtube.com\/v\/pw8TJLCOl08&amp;hl=es&amp;fs=1&amp;color1=0x5d1719&amp;color2=0xcd311b\" type=\"application\/x-shockwave-flash\"><param name=\"allowFullScreen\" value=\"true\" \/><param name=\"allowscriptaccess\" value=\"always\" \/><param name=\"src\" value=\"http:\/\/www.youtube.com\/v\/pw8TJLCOl08&amp;hl=es&amp;fs=1&amp;color1=0x5d1719&amp;color2=0xcd311b\" \/><\/object><\/p>\n<p><strong><br \/>\n<\/strong><\/p>\n<p><strong>Creaci\u00f3n de una pagina web gratis y rapido en jimdo<br \/>\n<\/strong><\/p>\n<p><strong><br \/>\n<\/strong><br \/>\n<object width=\"425\" height=\"344\" data=\"http:\/\/www.youtube.com\/v\/aMim7OisDoQ&amp;hl=es&amp;fs=1&amp;rel=0&amp;color1=0x234900&amp;color2=0x4e9e00\" type=\"application\/x-shockwave-flash\"><param name=\"allowFullScreen\" value=\"true\" \/><param name=\"allowscriptaccess\" value=\"always\" \/><param name=\"src\" value=\"http:\/\/www.youtube.com\/v\/aMim7OisDoQ&amp;hl=es&amp;fs=1&amp;rel=0&amp;color1=0x234900&amp;color2=0x4e9e00\" \/><\/object><\/p>\n<p>Crea una pagina web en Pagina Web gratis<\/p>\n<p><object width=\"425\" height=\"344\"><param name=\"movie\" value=\"http:\/\/www.youtube.com\/v\/xd_a8bQ2egk&amp;hl=es&amp;fs=1&amp;rel=0&amp;color1=0xe1600f&amp;color2=0xfebd01\"><\/param><param name=\"allowFullScreen\" value=\"true\"><\/param><param name=\"allowscriptaccess\" value=\"always\"><\/param><embed src=\"http:\/\/www.youtube.com\/v\/xd_a8bQ2egk&amp;hl=es&amp;fs=1&amp;rel=0&amp;color1=0xe1600f&amp;color2=0xfebd01\" type=\"application\/x-shockwave-flash\" width=\"425\" height=\"344\"><\/embed><\/object><\/p>\n<p>Video Dreamweaver<\/p>\n<p><object width=\"425\" height=\"344\" data=\"http:\/\/www.youtube.com\/v\/AGlXVXCUFJ8&amp;hl=en&amp;fs=1&amp;\" type=\"application\/x-shockwave-flash\"><param name=\"allowFullScreen\" value=\"true\" \/><param name=\"allowscriptaccess\" value=\"always\" \/><param name=\"src\" value=\"http:\/\/www.youtube.com\/v\/AGlXVXCUFJ8&amp;hl=en&amp;fs=1&amp;\" \/><\/object><\/p>\n","protected":false},"excerpt":{"rendered":"<p>Creaci\u00f3n de P\u00e1ginas Web con un Bloc de Notas Creaci\u00f3n de una pagina web gratis y rapido en jimdo Crea una pagina web en Pagina Web gratis Video Dreamweaver<\/p>\n","protected":false},"author":1934,"featured_media":0,"parent":0,"menu_order":0,"comment_status":"open","ping_status":"open","template":"","meta":{"footnotes":""},"class_list":["post-1","page","type-page","status-publish","hentry"],"_links":{"self":[{"href":"https:\/\/blog.espol.edu.ec\/cari22\/wp-json\/wp\/v2\/pages\/1","targetHints":{"allow":["GET"]}}],"collection":[{"href":"https:\/\/blog.espol.edu.ec\/cari22\/wp-json\/wp\/v2\/pages"}],"about":[{"href":"https:\/\/blog.espol.edu.ec\/cari22\/wp-json\/wp\/v2\/types\/page"}],"author":[{"embeddable":true,"href":"https:\/\/blog.espol.edu.ec\/cari22\/wp-json\/wp\/v2\/users\/1934"}],"replies":[{"embeddable":true,"href":"https:\/\/blog.espol.edu.ec\/cari22\/wp-json\/wp\/v2\/comments?post=1"}],"version-history":[{"count":14,"href":"https:\/\/blog.espol.edu.ec\/cari22\/wp-json\/wp\/v2\/pages\/1\/revisions"}],"predecessor-version":[{"id":242,"href":"https:\/\/blog.espol.edu.ec\/cari22\/wp-json\/wp\/v2\/pages\/1\/revisions\/242"}],"wp:attachment":[{"href":"https:\/\/blog.espol.edu.ec\/cari22\/wp-json\/wp\/v2\/media?parent=1"}],"curies":[{"name":"wp","href":"https:\/\/api.w.org\/{rel}","templated":true}]}}