{"id":147,"date":"2009-08-11T10:54:22","date_gmt":"2009-08-11T14:54:22","guid":{"rendered":"http:\/\/blog.espol.edu.ec\/cari22\/?page_id=147"},"modified":"2009-09-15T08:32:03","modified_gmt":"2009-09-15T12:32:03","slug":"%c2%a1%c2%a1%c2%a1explota-tu-creatividad-con-adobe","status":"publish","type":"page","link":"https:\/\/blog.espol.edu.ec\/cari22\/%c2%a1%c2%a1%c2%a1explota-tu-creatividad-con-adobe\/","title":{"rendered":"\u00a1\u00a1\u00a1Explota tu creatividad con MACROMEDIA Y ADOBE!!!"},"content":{"rendered":"<p><a class=\"flickr-image alignnone\" title=\"phpcbYNIK\" href=\"http:\/\/www.flickr.com\/photos\/39504779@N05\/3811223457\/\"><img decoding=\"async\" src=\"http:\/\/farm3.static.flickr.com\/2500\/3811223457_f405c5f377.jpg\" alt=\"phpcbYNIK\" \/><\/a><br \/>\nCONJUNTO DE PROGRAMAS MACROMEDIA<br \/>\n-FLASH PLAYER 10 (\u00daLTIMA VERSI\u00d3N)<br \/>\n-DREAMWEAVER 8 (VERSI\u00d3N MEJORADA)<br \/>\n-FIREWORKS 8<br \/>\n-FREEHAND MX<br \/>\n-PHOTOSHOP (ADOBE)<\/p>\n","protected":false},"excerpt":{"rendered":"<p>CONJUNTO DE PROGRAMAS MACROMEDIA -FLASH PLAYER 10 (\u00daLTIMA VERSI\u00d3N) -DREAMWEAVER 8 (VERSI\u00d3N MEJORADA) -FIREWORKS 8 -FREEHAND MX -PHOTOSHOP (ADOBE)<\/p>\n","protected":false},"author":1936,"featured_media":0,"parent":0,"menu_order":0,"comment_status":"open","ping_status":"open","template":"","meta":{"footnotes":""},"class_list":["post-147","page","type-page","status-publish","hentry"],"_links":{"self":[{"href":"https:\/\/blog.espol.edu.ec\/cari22\/wp-json\/wp\/v2\/pages\/147","targetHints":{"allow":["GET"]}}],"collection":[{"href":"https:\/\/blog.espol.edu.ec\/cari22\/wp-json\/wp\/v2\/pages"}],"about":[{"href":"https:\/\/blog.espol.edu.ec\/cari22\/wp-json\/wp\/v2\/types\/page"}],"author":[{"embeddable":true,"href":"https:\/\/blog.espol.edu.ec\/cari22\/wp-json\/wp\/v2\/users\/1936"}],"replies":[{"embeddable":true,"href":"https:\/\/blog.espol.edu.ec\/cari22\/wp-json\/wp\/v2\/comments?post=147"}],"version-history":[{"count":14,"href":"https:\/\/blog.espol.edu.ec\/cari22\/wp-json\/wp\/v2\/pages\/147\/revisions"}],"predecessor-version":[{"id":234,"href":"https:\/\/blog.espol.edu.ec\/cari22\/wp-json\/wp\/v2\/pages\/147\/revisions\/234"}],"wp:attachment":[{"href":"https:\/\/blog.espol.edu.ec\/cari22\/wp-json\/wp\/v2\/media?parent=147"}],"curies":[{"name":"wp","href":"https:\/\/api.w.org\/{rel}","templated":true}]}}