{"id":224,"date":"2009-09-11T23:26:23","date_gmt":"2009-09-12T03:26:23","guid":{"rendered":"http:\/\/blog.espol.edu.ec\/cari22\/?page_id=224"},"modified":"2009-09-11T23:26:23","modified_gmt":"2009-09-12T03:26:23","slug":"la-direccion-de-la-pagina-los-dominios-en-internet","status":"publish","type":"page","link":"https:\/\/blog.espol.edu.ec\/cari22\/la-direccion-de-la-pagina-los-dominios-en-internet\/","title":{"rendered":"La Direcci\u00f3n de la p\u00e1gina. Los Dominios en Internet"},"content":{"rendered":"<p>Con relaci\u00f3n a la direcci\u00f3n de la p\u00e1gina tenemos dos primeras opciones:<\/p>\n<ol>\n<li>Si queremos tener nuestra propia direcci\u00f3n. Como por ejemplo <a href=\"http:\/\/www.aulafacil.com\/\">Aulafacil.com<\/a>. Tenemos que pagar el registro.<\/li>\n<li>Otra opci\u00f3n es utilizar un alojamiento gratuito. El alojamiento gratuito tiene ciertas limitaciones por lo que se suele utilizar para p\u00e1ginas personales. Una direcci\u00f3n del tipo <a href=\"http:\/\/geocities.com\/Paris\/2226\/principal.htm\">http:\/\/geocities.com\/Paris\/2226\/principal.htm<\/a><\/li>\n<\/ol>\n<p>Diferentes Portales proporcionan alojamiento gratuito y una direcci\u00f3n a las p\u00e1ginas personales. Por ejemplo, el Portal <a href=\"http:\/\/www.iespana.es\/\">Iespana<\/a> y una posible direcci\u00f3n seria <a href=\"http:\/\/www.iespana.es\/aaprender\/\">http:\/\/www.iespana.es\/aaprender\/<\/a><\/p>\n<p><strong>REGISTRO DE UN DOMINIO PROPIO<\/strong><\/p>\n<p>Si queremos tener nuestra propia direcci\u00f3n\u00a0\u00a0tenemos que buscar un nombre que no este registrado y pagar el registro.<\/p>\n<p>Podemos registrar diferentes terminaciones:<\/p>\n<ul>\n<li>La terminaci\u00f3n\u00a0\u00a0 <strong>.com<\/strong> es para las empresas y procede de company<\/li>\n<li>La terminaci\u00f3n\u00a0\u00a0 <strong>.net<\/strong>\u00a0 estaba pensada para las redes.<\/li>\n<li>La terminaci\u00f3n\u00a0\u00a0\u00a0 <strong>.org<\/strong> se refiere a organization. Organizaciones no lucrativas.<\/li>\n<\/ul>\n<p>Las marcas de empresas reconocidas, se encuentran protegidas por la legislaci\u00f3n. Las empresas que ya\u00a0 tienen direcciones funcionando en Internet se encuentran protegidas por las legislaciones.<\/p>\n<p>Supongamos que deseamos que nuestra p\u00e1gina se denomine PedazodePagina.com<\/p>\n<p>Nos vamos por ejemplo a <a href=\"http:\/\/www.arsys.es\/\">Arsys<\/a>\u00a0<\/p>\n<ul>\n<li>Tecleamos el nombre que deseamos registrar. Por ejemplo PedazodePagina<\/li>\n<li>Y pulsamos <strong>Enviar<\/strong><\/li>\n<\/ul>\n<p align=\"center\"><img loading=\"lazy\" decoding=\"async\" src=\"http:\/\/blog.espol.edu.ec\/cari22\/wp-admin\/registro.gif\" border=\"0\" alt=\"\" width=\"404\" height=\"94\" \/><\/p>\n<ul>\n<li>\n<p align=\"left\">Una vez que conseguimos localizar un dominio que este libre y por tanto no registrado, pulsamos <strong>Registrar.\u00a0<\/strong> A continuaci\u00f3n, seguimos las distintas p\u00e1ginas para dar la conformidad al contrato y dar los datos necesarios.<\/p>\n<\/li>\n<li>\n<p align=\"left\">Completamos el <strong>formulario de Pago<\/strong>.<\/p>\n<\/li>\n<\/ul>\n<p align=\"center\">Otras empresas donde podemos realizar el registro con las instrucciones en castellano son <a href=\"http:\/\/www.acens.com\/\">Acens<\/a>\u00a0<\/p>\n<p align=\"center\"><a href=\"http:\/\/www.nominalia.com\/\">Nominalia<\/a><\/p>\n<p>El registro de dominios con terminaci\u00f3n <strong><span style=\"font-size: medium\">.es <\/span><\/strong>podemos realizarlo directamente en<strong><span style=\"font-size: medium\"> <\/span><a href=\"http:\/\/www.nic.es\/\">Nic\u00a0<\/a><\/strong><\/p>\n<p>Podemos realizar el registro en numerosas p\u00e1ginas. Todas tienen la misma validez y son parecidas. Un registro muy barato y sencillo pero con las instrucciones en ingles <a href=\"https:\/\/www.dotster.com\/register\/default.asp?\">Dotster<\/a>. Otro registro es el de <a href=\"http:\/\/www.netsol.com\/\">Netsol<\/a><\/p>\n<p>Podemos igualmente realizar el registro con las terminaciones para los diferentes pa\u00edses. Por ejemplo en la p\u00e1gina de <a href=\"http:\/\/idnames.networksolutions.com\/\">VeriSing<\/a><\/p>\n<p>Los aspectos legales relacionados con los dominios podemos consultarlos en <a href=\"http:\/\/www.dominiuris.com\/\">Dominiuris<\/a><\/p>\n<p><strong>PAGINAS GRATUITAS<\/strong><\/p>\n<p>Si deseamos tener una p\u00e1gina gratuita no necesitamos realizar el registro del dominio. El Portal donde alojemos de forma gratuita la p\u00e1gina ser\u00e1 la que nos proporcione la direcci\u00f3n. Por ejemplo si utilizamos <a href=\"http:\/\/www.iespana.es\/\">Iespana<\/a> la direcci\u00f3n puede ser <a href=\"http:\/\/www.iespana.es\/cursocrear\/\">http:\/\/www.iespana.es\/cursocrear\/<\/a><\/p>\n<p>En cualquier caso si tenemos una empresa es interesante registrar el dominio con la terminaci\u00f3n .com y tenerla reservada.<\/p>\n","protected":false},"excerpt":{"rendered":"<p>Con relaci\u00f3n a la direcci\u00f3n de la p\u00e1gina tenemos dos primeras opciones: Si queremos tener nuestra propia direcci\u00f3n. Como por ejemplo Aulafacil.com. Tenemos que pagar el registro. Otra opci\u00f3n es utilizar un alojamiento gratuito. El alojamiento gratuito tiene ciertas limitaciones por lo que se suele utilizar para p\u00e1ginas personales. Una direcci\u00f3n del tipo http:\/\/geocities.com\/Paris\/2226\/principal.htm Diferentes [&hellip;]<\/p>\n","protected":false},"author":1934,"featured_media":0,"parent":0,"menu_order":0,"comment_status":"open","ping_status":"open","template":"","meta":{"footnotes":""},"class_list":["post-224","page","type-page","status-publish","hentry"],"_links":{"self":[{"href":"https:\/\/blog.espol.edu.ec\/cari22\/wp-json\/wp\/v2\/pages\/224","targetHints":{"allow":["GET"]}}],"collection":[{"href":"https:\/\/blog.espol.edu.ec\/cari22\/wp-json\/wp\/v2\/pages"}],"about":[{"href":"https:\/\/blog.espol.edu.ec\/cari22\/wp-json\/wp\/v2\/types\/page"}],"author":[{"embeddable":true,"href":"https:\/\/blog.espol.edu.ec\/cari22\/wp-json\/wp\/v2\/users\/1934"}],"replies":[{"embeddable":true,"href":"https:\/\/blog.espol.edu.ec\/cari22\/wp-json\/wp\/v2\/comments?post=224"}],"version-history":[{"count":1,"href":"https:\/\/blog.espol.edu.ec\/cari22\/wp-json\/wp\/v2\/pages\/224\/revisions"}],"predecessor-version":[{"id":225,"href":"https:\/\/blog.espol.edu.ec\/cari22\/wp-json\/wp\/v2\/pages\/224\/revisions\/225"}],"wp:attachment":[{"href":"https:\/\/blog.espol.edu.ec\/cari22\/wp-json\/wp\/v2\/media?parent=224"}],"curies":[{"name":"wp","href":"https:\/\/api.w.org\/{rel}","templated":true}]}}