{"id":96,"date":"2009-07-29T22:02:45","date_gmt":"2009-07-30T02:02:45","guid":{"rendered":"http:\/\/blog.espol.edu.ec\/cari22\/?page_id=96"},"modified":"2009-08-25T15:27:00","modified_gmt":"2009-08-25T19:27:00","slug":"tipos-de-graficos-de-microsoft-excel","status":"publish","type":"page","link":"https:\/\/blog.espol.edu.ec\/cari22\/tipos-de-graficos-de-microsoft-excel\/","title":{"rendered":"Tipos de graficos de Microsoft Excel"},"content":{"rendered":"<p>Microsoft Excel admite muchos tipos de gr\u00e1ficos que le ayudar\u00e1n a mostrar los datos a la audiencia de forma m\u00e1s significativa. Cuando utilice el Asistente para gr\u00e1ficos para crear un gr\u00e1fico, o el comando <strong>Tipo de gr\u00e1fico<\/strong> para modificar un gr\u00e1fico existente, puede seleccionar con facilidad el tipo de gr\u00e1fico que desee de una lista de tipos de gr\u00e1ficos est\u00e1ndar o personalizados.<\/p>\n<p>Cada tipo de gr\u00e1fico est\u00e1ndar tiene varios subtipos. Para obtener una vista previa de un gr\u00e1fico, seleccione cualquier subtipo de gr\u00e1fico y, a continuaci\u00f3n, haga clic en <strong>Presionar para ver muestra<\/strong>. Para obtener m\u00e1s informaci\u00f3n acerca de los tipos de gr\u00e1ficos est\u00e1ndar y su uso, haga clic en cualquiera de los siguientes tipos o en todos.<\/p>\n<p><a class=\"DropDown\" href=\"ToggleDiv('divExpCollAsst_1')\"><img decoding=\"async\" src=\"http:\/\/office.microsoft.com\/global\/images\/default.aspx?AssetID=ZA790050011033\" border=\"0\" alt=\"Ocultar\" \/>Gr\u00e1ficos de columnas<\/a><\/p>\n<div id=\"divExpCollAsst_1\" class=\"ACECollapsed\">\n<p>Un gr\u00e1fico de columnas muestra los cambios que han sufrido los datos en el transcurso de un per\u00edodo de tiempo determinado o ilustra las comparaciones entre elementos. Existen los siguientes subtipos de gr\u00e1ficos de columnas:<\/p>\n<ul>\n<li><strong>Columna agrupada<\/strong> Este tipo de gr\u00e1fico compara valores de distintas categor\u00edas. Tambi\u00e9n est\u00e1 disponible con un efecto visual 3-D. Como muestra el siguiente gr\u00e1fico, las categor\u00edas se organizan horizontalmente y los valores verticalmente, con el objeto de resaltar la variaci\u00f3n producida en el transcurso del tiempo.<img decoding=\"async\" src=\"http:\/\/office.microsoft.com\/global\/images\/default.aspx?AssetID=ZA010355123082\" border=\"0\" alt=\"Gr\u00e1fico de columnas\" \/><\/li>\n<li><strong>Columna apilada<\/strong> Este tipo de gr\u00e1fico muestra la relaci\u00f3n de elementos individuales con el todo, comparando la contribuci\u00f3n de cada valor al total de distintas categor\u00edas. Tambi\u00e9n se encuentra disponible con un efecto visual 3D.<\/li>\n<li><strong>Columna 100% apilada<\/strong> Este tipo de gr\u00e1fico compara el porcentaje que cada valor aporta al total de distintas categor\u00edas. Tambi\u00e9n se encuentra disponible con un efecto visual 3D.<\/li>\n<li><strong>Columnas 3D<\/strong> Este tipo de gr\u00e1fico compara <a class=\"glossary\" href=\"AppendPopup(this,'grdefDataPoints_1')\">puntos de datos<span class=\"AsstInlineDefText\">\n<div id=\"divInlineDef_grdefDataPoints_1\" class=\"ACICollapsed\">(puntos de datos: valores individuales trazados en un gr\u00e1fico y representados con barras, columnas, l\u00edneas, sectores, puntos y otras formas denominadas marcadores de datos. Los marcadores de datos del mismo color constituyen una serie de datos.)<\/div>\n<p><\/span><\/a> a lo largo de dos ejes. Por ejemplo, en el siguiente gr\u00e1fico 3-D podr\u00e1 comparar la evoluci\u00f3n de las ventas en Europa durante cuatro trimestres con el rendimiento de otros dos departamentos.<img decoding=\"async\" src=\"http:\/\/office.microsoft.com\/global\/images\/default.aspx?AssetID=ZA010355133082\" border=\"0\" alt=\"Gr\u00e1fico de columnas en perspectiva 3D\" \/><\/li>\n<\/ul>\n<\/div>\n<p><a class=\"DropDown\" href=\"ToggleDiv('divExpCollAsst_2')\"><img decoding=\"async\" src=\"http:\/\/office.microsoft.com\/global\/images\/default.aspx?AssetID=ZA790050011033\" border=\"0\" alt=\"Ocultar\" \/>Gr\u00e1ficos de barras<\/a><\/p>\n<div id=\"divExpCollAsst_2\" class=\"ACECollapsed\">\n<p>Los gr\u00e1ficos de barras ilustran comparaciones entre elementos individuales y cuentan con los siguientes subtipos:<\/p>\n<ul>\n<li><strong>Barra agrupada<\/strong> Este tipo de gr\u00e1fico compara valores de distintas categor\u00edas. Tambi\u00e9n est\u00e1 disponible con un efecto visual 3D. en el siguiente gr\u00e1fico, las categor\u00edas se organizan verticalmente y los valores horizontalmente, con el objeto de destacar la comparaci\u00f3n de valores.<img decoding=\"async\" src=\"http:\/\/office.microsoft.com\/global\/images\/default.aspx?AssetID=ZA010354363082\" border=\"0\" alt=\"Gr\u00e1fico de barras\" \/><\/li>\n<li><strong>Barra apilada <\/strong> Este tipo de gr\u00e1fico muestra la relaci\u00f3n de los elementos individuales con el todo. Tambi\u00e9n se encuentra disponible con un efecto visual 3D.<img decoding=\"async\" src=\"http:\/\/office.microsoft.com\/global\/images\/default.aspx?AssetID=ZA010354373082\" border=\"0\" alt=\"Gr\u00e1fico de barras apiladas\" \/><\/li>\n<li><strong>Barra 100% apilada<\/strong> Este tipo de gr\u00e1fico compara el porcentaje que cada valor aporta al total de distintas categor\u00edas. Tambi\u00e9n se encuentra disponible con un efecto visual 3D.<\/li>\n<\/ul>\n<\/div>\n<p><a class=\"DropDown\" href=\"ToggleDiv('divExpCollAsst_3')\"><img decoding=\"async\" src=\"http:\/\/office.microsoft.com\/global\/images\/default.aspx?AssetID=ZA790050011033\" border=\"0\" alt=\"Ocultar\" \/>Gr\u00e1ficos de l\u00edneas<\/a><\/p>\n<div id=\"divExpCollAsst_3\" class=\"ACECollapsed\">\n<p>Los gr\u00e1ficos de l\u00edneas muestran las tendencias en los datos a intervalos id\u00e9nticos y cuentan con los siguientes subtipos:<\/p>\n<ul>\n<li><strong>L\u00ednea<\/strong> Este tipo de gr\u00e1fico muestra tendencias a lo largo del tiempo o entre categor\u00edas. Tambi\u00e9n est\u00e1 disponible con marcadores en cada valor de datos.<img decoding=\"async\" src=\"http:\/\/office.microsoft.com\/global\/images\/default.aspx?AssetID=ZA010357043082\" border=\"0\" alt=\"Gr\u00e1fico de l\u00edneas\" \/><\/li>\n<li><strong>L\u00ednea apilada<\/strong> Este tipo de gr\u00e1fico presenta la tendencia del aporte de cada valor a lo largo del tiempo o entre categor\u00edas. Tambi\u00e9n est\u00e1 disponible con marcadores en cada valor de datos.<\/li>\n<li><strong>L\u00ednea 100% apilada<\/strong> Este tipo de gr\u00e1fico presenta la tendencia del aporte porcentual de cada valor en el tiempo o entre categor\u00edas. Tambi\u00e9n est\u00e1 disponible con marcadores en cada valor de datos.<\/li>\n<li><strong>L\u00edneas 3D<\/strong> Es un gr\u00e1fico de l\u00edneas con efecto visual 3D.<\/li>\n<\/ul>\n<\/div>\n<p><a class=\"DropDown\" href=\"ToggleDiv('divExpCollAsst_4')\"><img decoding=\"async\" src=\"http:\/\/office.microsoft.com\/global\/images\/default.aspx?AssetID=ZA790050011033\" border=\"0\" alt=\"Ocultar\" \/>Gr\u00e1ficos circulares<\/a><\/p>\n<div id=\"divExpCollAsst_4\" class=\"ACECollapsed\">\n<p>Los gr\u00e1ficos circulares muestran el tama\u00f1o proporcional de los elementos que conforman una <a class=\"glossary\" href=\"AppendPopup(this,'xldefDataSeries_2')\">serie de datos, <span class=\"AsstInlineDefText\"><\/p>\n<div id=\"divInlineDef_xldefDataSeries_2\" class=\"ACICollapsed\">(serie de datos: puntos de datos relacionados que se trazan en un gr\u00e1fico. Cada serie de datos de un gr\u00e1fico tiene una trama o color exclusivo y se representa en la leyenda del gr\u00e1fico. Puede trazar una o m\u00e1s series de datos en un gr\u00e1fico. Los gr\u00e1ficos circulares s\u00f3lo tienen una serie de datos.)<\/div>\n<p><\/span><\/a>en funci\u00f3n de la suma de los elementos. Siempre mostrar\u00e1 una \u00fanica serie de datos y es \u00fatil cuando se desea destacar un elemento significativo. Los gr\u00e1ficos circulares constan de los siguientes subtipos:<\/p>\n<ul>\n<li><strong>Circular<\/strong> Este tipo de gr\u00e1fico muestra la contribuci\u00f3n de cada valor al total. Tambi\u00e9n est\u00e1 disponible con efecto visual 3D, como muestra el siguiente gr\u00e1fico.<img decoding=\"async\" src=\"http:\/\/office.microsoft.com\/global\/images\/default.aspx?AssetID=ZA010357813082\" border=\"0\" alt=\"Gr\u00e1fico circular\" \/><\/li>\n<li><strong>Gr\u00e1fico circular seccionado<\/strong> Este tipo de gr\u00e1fico muestra la contribuci\u00f3n de cada valor al total enfatizando los valores individuales. Tambi\u00e9n se encuentra disponible con un efecto visual 3D.<\/li>\n<li><strong>Circular con subgr\u00e1fico circular<\/strong> Este gr\u00e1fico circular consta de valores definidos por el usuario combinados en un subgr\u00e1fico circular. Por ejemplo, para hacer m\u00e1s visibles los sectores peque\u00f1os, podr\u00e1 agruparlos como un solo elemento del gr\u00e1fico circular y, a continuaci\u00f3n, descomponer dicho elemento en otro gr\u00e1fico circular o de barras m\u00e1s peque\u00f1o situado junto al gr\u00e1fico principal.<img decoding=\"async\" src=\"http:\/\/office.microsoft.com\/global\/images\/default.aspx?AssetID=ZA010357823082\" border=\"0\" alt=\"Gr\u00e1fico circular con otro gr\u00e1fico circular m\u00e1s peque\u00f1o\" \/><\/li>\n<li><strong>Circular con subgr\u00e1fico de barras<\/strong> Gr\u00e1fico circular con valores definidos por el usuario combinados en un subgr\u00e1fico de barras.<\/li>\n<\/ul>\n<\/div>\n<p><a class=\"DropDown\" href=\"ToggleDiv('divExpCollAsst_5')\"><img decoding=\"async\" src=\"http:\/\/office.microsoft.com\/global\/images\/default.aspx?AssetID=ZA790050011033\" border=\"0\" alt=\"Ocultar\" \/>Gr\u00e1ficos XY (Dispersi\u00f3n)<\/a><\/p>\n<div id=\"divExpCollAsst_5\" class=\"ACECollapsed\">\n<p>Los gr\u00e1ficos XY (Dispersi\u00f3n) muestran la relaci\u00f3n entre los valores num\u00e9ricos de varias  <a class=\"glossary\" href=\"AppendPopup(this,'xldefDataSeries_3')\">serie de datos<span class=\"AsstInlineDefText\"><\/p>\n<div id=\"divInlineDef_xldefDataSeries_3\" class=\"ACICollapsed\">(serie de datos: puntos de datos relacionados que se trazan en un gr\u00e1fico. Cada serie de datos de un gr\u00e1fico tiene una trama o color exclusivo y se representa en la leyenda del gr\u00e1fico. Puede trazar una o m\u00e1s series de datos en un gr\u00e1fico. Los gr\u00e1ficos circulares s\u00f3lo tienen una serie de datos.)<\/div>\n<p><\/span><\/a> o trazan dos grupos de n\u00fameros como una \u00fanica serie de coordenadas XY. Este tipo de gr\u00e1fico se suele usar para datos cient\u00edficos y consta de los siguientes subtipos:<\/p>\n<ul>\n<li><strong>Dispersi\u00f3n<\/strong> Este gr\u00e1fico compara pares de valores, por ejemplo, el siguiente gr\u00e1fico de dispersi\u00f3n muestra intervalos desiguales (o cl\u00fasteres) de dos conjuntos de datos.<img decoding=\"async\" src=\"http:\/\/office.microsoft.com\/global\/images\/default.aspx?AssetID=ZA010358733082\" border=\"0\" alt=\"Gr\u00e1fico XY (Dispersi\u00f3n)\" \/>\n<p>Al organizar los datos de un gr\u00e1fico de dispersi\u00f3n, coloque los valores X en una fila o columna y, a continuaci\u00f3n, los valores Y correspondientes en las filas o columnas adyacentes.<\/p>\n<p><img decoding=\"async\" src=\"http:\/\/office.microsoft.com\/global\/images\/default.aspx?AssetID=ZA010358743082\" border=\"0\" alt=\"Datos que se van a representar en un gr\u00e1fico\" \/><\/li>\n<li><strong>Dispersi\u00f3n con puntos de datos conectados por l\u00edneas<\/strong> Este tipo de gr\u00e1fico se puede mostrar con o sin l\u00edneas de conexi\u00f3n rectas o suavizadas entre puntos de datos. Estas l\u00edneas pueden aparecer con o sin marcadores.<\/li>\n<\/ul>\n<\/div>\n<p><a class=\"DropDown\" href=\"ToggleDiv('divExpCollAsst_6')\"><img decoding=\"async\" src=\"http:\/\/office.microsoft.com\/global\/images\/default.aspx?AssetID=ZA790050011033\" border=\"0\" alt=\"Ocultar\" \/>Gr\u00e1ficos de \u00e1reas<\/a><\/p>\n<div id=\"divExpCollAsst_6\" class=\"ACECollapsed\">\n<p>Los gr\u00e1ficos de \u00e1rea destacan la magnitud de los cambios con el transcurso del tiempo. Existen los siguientes subtipos de gr\u00e1ficos de \u00e1reas:<\/p>\n<ul>\n<li><strong>\u00c1rea<\/strong> Este tipo de gr\u00e1fico muestra las tendencias de los valores a lo largo del tiempo o entre categor\u00edas. Tambi\u00e9n se encuentra disponible con un efecto visual 3D. Al mostrar la suma de los valores trazados, los gr\u00e1ficos de \u00e1reas tambi\u00e9n muestran la relaci\u00f3n de las partes con el todo. Por ejemplo, el siguiente gr\u00e1fico de \u00e1reas enfatiza el incremento de ventas en Washington e ilustra la aportaci\u00f3n de cada estado a las ventas totales.<img decoding=\"async\" src=\"http:\/\/office.microsoft.com\/global\/images\/default.aspx?AssetID=ZA010354263082\" border=\"0\" alt=\"Gr\u00e1fico de \u00e1reas\" \/><\/li>\n<li><strong>\u00c1rea apilada<\/strong> Este tipo de gr\u00e1fico presenta la tendencia del aporte de cada valor a lo largo del tiempo o entre categor\u00edas. Tambi\u00e9n se encuentra disponible con un efecto visual 3D.<\/li>\n<li><strong>\u00c1rea 100% apilada<\/strong> Este tipo de gr\u00e1fico presenta la tendencia del aporte porcentual de cada valor a lo largo del tiempo o entre categor\u00edas. Tambi\u00e9n se encuentra disponible con un efecto visual 3D.<\/li>\n<\/ul>\n<\/div>\n<p><a class=\"DropDown\" href=\"ToggleDiv('divExpCollAsst_7')\"><img decoding=\"async\" src=\"http:\/\/office.microsoft.com\/global\/images\/default.aspx?AssetID=ZA790050011033\" border=\"0\" alt=\"Ocultar\" \/>Gr\u00e1ficos de anillos<\/a><\/p>\n<div id=\"divExpCollAsst_7\" class=\"ACECollapsed\">\n<p>Al igual que un gr\u00e1fico circular, un gr\u00e1fico de anillos muestra la relaci\u00f3n de las partes con un todo, aunque puede contener m\u00e1s de una \u00fanica <a class=\"glossary\" href=\"AppendPopup(this,'xldefDataSeries_4')\">serie de datos<span class=\"AsstInlineDefText\"><\/p>\n<div id=\"divInlineDef_xldefDataSeries_4\" class=\"ACICollapsed\">(serie de datos: puntos de datos relacionados que se trazan en un gr\u00e1fico. Cada serie de datos de un gr\u00e1fico tiene una trama o color exclusivo y se representa en la leyenda del gr\u00e1fico. Puede trazar una o m\u00e1s series de datos en un gr\u00e1fico. Los gr\u00e1ficos circulares s\u00f3lo tienen una serie de datos.)<\/div>\n<p><\/span><\/a>. Existen los siguientes subtipos de gr\u00e1ficos de anillos:<\/p>\n<ul>\n<li><strong>Anillo<\/strong> Este tipo de gr\u00e1fico presenta los datos en anillos y cada anillo representa una serie de datos. Por ejemplo, en el siguiente gr\u00e1fico, el anillo interior representa la recaudaci\u00f3n tributaria por combustible y el anillo exterior representa la recaudaci\u00f3n tributaria por propiedades.<img decoding=\"async\" src=\"http:\/\/office.microsoft.com\/global\/images\/default.aspx?AssetID=ZA010355433082\" border=\"0\" alt=\"Gr\u00e1fico de anillos\" \/><\/li>\n<li><strong>Anillos seccionados<\/strong> Este gr\u00e1fico es similar a un gr\u00e1fico circular seccionado, pero puede contener m\u00e1s de una serie de datos.<\/li>\n<\/ul>\n<\/div>\n<p><a class=\"DropDown\" href=\"ToggleDiv('divExpCollAsst_8')\"><img decoding=\"async\" src=\"http:\/\/office.microsoft.com\/global\/images\/default.aspx?AssetID=ZA790050011033\" border=\"0\" alt=\"Ocultar\" \/>Gr\u00e1ficos radiales<\/a><\/p>\n<div id=\"divExpCollAsst_8\" class=\"ACECollapsed\">\n<p>Los gr\u00e1ficos radiales comparan los valores agregados de varias <a class=\"glossary\" href=\"AppendPopup(this,'xldefDataSeries_5')\">series de datos<span class=\"AsstInlineDefText\"><\/p>\n<div id=\"divInlineDef_xldefDataSeries_5\" class=\"ACICollapsed\">(serie de datos: puntos de datos relacionados que se trazan en un gr\u00e1fico. Cada serie de datos de un gr\u00e1fico tiene una trama o color exclusivo y se representa en la leyenda del gr\u00e1fico. Puede trazar una o m\u00e1s series de datos en un gr\u00e1fico. Los gr\u00e1ficos circulares s\u00f3lo tienen una serie de datos.)<\/div>\n<p><\/span><\/a>. Existen los siguientes subtipos de gr\u00e1ficos radiales:<\/p>\n<ul>\n<li><strong>Radial<\/strong> Los gr\u00e1ficos radiales muestran cambios de valores con relaci\u00f3n a un punto central. Pueden presentarse con marcadores en cada punto de datos. Por ejemplo, en el siguiente gr\u00e1fico radial, la serie de datos que abarca la mayor parte del \u00e1rea (Marca A), representa la marca con mayor contenido vitam\u00ednico.<img decoding=\"async\" src=\"http:\/\/office.microsoft.com\/global\/images\/default.aspx?AssetID=ZA010358453082\" border=\"0\" alt=\"Gr\u00e1fico radial\" \/><\/li>\n<li><strong>Radial relleno<\/strong> En este tipo de gr\u00e1ficos, el \u00e1rea cubierta por una serie de datos aparece rellena de un color.<\/li>\n<\/ul>\n<\/div>\n<p><a class=\"DropDown\" href=\"ToggleDiv('divExpCollAsst_9')\"><img decoding=\"async\" src=\"http:\/\/office.microsoft.com\/global\/images\/default.aspx?AssetID=ZA790050011033\" border=\"0\" alt=\"Ocultar\" \/>Gr\u00e1ficos de superficie<\/a><\/p>\n<div id=\"divExpCollAsst_9\" class=\"ACECollapsed\">\n<p>Los gr\u00e1ficos de superficie son \u00fatiles cuando se desea buscar las combinaciones \u00f3ptimas entre dos conjuntos de datos. Como en un mapa topogr\u00e1fico, los colores y los dise\u00f1os indican las \u00e1reas que se encuentran dentro del mismo rango de valores. Existen los siguientes subtipos de gr\u00e1ficos de superficie:<\/p>\n<ul>\n<li><strong>Superficie 3D<\/strong> Este tipo de gr\u00e1fico muestra tendencias de los valores en dos dimensiones a lo largo de una curva continua. Por ejemplo, el siguiente gr\u00e1fico de superficie muestra las diversas combinaciones de temperaturas y tiempos que dan como resultado la misma medida de resistencia a la tensi\u00f3n. Los colores de este gr\u00e1fico representan rangos de valores espec\u00edficos.<img decoding=\"async\" src=\"http:\/\/office.microsoft.com\/global\/images\/default.aspx?AssetID=ZA010359153082\" border=\"0\" alt=\"Gr\u00e1fico de superficie\" \/>\n<p>Cuando aparecen sin colorear, los gr\u00e1ficos de superficie 3D se denominan tramas de superficie 3D.<\/li>\n<li><strong>Contorno<\/strong> Es un gr\u00e1fico de superficie visto desde arriba, en el que los colores representan rangos de valores. Cuando aparece sin colorear, se denomina trama de contorno.<\/li>\n<\/ul>\n<\/div>\n<p><a class=\"DropDown\" href=\"ToggleDiv('divExpCollAsst_10')\"><img decoding=\"async\" src=\"http:\/\/office.microsoft.com\/global\/images\/default.aspx?AssetID=ZA790050011033\" border=\"0\" alt=\"Ocultar\" \/>Gr\u00e1ficos de burbujas<\/a><\/p>\n<div id=\"divExpCollAsst_10\" class=\"ACECollapsed\">\n<p>Un gr\u00e1fico de burbujas es un tipo de gr\u00e1fico XY (Dispersi\u00f3n), que compara series de tres valores y puede presentarse con efecto visual 3D. El tama\u00f1o de la burbuja o <a class=\"glossary\" href=\"AppendPopup(this,'xldefDataMarker_6')\">marcador de datos<span class=\"AsstInlineDefText\"><\/p>\n<div id=\"divInlineDef_xldefDataMarker_6\" class=\"ACICollapsed\">(marcador de datos: barra, \u00e1rea, punto, sector u otro s\u00edmbolo de un gr\u00e1fico que representa un \u00fanico punto de datos o valor que procede de una celda de una hoja de c\u00e1lculo. Los marcadores de datos relacionados en un gr\u00e1fico constituyen una serie de datos.)<\/div>\n<p><\/span><\/a> indica el valor de una tercera variable. Para organizar los datos, sit\u00fae los valores X en una fila o columna y, a continuaci\u00f3n, escriba los valores Y y los tama\u00f1os de burbuja en las fijas o columnas adyacentes. Por ejemplo, los datos se organizar\u00edan como se muestra en la siguiente imagen.<\/p>\n<p><img decoding=\"async\" src=\"http:\/\/office.microsoft.com\/global\/images\/default.aspx?AssetID=ZA010354503082\" border=\"0\" alt=\"Datos que se van a representar en un gr\u00e1fico\" \/><br \/>\nEste gr\u00e1fico de burbujas muestra que la Organizaci\u00f3n A tiene un mayor n\u00famero de productos y una mayor cuota de mercado, pero no el nivel de ventas m\u00e1s elevado.<\/p>\n<p><img decoding=\"async\" src=\"http:\/\/office.microsoft.com\/global\/images\/default.aspx?AssetID=ZA010354493082\" border=\"0\" alt=\"Gr\u00e1fico de burbujas\" \/><\/div>\n<p><a class=\"DropDown\" href=\"ToggleDiv('divExpCollAsst_11')\"><img decoding=\"async\" src=\"http:\/\/office.microsoft.com\/global\/images\/default.aspx?AssetID=ZA790050011033\" border=\"0\" alt=\"Ocultar\" \/>Gr\u00e1ficos de cotizaciones<\/a><\/p>\n<div id=\"divExpCollAsst_11\" class=\"ACECollapsed\">\n<p>Este tipo de gr\u00e1ficos suele utilizarse para ilustrar datos de cotizaci\u00f3n de acciones, aunque tambi\u00e9n se pueden utilizar para presentar datos cient\u00edficos, (por ejemplo, para indicar cambios de temperatura). Para crear gr\u00e1ficos de cotizaciones debe organizar los datos en el orden correcto.<\/p>\n<ul>\n<li><strong>M\u00e1ximos, m\u00ednimos, cierre<\/strong> El gr\u00e1fico de m\u00e1ximos, m\u00ednimos y cierre suele utilizarse para ilustrar la cotizaci\u00f3n de acciones. Se necesitan tres series de valores en el siguiente orden: m\u00e1ximos, m\u00ednimos y, por \u00faltimo, cierre.<img decoding=\"async\" src=\"http:\/\/office.microsoft.com\/global\/images\/default.aspx?AssetID=ZA010359103082\" border=\"0\" alt=\"Gr\u00e1fico de cotizaciones\" \/><\/li>\n<li><strong>Apertura, m\u00e1ximos, m\u00ednimos, cierre<\/strong> Este tipo de gr\u00e1fico requiere cuatro series de valores en el orden correcto (apertura, m\u00e1ximos, m\u00ednimos y cierre).<\/li>\n<li><strong>Volumen, m\u00e1ximos, m\u00ednimos, cierre<\/strong> Estos gr\u00e1ficos requieren cuatro series de valores en el orden correcto (volumen, m\u00e1ximos, m\u00ednimos y cierre). El siguiente gr\u00e1fico de cotizaciones mide el volumen mediante dos ejes de valores: uno para las columnas que miden el volumen, y otro para la cotizaci\u00f3n de las acciones.<img decoding=\"async\" src=\"http:\/\/office.microsoft.com\/global\/images\/default.aspx?AssetID=ZA010359093082\" border=\"0\" alt=\"Gr\u00e1fico de cotizaciones con dos ejes de valores\" \/><\/li>\n<li><strong>Volumen, apertura, m\u00e1ximos, m\u00ednimos, cierre<\/strong> Este tipo de gr\u00e1fico requiere cinco series de valores en el orden correcto (volumen, apertura, m\u00e1ximos, m\u00ednimos y cierre).<\/li>\n<\/ul>\n<\/div>\n<p><a class=\"DropDown\" href=\"ToggleDiv('divExpCollAsst_12')\"><img decoding=\"async\" src=\"http:\/\/office.microsoft.com\/global\/images\/default.aspx?AssetID=ZA790050011033\" border=\"0\" alt=\"Ocultar\" \/>Gr\u00e1ficos con marcadores en forma de cilindro, cono o pir\u00e1mide<\/a><\/p>\n<div id=\"divExpCollAsst_12\" class=\"ACECollapsed\">\n<p>Este tipo de gr\u00e1ficos utiliza marcadores en forma de cilindro, cono o pir\u00e1mide para dar a los gr\u00e1ficos de columnas, barras y columnas 3D un efecto espectacular. A igual que los gr\u00e1ficos de barras y columnas, los gr\u00e1ficos de cilindro, cono o pir\u00e1mide cuentan con los siguientes subtipos:<\/p>\n<ul>\n<li><strong>Columna, columna apilada y columna 100% apilada<\/strong> En esta clase de gr\u00e1ficos, las columnas se representan con formas cil\u00edndricas, c\u00f3nicas o piramidales.<img decoding=\"async\" src=\"http:\/\/office.microsoft.com\/global\/images\/default.aspx?AssetID=ZA010358423082\" border=\"0\" alt=\"Gr\u00e1fico de columnas 3D con marcadores de datos piramidales\" \/><\/li>\n<li><strong>Barra, barra apilada y barra 100% apilada<\/strong> En estos gr\u00e1ficos las barras se representan con formas cil\u00edndricas, c\u00f3nicas o piramidales.<img decoding=\"async\" src=\"http:\/\/office.microsoft.com\/global\/images\/default.aspx?AssetID=ZA010355303082\" border=\"0\" alt=\"Gr\u00e1fico de barras 3D con marcadores de datos cil\u00edndricos\" \/><\/li>\n<li><strong>Columnas 3D<\/strong> En estos gr\u00e1ficos, las columnas 3D se representan con formas cil\u00edndricas, c\u00f3nicas o piramidales.<\/li>\n<\/ul>\n<\/div>\n","protected":false},"excerpt":{"rendered":"<p>Microsoft Excel admite muchos tipos de gr\u00e1ficos que le ayudar\u00e1n a mostrar los datos a la audiencia de forma m\u00e1s significativa. Cuando utilice el Asistente para gr\u00e1ficos para crear un gr\u00e1fico, o el comando Tipo de gr\u00e1fico para modificar un gr\u00e1fico existente, puede seleccionar con facilidad el tipo de gr\u00e1fico que desee de una lista [&hellip;]<\/p>\n","protected":false},"author":1934,"featured_media":0,"parent":0,"menu_order":0,"comment_status":"open","ping_status":"open","template":"","meta":{"footnotes":""},"class_list":["post-96","page","type-page","status-publish","hentry"],"_links":{"self":[{"href":"https:\/\/blog.espol.edu.ec\/cari22\/wp-json\/wp\/v2\/pages\/96","targetHints":{"allow":["GET"]}}],"collection":[{"href":"https:\/\/blog.espol.edu.ec\/cari22\/wp-json\/wp\/v2\/pages"}],"about":[{"href":"https:\/\/blog.espol.edu.ec\/cari22\/wp-json\/wp\/v2\/types\/page"}],"author":[{"embeddable":true,"href":"https:\/\/blog.espol.edu.ec\/cari22\/wp-json\/wp\/v2\/users\/1934"}],"replies":[{"embeddable":true,"href":"https:\/\/blog.espol.edu.ec\/cari22\/wp-json\/wp\/v2\/comments?post=96"}],"version-history":[{"count":11,"href":"https:\/\/blog.espol.edu.ec\/cari22\/wp-json\/wp\/v2\/pages\/96\/revisions"}],"predecessor-version":[{"id":99,"href":"https:\/\/blog.espol.edu.ec\/cari22\/wp-json\/wp\/v2\/pages\/96\/revisions\/99"}],"wp:attachment":[{"href":"https:\/\/blog.espol.edu.ec\/cari22\/wp-json\/wp\/v2\/media?parent=96"}],"curies":[{"name":"wp","href":"https:\/\/api.w.org\/{rel}","templated":true}]}}