{"id":98,"date":"2009-08-28T22:30:23","date_gmt":"2009-08-29T02:30:23","guid":{"rendered":"http:\/\/blog.espol.edu.ec\/carlospilozo\/?page_id=98"},"modified":"2009-08-29T00:42:08","modified_gmt":"2009-08-29T04:42:08","slug":"razon-del-blog","status":"publish","type":"page","link":"https:\/\/blog.espol.edu.ec\/carlospilozo\/razon-del-blog\/","title":{"rendered":"Porque hablo sobre rock en mi blog?"},"content":{"rendered":"<p class=\"MsoNormal\"><!--[if gte mso 9]&gt;  Normal 0   21   false false false  ES X-NONE X-NONE              MicrosoftInternetExplorer4              &lt;![endif]--><!--[if gte mso 9]&gt;                                                                                                                                            &lt;![endif]--> <span lang=\"ES-EC\">Bueno, <span> <\/span>la raz\u00f3n principal por la que decid\u00ed escribir sobre m\u00fasica rock es porque he desarrollado un gusto hacia ese g\u00e9nero y quisiera compartir mis preferencias con las dem\u00e1s personas de la red. <span> <\/span>En mi blog me he centrado en las bandas de finales de los <span> <\/span>60 y comienzos de los 70 debido a que fue la \u00e9poca del boom de las bandas y a la situaci\u00f3n pol\u00edtica convulsionante que hizo de contexto a su producci\u00f3n musical. La \u00e9poca hippie marc\u00f3 un paradigma para la juventud, los conceptos de hedonismo y de activismo por los derechos civiles y ciudadanos crearon un per\u00edodo de contradicciones en donde la m\u00fasica popular era un elemento de unidad de un juvenilismo desencantado con las pol\u00edticas de sus estados imperialistas y opresores. <\/span><\/p>\n<p class=\"MsoNormal\"><span lang=\"ES-EC\"><a href=\"http:\/\/blog.espol.edu.ec\/carlospilozo\/files\/2009\/08\/jimi-hendrix-y-brian-jones.jpg\"><img loading=\"lazy\" decoding=\"async\" class=\"aligncenter size-full wp-image-99\" src=\"http:\/\/blog.espol.edu.ec\/carlospilozo\/files\/2009\/08\/jimi-hendrix-y-brian-jones.jpg\" alt=\"jimi-hendrix-y-brian-jones\" width=\"500\" height=\"375\" srcset=\"https:\/\/blog.espol.edu.ec\/carlospilozo\/files\/2009\/08\/jimi-hendrix-y-brian-jones.jpg 500w, https:\/\/blog.espol.edu.ec\/carlospilozo\/files\/2009\/08\/jimi-hendrix-y-brian-jones-300x225.jpg 300w\" sizes=\"auto, (max-width: 500px) 100vw, 500px\" \/><\/a><br \/>\n<\/span><\/p>\n","protected":false},"excerpt":{"rendered":"<p>Bueno, la raz\u00f3n principal por la que decid\u00ed escribir sobre m\u00fasica rock es porque he desarrollado un gusto hacia ese g\u00e9nero y quisiera compartir mis preferencias con las dem\u00e1s personas de la red. En mi blog me he centrado en las bandas de finales de los 60 y comienzos de los 70 debido a que [&hellip;]<\/p>\n","protected":false},"author":1849,"featured_media":0,"parent":0,"menu_order":0,"comment_status":"open","ping_status":"open","template":"","meta":{"footnotes":""},"class_list":["post-98","page","type-page","status-publish","hentry"],"_links":{"self":[{"href":"https:\/\/blog.espol.edu.ec\/carlospilozo\/wp-json\/wp\/v2\/pages\/98","targetHints":{"allow":["GET"]}}],"collection":[{"href":"https:\/\/blog.espol.edu.ec\/carlospilozo\/wp-json\/wp\/v2\/pages"}],"about":[{"href":"https:\/\/blog.espol.edu.ec\/carlospilozo\/wp-json\/wp\/v2\/types\/page"}],"author":[{"embeddable":true,"href":"https:\/\/blog.espol.edu.ec\/carlospilozo\/wp-json\/wp\/v2\/users\/1849"}],"replies":[{"embeddable":true,"href":"https:\/\/blog.espol.edu.ec\/carlospilozo\/wp-json\/wp\/v2\/comments?post=98"}],"version-history":[{"count":4,"href":"https:\/\/blog.espol.edu.ec\/carlospilozo\/wp-json\/wp\/v2\/pages\/98\/revisions"}],"predecessor-version":[{"id":102,"href":"https:\/\/blog.espol.edu.ec\/carlospilozo\/wp-json\/wp\/v2\/pages\/98\/revisions\/102"}],"wp:attachment":[{"href":"https:\/\/blog.espol.edu.ec\/carlospilozo\/wp-json\/wp\/v2\/media?parent=98"}],"curies":[{"name":"wp","href":"https:\/\/api.w.org\/{rel}","templated":true}]}}