{"id":27,"date":"2010-11-04T00:39:11","date_gmt":"2010-11-04T00:39:11","guid":{"rendered":"http:\/\/blog.espol.edu.ec\/carochacha\/?page_id=27"},"modified":"2010-11-06T01:18:19","modified_gmt":"2010-11-06T01:18:19","slug":"puntos-turisticos-region-costa","status":"publish","type":"page","link":"https:\/\/blog.espol.edu.ec\/carochacha\/puntos-turisticos-region-costa\/","title":{"rendered":"Puntos turisticos region costa"},"content":{"rendered":"<div><span style=\"font-family: Arial;font-size: x-small\"> <\/span><\/div>\n<p><span style=\"font-family: Arial;font-size: x-small\"> <\/span><\/p>\n<p class=\"wp-caption-dt\">\n<p><img loading=\"lazy\" decoding=\"async\" class=\"alignnone size-medium wp-image-70\" title=\"COSTA\" src=\"http:\/\/blog.espol.edu.ec\/carochacha\/files\/2010\/11\/COSTA-300x201.jpg\" alt=\"\" width=\"300\" height=\"201\" srcset=\"https:\/\/blog.espol.edu.ec\/carochacha\/files\/2010\/11\/COSTA-300x201.jpg 300w, https:\/\/blog.espol.edu.ec\/carochacha\/files\/2010\/11\/COSTA.jpg 461w\" sizes=\"auto, (max-width: 300px) 100vw, 300px\" \/><\/p>\n<p><span style=\"font-family: Arial;font-size: x-small\">La regi\u00f3n de la costa ecuatoriana es m\u00e1s que hermosas playas de aguas c\u00e1lidas todo el a\u00f1o; es la tierra de los <a href=\"http:\/\/www.ccondem.org.ec\/boletin.php?c=953\" target=\"_self\">manglares<\/a> m\u00e1s altos del mundo\u00a0 y una de las particulares bellezas de Ecuador.<\/span><\/p>\n<p><span style=\"font-family: Arial;font-size: x-small\">Durante Septiembre, las ballenas pueden ser vistas cerca del <a href=\"http:\/\/www.explored.com.ec\/ecuador\/guia\/costa\/machdes.htm\" target=\"_self\">Parque Nacional Machalilla<\/a>. La Plata, una peque\u00f1a isla similar a algunos islotes de las Gal\u00e1pagos, es parte de \u00e9ste parque. Esta zona es perfecta para la observaci\u00f3n de aves y brinda magn\u00edficas experiencias en buceo.<\/span><\/p>\n<div><span style=\"font-family: Arial;font-size: x-small\"> <\/span><\/div>\n<p><span style=\"font-family: Arial;font-size: x-small\"> <\/span><\/p>\n<div id=\"attachment_137\" style=\"width: 140px\" class=\"wp-caption aligncenter\"><a href=\"http:\/\/blog.espol.edu.ec\/carochacha\/files\/2010\/11\/buceo-v.jpg\"><img loading=\"lazy\" decoding=\"async\" aria-describedby=\"caption-attachment-137\" class=\"size-full wp-image-137\" title=\"buceo \" src=\"http:\/\/blog.espol.edu.ec\/carochacha\/files\/2010\/11\/buceo-v.jpg\" alt=\"\" width=\"130\" height=\"87\" \/><\/a><p id=\"caption-attachment-137\" class=\"wp-caption-text\">buceo<\/p><\/div>\n<p><span style=\"font-family: Arial;font-size: x-small\">Sin embargo, Machalilla no es el \u00fanico atractivo de nuestra costa. Viajar\u00a0 a lo largo de la misma le ofrece la oportunidad de visitar sitios arqueol\u00f3gicos de culturas pre-colombinas como: Las Vegas una de las culturas m\u00e1s antiguas de Am\u00e9rica (14.000 a\u00f1os AC),Valdivia, Machalilla, Chorrera, Guangala, Jama Coaque, Tolita, entre otras. El pasado se mezcla con el presente, viviendo en las tradiciones de las comunidades ind\u00edgenas; los Chachis y Awa son una parte\u00a0 de ellas.<\/span><\/p>\n<p><span style=\"font-family: Arial;font-size: x-small\">Ubicadas al oeste de los <a href=\"http:\/\/es.wikipedia.org\/wiki\/Cordillera_de_los_Andes\" target=\"_self\">Andes<\/a>, una gran variedad de frutas tropicales como la papaya, el maracuy\u00e1, la guaba, el mel\u00f3n, la sandia, el mango, tamarindo, guan\u00e1bana, naranjilla, pepino dulce y muchos m\u00e1s, son cultivados o crecen libremente\u00a0 en los campos de la costa. Sus tierras son el centro de grandes plantaciones de bananas, caf\u00e9, cacao, palma africana y arroz. Pero no solo su tierra es rica,\u00a0 los productos del mar como los camarones y el at\u00fan tambi\u00e9n forman parte de nuestros principales productos de exportaci\u00f3n.<\/span><\/p>\n<p><span style=\"font-family: Arial;font-size: x-small\">La costa ecuatoriana posee\u00a0 una gastronom\u00eda envidiable. Sus platos son una muestra de la deliciosa y fresca comida coste\u00f1a. En definitiva este ambiente tropical es m\u00e1s\u00a0 que descanso, diversi\u00f3n, aventura, paisaje, naturaleza y cultura. \u00c9sta regi\u00f3n del Ecuador es un lugar que vale la pena visitar.\u00a0\u00a0<a href=\"http:\/\/blog.espol.edu.ec\/carochacha\/files\/2010\/11\/BARCO.jpg\"><img loading=\"lazy\" decoding=\"async\" class=\"alignnone size-medium wp-image-68\" title=\"BARCO\" src=\"http:\/\/blog.espol.edu.ec\/carochacha\/files\/2010\/11\/BARCO-300x210.jpg\" alt=\"\" width=\"300\" height=\"210\" srcset=\"https:\/\/blog.espol.edu.ec\/carochacha\/files\/2010\/11\/BARCO-300x210.jpg 300w, https:\/\/blog.espol.edu.ec\/carochacha\/files\/2010\/11\/BARCO.jpg 480w\" sizes=\"auto, (max-width: 300px) 100vw, 300px\" \/><\/a><\/span><\/p>\n<p><span style=\"font-family: Arial;font-size: x-small\"> <\/span><\/p>\n<div><span style=\"font-family: Arial;font-size: x-small\"> <\/span><\/div>\n<p><span style=\"font-family: Arial;font-size: x-small\"> <\/span><\/p>\n<div id=\"attachment_135\" style=\"width: 149px\" class=\"wp-caption alignnone\"><a href=\"http:\/\/blog.espol.edu.ec\/carochacha\/files\/2010\/11\/shjj.jpg\"><img loading=\"lazy\" decoding=\"async\" aria-describedby=\"caption-attachment-135\" class=\"size-full wp-image-135\" title=\"shjj\" src=\"http:\/\/blog.espol.edu.ec\/carochacha\/files\/2010\/11\/shjj.jpg\" alt=\"\" width=\"139\" height=\"104\" \/><\/a><p id=\"caption-attachment-135\" class=\"wp-caption-text\">puesta de sol<\/p><\/div>\n<p><object width=\"640\" height=\"385\"><param name=\"movie\" value=\"http:\/\/www.youtube.com\/v\/0BZ-CMZyL6g?fs=1&amp;hl=es_ES\"><\/param><param name=\"allowFullScreen\" value=\"true\"><\/param><param name=\"allowscriptaccess\" value=\"always\"><\/param><embed src=\"http:\/\/www.youtube.com\/v\/0BZ-CMZyL6g?fs=1&amp;hl=es_ES\" type=\"application\/x-shockwave-flash\" allowscriptaccess=\"always\" allowfullscreen=\"true\" width=\"640\" height=\"385\"><\/embed><\/object><\/p>\n<p>Los lugares mas visitados en la region costa son nuestras playas, ya que en ellas podemos encontrar lugares donde comprar artesanias, comida tipica y muchas cosas mas.<\/p>\n<p>Tambien puedes practicar una gran variedad de deportes como por ejemplo el lugar mas solicitado a la hora de surfear es monta\u00f1itas, muchas personas tambien practican buceo en especial en galapagos, otras persona gustan por jugar bolleyball,natacion etc.<\/p>\n<div id=\"attachment_136\" style=\"width: 150px\" class=\"wp-caption alignnone\"><a href=\"http:\/\/blog.espol.edu.ec\/carochacha\/files\/2010\/11\/fgfdg.jpg\"><img loading=\"lazy\" decoding=\"async\" aria-describedby=\"caption-attachment-136\" class=\"size-full wp-image-136\" title=\"fgfdg\" src=\"http:\/\/blog.espol.edu.ec\/carochacha\/files\/2010\/11\/fgfdg.jpg\" alt=\"\" width=\"140\" height=\"93\" \/><\/a><p id=\"caption-attachment-136\" class=\"wp-caption-text\">surffing<\/p><\/div>\n<div id=\"attachment_141\" style=\"width: 145px\" class=\"wp-caption alignnone\"><a href=\"http:\/\/blog.espol.edu.ec\/carochacha\/files\/2010\/11\/buceo1.jpg\"><img loading=\"lazy\" decoding=\"async\" aria-describedby=\"caption-attachment-141\" class=\"size-full wp-image-141\" title=\"buceo\" src=\"http:\/\/blog.espol.edu.ec\/carochacha\/files\/2010\/11\/buceo1.jpg\" alt=\"\" width=\"135\" height=\"128\" \/><\/a><p id=\"caption-attachment-141\" class=\"wp-caption-text\">buceo<\/p><\/div>\n<p><a href=\"http:\/\/blog.espol.edu.ec\/carochacha\/files\/2010\/11\/fgjhjy1.jpg\"><img loading=\"lazy\" decoding=\"async\" class=\"alignnone size-full wp-image-143\" title=\"fgjhjy\" src=\"http:\/\/blog.espol.edu.ec\/carochacha\/files\/2010\/11\/fgjhjy1.jpg\" alt=\"\" width=\"123\" height=\"92\" \/><\/a><\/p>\n<div id=\"attachment_144\" style=\"width: 145px\" class=\"wp-caption alignnone\"><a href=\"http:\/\/blog.espol.edu.ec\/carochacha\/files\/2010\/11\/dgrgytry.jpg\"><img loading=\"lazy\" decoding=\"async\" aria-describedby=\"caption-attachment-144\" class=\"size-full wp-image-144\" title=\"dgrgytry\" src=\"http:\/\/blog.espol.edu.ec\/carochacha\/files\/2010\/11\/dgrgytry.jpg\" alt=\"\" width=\"135\" height=\"101\" \/><\/a><p id=\"caption-attachment-144\" class=\"wp-caption-text\">volleyball playero<\/p><\/div>\n<p><span style=\"font-family: Arial;font-size: x-small\"> <\/span><\/p>\n","protected":false},"excerpt":{"rendered":"<p>La regi\u00f3n de la costa ecuatoriana es m\u00e1s que hermosas playas de aguas c\u00e1lidas todo el a\u00f1o; es la tierra de los manglares m\u00e1s altos del mundo\u00a0 y una de las particulares bellezas de Ecuador. Durante Septiembre, las ballenas pueden ser vistas cerca del Parque Nacional Machalilla. La Plata, una peque\u00f1a isla similar a algunos [&hellip;]<\/p>\n","protected":false},"author":5188,"featured_media":0,"parent":0,"menu_order":0,"comment_status":"open","ping_status":"open","template":"","meta":{"footnotes":""},"class_list":["post-27","page","type-page","status-publish","hentry"],"_links":{"self":[{"href":"https:\/\/blog.espol.edu.ec\/carochacha\/wp-json\/wp\/v2\/pages\/27","targetHints":{"allow":["GET"]}}],"collection":[{"href":"https:\/\/blog.espol.edu.ec\/carochacha\/wp-json\/wp\/v2\/pages"}],"about":[{"href":"https:\/\/blog.espol.edu.ec\/carochacha\/wp-json\/wp\/v2\/types\/page"}],"author":[{"embeddable":true,"href":"https:\/\/blog.espol.edu.ec\/carochacha\/wp-json\/wp\/v2\/users\/5188"}],"replies":[{"embeddable":true,"href":"https:\/\/blog.espol.edu.ec\/carochacha\/wp-json\/wp\/v2\/comments?post=27"}],"version-history":[{"count":11,"href":"https:\/\/blog.espol.edu.ec\/carochacha\/wp-json\/wp\/v2\/pages\/27\/revisions"}],"predecessor-version":[{"id":176,"href":"https:\/\/blog.espol.edu.ec\/carochacha\/wp-json\/wp\/v2\/pages\/27\/revisions\/176"}],"wp:attachment":[{"href":"https:\/\/blog.espol.edu.ec\/carochacha\/wp-json\/wp\/v2\/media?parent=27"}],"curies":[{"name":"wp","href":"https:\/\/api.w.org\/{rel}","templated":true}]}}