{"id":33,"date":"2010-11-04T00:53:31","date_gmt":"2010-11-04T00:53:31","guid":{"rendered":"http:\/\/blog.espol.edu.ec\/carochacha\/?page_id=33"},"modified":"2010-11-06T00:41:51","modified_gmt":"2010-11-06T00:41:51","slug":"puntos-turisticos-en-la-region-amazonica","status":"publish","type":"page","link":"https:\/\/blog.espol.edu.ec\/carochacha\/puntos-turisticos-en-la-region-amazonica\/","title":{"rendered":"Puntos turisticos en la region amazonica"},"content":{"rendered":"<p>La <strong>Regi\u00f3n Amaz\u00f3nica del Ecuador<\/strong> es una de las cuatro regiones naturales de dicha naci\u00f3n. Comprende las provincias de Orellana, pastaza, Napo, Sucumb\u00edos, Morona Santiago, Zamora Chinchipe. Se extiende sobre un \u00e1rea de 120.000 km\u00b2 de exuberante vegetaci\u00f3n, propia de los bosques h\u00famedo-tropicales. Sus l\u00edmites est\u00e1n marcados por la Cordillera de los Andes en la parte occidental de esta regi\u00f3n, mientras que\u00a0Peru y\u00a0Colombia el l\u00edmite meridional y oriental, respectivamente.<\/p>\n<p><a href=\"http:\/\/blog.espol.edu.ec\/carochacha\/files\/2010\/11\/ORELLANA.jpg\"><img loading=\"lazy\" decoding=\"async\" class=\"alignnone size-full wp-image-63\" title=\"ORELLANA\" src=\"http:\/\/blog.espol.edu.ec\/carochacha\/files\/2010\/11\/ORELLANA.jpg\" alt=\"\" width=\"256\" height=\"192\" \/><\/a><\/p>\n<p><object classid=\"clsid:d27cdb6e-ae6d-11cf-96b8-444553540000\" width=\"640\" height=\"385\"><param name=\"allowFullScreen\" value=\"true\" \/><param name=\"allowscriptaccess\" value=\"always\" \/><param name=\"src\" value=\"http:\/\/www.youtube.com\/v\/x-M632QC7Cw?fs=1&amp;hl=es_ES\" \/><param name=\"allowfullscreen\" value=\"true\" \/><embed type=\"application\/x-shockwave-flash\" width=\"640\" height=\"385\" src=\"http:\/\/www.youtube.com\/v\/x-M632QC7Cw?fs=1&amp;hl=es_ES\" allowscriptaccess=\"always\" allowfullscreen=\"true\"><\/embed><\/object><\/p>\n<p><a href=\"http:\/\/blog.espol.edu.ec\/carochacha\/files\/2010\/11\/AMAZONIA.jpg\"><img loading=\"lazy\" decoding=\"async\" class=\"alignnone size-full wp-image-164\" title=\"AMAZONIA\" src=\"http:\/\/blog.espol.edu.ec\/carochacha\/files\/2010\/11\/AMAZONIA.jpg\" alt=\"\" width=\"223\" height=\"167\" \/><\/a><\/p>\n<p><a href=\"http:\/\/blog.espol.edu.ec\/carochacha\/files\/2010\/11\/FGH.jpg\"><img loading=\"lazy\" decoding=\"async\" class=\"alignnone size-full wp-image-165\" title=\"FGH\" src=\"http:\/\/blog.espol.edu.ec\/carochacha\/files\/2010\/11\/FGH.jpg\" alt=\"\" width=\"223\" height=\"167\" \/><\/a><\/p>\n<p><object width=\"480\" height=\"385\"><param name=\"movie\" value=\"http:\/\/www.youtube.com\/v\/Uqh324qJTSQ?fs=1&amp;hl=es_ES\"><\/param><param name=\"allowFullScreen\" value=\"true\"><\/param><param name=\"allowscriptaccess\" value=\"always\"><\/param><embed src=\"http:\/\/www.youtube.com\/v\/Uqh324qJTSQ?fs=1&amp;hl=es_ES\" type=\"application\/x-shockwave-flash\" allowscriptaccess=\"always\" allowfullscreen=\"true\" width=\"480\" height=\"385\"><\/embed><\/object><\/p>\n","protected":false},"excerpt":{"rendered":"<p>La Regi\u00f3n Amaz\u00f3nica del Ecuador es una de las cuatro regiones naturales de dicha naci\u00f3n. Comprende las provincias de Orellana, pastaza, Napo, Sucumb\u00edos, Morona Santiago, Zamora Chinchipe. Se extiende sobre un \u00e1rea de 120.000 km\u00b2 de exuberante vegetaci\u00f3n, propia de los bosques h\u00famedo-tropicales. Sus l\u00edmites est\u00e1n marcados por la Cordillera de los Andes en la [&hellip;]<\/p>\n","protected":false},"author":5188,"featured_media":0,"parent":0,"menu_order":0,"comment_status":"open","ping_status":"open","template":"","meta":{"footnotes":""},"class_list":["post-33","page","type-page","status-publish","hentry"],"_links":{"self":[{"href":"https:\/\/blog.espol.edu.ec\/carochacha\/wp-json\/wp\/v2\/pages\/33","targetHints":{"allow":["GET"]}}],"collection":[{"href":"https:\/\/blog.espol.edu.ec\/carochacha\/wp-json\/wp\/v2\/pages"}],"about":[{"href":"https:\/\/blog.espol.edu.ec\/carochacha\/wp-json\/wp\/v2\/types\/page"}],"author":[{"embeddable":true,"href":"https:\/\/blog.espol.edu.ec\/carochacha\/wp-json\/wp\/v2\/users\/5188"}],"replies":[{"embeddable":true,"href":"https:\/\/blog.espol.edu.ec\/carochacha\/wp-json\/wp\/v2\/comments?post=33"}],"version-history":[{"count":7,"href":"https:\/\/blog.espol.edu.ec\/carochacha\/wp-json\/wp\/v2\/pages\/33\/revisions"}],"predecessor-version":[{"id":167,"href":"https:\/\/blog.espol.edu.ec\/carochacha\/wp-json\/wp\/v2\/pages\/33\/revisions\/167"}],"wp:attachment":[{"href":"https:\/\/blog.espol.edu.ec\/carochacha\/wp-json\/wp\/v2\/media?parent=33"}],"curies":[{"name":"wp","href":"https:\/\/api.w.org\/{rel}","templated":true}]}}