{"id":36,"date":"2010-11-04T00:56:07","date_gmt":"2010-11-04T00:56:07","guid":{"rendered":"http:\/\/blog.espol.edu.ec\/carochacha\/?page_id=36"},"modified":"2010-11-04T01:44:42","modified_gmt":"2010-11-04T01:44:42","slug":"nuestras-islas-encantadas","status":"publish","type":"page","link":"https:\/\/blog.espol.edu.ec\/carochacha\/nuestras-islas-encantadas\/","title":{"rendered":"Nuestras islas encantadas"},"content":{"rendered":"<p>El archipi\u00e9lago de las Islas Gal\u00e1pagos es una herencia \u00fanica del mundo. Situado en el Ecuador unas 600 millas de la costa de Suram\u00e9rica, este archipi\u00e9lago volc\u00e1nico alejado hace mill\u00f3nes de a\u00f1os. Sobre el curso de siglos, la fauna y flora de las islas de Am\u00e9ricas alcanz\u00f3 un desarroll\u00f3 gradualmente en nuevas formas. Muchas de sus especies que no se encuentran ninguna otra parte de la tierra. Cada una de las islas del archipi\u00e9lago tiene su propio car\u00e1cter y calidades \u00fanicas. Por ejemplo, Santa Cruz la Isla apoya una de las poblaciones humanas m\u00e1s grandes de las cinco islas. Aproximadamente 4,000 residentes son distribuidos entre las comunidades de ganado en las tierras altas lozanas y la ciudad costera de Puerto Ayora. Aqu\u00ed usted puede visitar la Estaci\u00f3n de Investigaci\u00f3n de Carlos Darwin para ver las tortugas de tierra, o Galapagos, que una vez el saludo de Darwin tan pl\u00e1cidamente.<\/p>\n<p>La Espa\u00f1ola es una de las m\u00e1s viejas de las islas. Es peque\u00f1a y plana, sin cr\u00e1ter volc\u00e1nico. La bah\u00eda de Gardner este ofrece la mayor\u00eda de la playa magn\u00edfica. Es utilizada por una colonia transitoria de los leones de mar, y es un sitio de nesting importante para las tortugas marinas.<\/p>\n<p><a href=\"http:\/\/blog.espol.edu.ec\/carochacha\/files\/2010\/11\/GALAPAGOS.jpg\"><img loading=\"lazy\" decoding=\"async\" class=\"alignnone size-full wp-image-59\" title=\"GALAPAGOS\" src=\"http:\/\/blog.espol.edu.ec\/carochacha\/files\/2010\/11\/GALAPAGOS.jpg\" alt=\"\" width=\"239\" height=\"155\" \/><\/a><\/p>\n<p><a href=\"http:\/\/blog.espol.edu.ec\/carochacha\/files\/2010\/11\/GALA.jpg\"><img loading=\"lazy\" decoding=\"async\" class=\"alignnone size-medium wp-image-60\" title=\"GALAPAGOS\" src=\"http:\/\/blog.espol.edu.ec\/carochacha\/files\/2010\/11\/GALA-300x196.jpg\" alt=\"\" width=\"300\" height=\"196\" srcset=\"https:\/\/blog.espol.edu.ec\/carochacha\/files\/2010\/11\/GALA-300x196.jpg 300w, https:\/\/blog.espol.edu.ec\/carochacha\/files\/2010\/11\/GALA.jpg 457w\" sizes=\"auto, (max-width: 300px) 100vw, 300px\" \/><\/a><\/p>\n","protected":false},"excerpt":{"rendered":"<p>El archipi\u00e9lago de las Islas Gal\u00e1pagos es una herencia \u00fanica del mundo. Situado en el Ecuador unas 600 millas de la costa de Suram\u00e9rica, este archipi\u00e9lago volc\u00e1nico alejado hace mill\u00f3nes de a\u00f1os. Sobre el curso de siglos, la fauna y flora de las islas de Am\u00e9ricas alcanz\u00f3 un desarroll\u00f3 gradualmente en nuevas formas. Muchas de [&hellip;]<\/p>\n","protected":false},"author":5188,"featured_media":0,"parent":0,"menu_order":0,"comment_status":"open","ping_status":"open","template":"","meta":{"footnotes":""},"class_list":["post-36","page","type-page","status-publish","hentry"],"_links":{"self":[{"href":"https:\/\/blog.espol.edu.ec\/carochacha\/wp-json\/wp\/v2\/pages\/36","targetHints":{"allow":["GET"]}}],"collection":[{"href":"https:\/\/blog.espol.edu.ec\/carochacha\/wp-json\/wp\/v2\/pages"}],"about":[{"href":"https:\/\/blog.espol.edu.ec\/carochacha\/wp-json\/wp\/v2\/types\/page"}],"author":[{"embeddable":true,"href":"https:\/\/blog.espol.edu.ec\/carochacha\/wp-json\/wp\/v2\/users\/5188"}],"replies":[{"embeddable":true,"href":"https:\/\/blog.espol.edu.ec\/carochacha\/wp-json\/wp\/v2\/comments?post=36"}],"version-history":[{"count":3,"href":"https:\/\/blog.espol.edu.ec\/carochacha\/wp-json\/wp\/v2\/pages\/36\/revisions"}],"predecessor-version":[{"id":61,"href":"https:\/\/blog.espol.edu.ec\/carochacha\/wp-json\/wp\/v2\/pages\/36\/revisions\/61"}],"wp:attachment":[{"href":"https:\/\/blog.espol.edu.ec\/carochacha\/wp-json\/wp\/v2\/media?parent=36"}],"curies":[{"name":"wp","href":"https:\/\/api.w.org\/{rel}","templated":true}]}}