{"id":6,"date":"2010-10-13T17:33:38","date_gmt":"2010-10-13T17:33:38","guid":{"rendered":"http:\/\/blog.espol.edu.ec\/carochacha\/?page_id=6"},"modified":"2010-11-04T01:43:05","modified_gmt":"2010-11-04T01:43:05","slug":"contaminacion-ambiental","status":"publish","type":"page","link":"https:\/\/blog.espol.edu.ec\/carochacha\/contaminacion-ambiental\/","title":{"rendered":"Puntos turisticos en la region sierra"},"content":{"rendered":"<p>Entre valles de volcanes y nevados se expanden de norte a sur la belleza y el legendario encanto de toda la Sierra que se caracteriza por importantes corrientes art\u00edsticas y culturales.<\/p>\n<p>El sierra consiste en dos cadenas importantes de monta\u00f1as de los Andes, conocidas como la Cordillera occidental (cadena occidental) y Cordillera Oriental (cadena del este), y la meseta entre monta\u00f1as. Varios est\u00edmulos transversales de la monta\u00f1a, conocidos como nudos, corte a trav\u00e9s de la meseta. El Nudo del Azuay, en 4.500 metros el m\u00e1s alto de estos est\u00edmulos transversales, divide la sierra en dos subregiones el \u00e1rea del volcanismo moderno al norte y el \u00e1rea del volcanismo antiguo al sur. El \u00e1rea anterior consiste en monta\u00f1as m\u00e1s nuevas, m\u00e1s altas que los en la secci\u00f3n antigua del volcanismo, que con tiempo han erosionado a niveles m\u00e1s bajos.<\/p>\n<p>La estaci\u00f3n de lluvias en esta \u00e1rea dura a partir de octubre a mayo, con una gama de temperaturas anual media de 11.5\u00b0 a 18\u00b0 C. La variaci\u00f3n diaria, sin embargo, puede ser extrema con d\u00edas muy calientes y noches absolutamente fr\u00edas. Las condiciones clim\u00e1ticas de la sierra, as\u00ed como actividad volc\u00e1nica reciente, han producido las formaciones peculiares e interesantes de la plantas que distinguen los paisajes hermosos del \u00e1rea llamados el paramo. Un d\u00e9cimo (2'500.000 H.) de la tierra de Ecuadorian el \u00e1rea se cubre con paramos o la vegetaci\u00f3n seca de la alta altitud. Situado entre m. 3.500 y 4.500 sobre nivel del mar, esto es un habitat ideal para los condors, los caracaras, los ciervos, las llamas, los vicu\u00f1as, las flores multicoloras y los colibr\u00eds. La regi\u00f3n de Ecuador de los Andes consiste en sobre 30 conos volc\u00e1nicos, muchos sobre 5.000 metros y casi un tercero a\u00fan activo. Uno de \u00e9stos el Cotopaxi nieve-capsulado es el volc\u00e1n activo m\u00e1s alto del mundo. Los parques nacionales numerosos y las \u00e1reas protegidas del yermo ofrecen una amplia gama de microclimas y del bio-diversidad enorme, haciendo la sierra un para\u00edso<\/p>\n<p><a href=\"http:\/\/blog.espol.edu.ec\/carochacha\/files\/2010\/10\/SSSSSSSSSSSSSS.jpg\"><img loading=\"lazy\" decoding=\"async\" class=\"alignnone size-full wp-image-56\" title=\"COTOPAXI\" src=\"http:\/\/blog.espol.edu.ec\/carochacha\/files\/2010\/10\/SSSSSSSSSSSSSS.jpg\" alt=\"\" width=\"275\" height=\"183\" \/><\/a><\/p>\n","protected":false},"excerpt":{"rendered":"<p>Entre valles de volcanes y nevados se expanden de norte a sur la belleza y el legendario encanto de toda la Sierra que se caracteriza por importantes corrientes art\u00edsticas y culturales. El sierra consiste en dos cadenas importantes de monta\u00f1as de los Andes, conocidas como la Cordillera occidental (cadena occidental) y Cordillera Oriental (cadena del [&hellip;]<\/p>\n","protected":false},"author":5188,"featured_media":0,"parent":0,"menu_order":0,"comment_status":"open","ping_status":"open","template":"","meta":{"footnotes":""},"class_list":["post-6","page","type-page","status-publish","hentry"],"_links":{"self":[{"href":"https:\/\/blog.espol.edu.ec\/carochacha\/wp-json\/wp\/v2\/pages\/6","targetHints":{"allow":["GET"]}}],"collection":[{"href":"https:\/\/blog.espol.edu.ec\/carochacha\/wp-json\/wp\/v2\/pages"}],"about":[{"href":"https:\/\/blog.espol.edu.ec\/carochacha\/wp-json\/wp\/v2\/types\/page"}],"author":[{"embeddable":true,"href":"https:\/\/blog.espol.edu.ec\/carochacha\/wp-json\/wp\/v2\/users\/5188"}],"replies":[{"embeddable":true,"href":"https:\/\/blog.espol.edu.ec\/carochacha\/wp-json\/wp\/v2\/comments?post=6"}],"version-history":[{"count":5,"href":"https:\/\/blog.espol.edu.ec\/carochacha\/wp-json\/wp\/v2\/pages\/6\/revisions"}],"predecessor-version":[{"id":58,"href":"https:\/\/blog.espol.edu.ec\/carochacha\/wp-json\/wp\/v2\/pages\/6\/revisions\/58"}],"wp:attachment":[{"href":"https:\/\/blog.espol.edu.ec\/carochacha\/wp-json\/wp\/v2\/media?parent=6"}],"curies":[{"name":"wp","href":"https:\/\/api.w.org\/{rel}","templated":true}]}}