{"id":6,"date":"2016-10-14T19:56:06","date_gmt":"2016-10-14T19:56:06","guid":{"rendered":"http:\/\/blog.espol.edu.ec\/carolinaparra\/?page_id=6"},"modified":"2016-10-24T22:59:12","modified_gmt":"2016-10-24T22:59:12","slug":"mi-primera-pagina","status":"publish","type":"page","link":"https:\/\/blog.espol.edu.ec\/carolinaparra\/mi-primera-pagina\/","title":{"rendered":"Cachorros"},"content":{"rendered":"<p>Los adorables perros por algo son la mascota mas com\u00fan entre los seres humanos.<\/p>\n<p><img loading=\"lazy\" decoding=\"async\" class=\"aligncenter size-medium wp-image-35\" src=\"http:\/\/blog.espol.edu.ec\/carolinaparra\/files\/2016\/10\/list_640px-300x225.jpg\" alt=\"list_640px\" width=\"300\" height=\"225\" srcset=\"https:\/\/blog.espol.edu.ec\/carolinaparra\/files\/2016\/10\/list_640px-300x225.jpg 300w, https:\/\/blog.espol.edu.ec\/carolinaparra\/files\/2016\/10\/list_640px.jpg 640w\" sizes=\"auto, (max-width: 300px) 100vw, 300px\" \/><\/p>\n<p>De la familia de los c\u00e1nidos, son mam\u00edferos carn\u00edvoros de una especie derivada de los lobos. Un estudio publicado por la revista <i><a title=\"Nature\" href=\"https:\/\/es.wikipedia.org\/wiki\/Nature\">Nature<\/a><\/i> revela que, gracias al proceso de domesticaci\u00f3n, el organismo del perro se ha adaptado\u00a0a cierta clase de alimentos, en este caso el almid\u00f3n.\u00a0Su tama\u00f1o o talla, su forma y pelaje es muy diverso seg\u00fan la raza. Posee un o\u00eddo y olfato muy desarrollados, siendo este \u00faltimo su principal \u00f3rgano sensorial. En las razas peque\u00f1as puede alcanzar una longevidad de cerca de 20 a\u00f1os, con atenci\u00f3n esmerada por parte del propietario, de otra forma su vida en promedio es alrededor de los 15 a\u00f1os.<\/p>\n<p>&nbsp;<\/p>\n","protected":false},"excerpt":{"rendered":"<p>Los adorables perros por algo son la mascota mas com\u00fan entre los seres humanos. De la familia de los c\u00e1nidos, son mam\u00edferos carn\u00edvoros de una especie derivada de los lobos. Un estudio publicado por la revista Nature revela que, gracias al proceso de domesticaci\u00f3n, el organismo del perro se ha adaptado\u00a0a cierta clase de alimentos, [&hellip;]<\/p>\n","protected":false},"author":10587,"featured_media":0,"parent":0,"menu_order":0,"comment_status":"closed","ping_status":"closed","template":"","meta":{"footnotes":""},"class_list":["post-6","page","type-page","status-publish","hentry"],"_links":{"self":[{"href":"https:\/\/blog.espol.edu.ec\/carolinaparra\/wp-json\/wp\/v2\/pages\/6","targetHints":{"allow":["GET"]}}],"collection":[{"href":"https:\/\/blog.espol.edu.ec\/carolinaparra\/wp-json\/wp\/v2\/pages"}],"about":[{"href":"https:\/\/blog.espol.edu.ec\/carolinaparra\/wp-json\/wp\/v2\/types\/page"}],"author":[{"embeddable":true,"href":"https:\/\/blog.espol.edu.ec\/carolinaparra\/wp-json\/wp\/v2\/users\/10587"}],"replies":[{"embeddable":true,"href":"https:\/\/blog.espol.edu.ec\/carolinaparra\/wp-json\/wp\/v2\/comments?post=6"}],"version-history":[{"count":7,"href":"https:\/\/blog.espol.edu.ec\/carolinaparra\/wp-json\/wp\/v2\/pages\/6\/revisions"}],"predecessor-version":[{"id":37,"href":"https:\/\/blog.espol.edu.ec\/carolinaparra\/wp-json\/wp\/v2\/pages\/6\/revisions\/37"}],"wp:attachment":[{"href":"https:\/\/blog.espol.edu.ec\/carolinaparra\/wp-json\/wp\/v2\/media?parent=6"}],"curies":[{"name":"wp","href":"https:\/\/api.w.org\/{rel}","templated":true}]}}