{"id":46,"date":"2017-05-12T23:28:25","date_gmt":"2017-05-12T23:28:25","guid":{"rendered":"http:\/\/blog.espol.edu.ec\/casaresfelix\/?page_id=46"},"modified":"2017-05-12T23:30:32","modified_gmt":"2017-05-12T23:30:32","slug":"felix-casares","status":"publish","type":"page","link":"https:\/\/blog.espol.edu.ec\/casaresfelix\/felix-casares\/","title":{"rendered":"F\u00e9lix Casares, MSR"},"content":{"rendered":"<p style=\"text-align: justify\">Economista, M\u00e1ster en Seguros y<span class=\"text_exposed_show\"> Riesgos Financieros, Especialista en Econom\u00eda Internacional Contempor\u00e1nea, Especialista en An\u00e1lisis Econom\u00e9trico, experto en construcci\u00f3n de modelos probabil\u00edsticos, modelos para el pron\u00f3stico en los negocios, evaluaci\u00f3n de impacto de pol\u00edticas p\u00fablicas, creador del primer observatorio econom\u00e9trico del Ecuador.<\/span><\/p>\n<p style=\"text-align: justify\">Han tomado mis\u00a0seminarios y conferencias\u00a0empresas como: Banco Machala, Banco Pac\u00edfico, OmniHospital, SALUD S.A., Cooperativa Andaluc\u00eda, Cooperativa JEEP, \u00a0GALAPESCA, PRONACA, Banco Internacional, Importadora Jurado, Banco Amazonas, y la lista continua con m\u00e1s de 1800 profesionales formados en el \u00e1rea de la Econometr\u00eda y la Estad\u00edstica y grandes empresas.<\/p>\n<p style=\"text-align: justify\">He recorrido diversas ciudades del Ecuador impartiendo seminarios t\u00e9cnicos para pron\u00f3stico en los negocios y an\u00e1lisis estad\u00edstico tanto para empresas como para estudiantes y profesionales en diversas ciencias.<\/p>\n<p style=\"text-align: justify\">Actualmente soy el Director del Reporte Macroecon\u00f3mico PLANIFICA en su versi\u00f3n mensual y trimestral; primer reporte macroecon\u00f3mico din\u00e1mico del Ecuador, Presidente y Fundador de <strong><span style=\"color: #0000ff\"><a style=\"color: #0000ff\" href=\"http:\/\/www.betametrica.ec\/\">BETAM\u00c9TRICA S.A<\/a><\/span><\/strong>.,creador de la primera plataforma virtual de cursos de Econometr\u00eda en el Ecuador,\u00a0consultor asociado en Marketing Electr\u00f3nico SEOSEM S.A y Director del Instituto de Investigaciones Econ\u00f3micas del Colegio de Economistas del Guayas.<\/p>\n<p style=\"text-align: justify\">Mis lineas de investigaci\u00f3n se centran sobre el \u00e1rea de la Econometr\u00eda de las Series Temporales Univariantes, Multivariantes, Modelos Microeconom\u00e9tricos aplicados a la Banca y Finanzas (Credit Scoring), Programaci\u00f3n en R, STATA\u00a0y Big Data aficionado.<\/p>\n<p style=\"text-align: justify\">Felizmente casado con <strong><span style=\"color: #0000ff\"><a style=\"color: #0000ff\" href=\"https:\/\/twitter.com\/Giuliana_Coello\">Giuliana Coello<\/a><\/span><\/strong>, bajo la bendici\u00f3n de Dios.<\/p>\n<p style=\"text-align: justify\">Puedes seguir mis post tambi\u00e9n por:<\/p>\n<p><strong>Twitter<\/strong>:\u00a0<span style=\"color: #0000ff\"><a style=\"color: #0000ff\" href=\"https:\/\/twitter.com\/CasaresFelix\">https:\/\/twitter.com\/CasaresFelix<\/a><\/span><\/p>\n<p><strong>LinkedIn<\/strong>:\u00a0<span style=\"color: #0000ff\"><a style=\"color: #0000ff\" href=\"https:\/\/ec.linkedin.com\/in\/casaresfelix\">https:\/\/ec.linkedin.com\/in\/casaresfelix<\/a><\/span><\/p>\n<p><strong>Facebook<\/strong>:\u00a0<span style=\"color: #0000ff\"><a style=\"color: #0000ff\" href=\"https:\/\/www.facebook.com\/CasaresFelix\/\">https:\/\/www.facebook.com\/CasaresFelix\/<\/a><\/span><\/p>\n<h3 style=\"text-align: center\">\"Entender lo que los datos te dicen y las tendencias del mercado, marcan la diferencia al momento de hacer un pron\u00f3stico\"<\/h3>\n<p>\u00a0<\/p>\n","protected":false},"excerpt":{"rendered":"<p>Economista, M\u00e1ster en Seguros y Riesgos Financieros, Especialista en Econom\u00eda Internacional Contempor\u00e1nea, Especialista en An\u00e1lisis Econom\u00e9trico, experto en construcci\u00f3n de modelos probabil\u00edsticos, modelos para el pron\u00f3stico en los negocios, evaluaci\u00f3n de impacto de pol\u00edticas p\u00fablicas, creador del primer observatorio econom\u00e9trico del Ecuador. Han tomado mis\u00a0seminarios y conferencias\u00a0empresas como: Banco Machala, Banco Pac\u00edfico, OmniHospital, SALUD S.A., [&hellip;]<\/p>\n","protected":false},"author":10866,"featured_media":0,"parent":0,"menu_order":0,"comment_status":"closed","ping_status":"closed","template":"","meta":{"footnotes":""},"class_list":["post-46","page","type-page","status-publish","hentry"],"_links":{"self":[{"href":"https:\/\/blog.espol.edu.ec\/casaresfelix\/wp-json\/wp\/v2\/pages\/46","targetHints":{"allow":["GET"]}}],"collection":[{"href":"https:\/\/blog.espol.edu.ec\/casaresfelix\/wp-json\/wp\/v2\/pages"}],"about":[{"href":"https:\/\/blog.espol.edu.ec\/casaresfelix\/wp-json\/wp\/v2\/types\/page"}],"author":[{"embeddable":true,"href":"https:\/\/blog.espol.edu.ec\/casaresfelix\/wp-json\/wp\/v2\/users\/10866"}],"replies":[{"embeddable":true,"href":"https:\/\/blog.espol.edu.ec\/casaresfelix\/wp-json\/wp\/v2\/comments?post=46"}],"version-history":[{"count":4,"href":"https:\/\/blog.espol.edu.ec\/casaresfelix\/wp-json\/wp\/v2\/pages\/46\/revisions"}],"predecessor-version":[{"id":52,"href":"https:\/\/blog.espol.edu.ec\/casaresfelix\/wp-json\/wp\/v2\/pages\/46\/revisions\/52"}],"wp:attachment":[{"href":"https:\/\/blog.espol.edu.ec\/casaresfelix\/wp-json\/wp\/v2\/media?parent=46"}],"curies":[{"name":"wp","href":"https:\/\/api.w.org\/{rel}","templated":true}]}}