{"id":61,"date":"2017-05-12T23:38:32","date_gmt":"2017-05-12T23:38:32","guid":{"rendered":"http:\/\/blog.espol.edu.ec\/casaresfelix\/?page_id=61"},"modified":"2017-05-12T23:38:32","modified_gmt":"2017-05-12T23:38:32","slug":"modelos-econometricos-para-el-pronostico-en-los-negocios","status":"publish","type":"page","link":"https:\/\/blog.espol.edu.ec\/casaresfelix\/modelos-econometricos-para-el-pronostico-en-los-negocios\/","title":{"rendered":"Modelos Econom\u00e9tricos para el Pron\u00f3stico en los Negocios"},"content":{"rendered":"<p>Este curso lo he dise\u00f1ando para aquellas personas que tienen un conocimiento b\u00e1sico de estad\u00edstica y del sofware R para asegurar su comprensi\u00f3n total, sin embargo, toda la informaci\u00f3n es explicada paso a paso, con casos pr\u00e1cticos y entendibles para cualquier lector con conocimiento promedio de estad\u00edstica b\u00e1sica.<\/p>\n<p>Si lo que buscas es un curso pr\u00e1ctico desde el inicio y que te asegure una alta aplicabilidad de lo aprendido, puedes tomar este curso de mi autor\u00eda en\u00a0<span style=\"color: #0000ff\"><a style=\"color: #0000ff\" href=\"http:\/\/www.betametrica.ec\/cursos\/series-temporales-negocios\/\">http:\/\/www.betametrica.ec\/cursos\/series-temporales-negocios\/<\/a>\u00a0<\/span><\/p>\n<p><a href=\"http:\/\/www.betametrica.ec\/cursos\/series-temporales-negocios\/\"><img loading=\"lazy\" decoding=\"async\" class=\" wp-image-1189 aligncenter\" src=\"https:\/\/casaresfelixdotcom.files.wordpress.com\/2017\/04\/econometrc3ada-financiera-y-empresarial-2.jpg?w=300\" alt=\"\" width=\"556\" height=\"279\" \/><\/a><\/p>\n","protected":false},"excerpt":{"rendered":"<p>Este curso lo he dise\u00f1ando para aquellas personas que tienen un conocimiento b\u00e1sico de estad\u00edstica y del sofware R para asegurar su comprensi\u00f3n total, sin embargo, toda la informaci\u00f3n es explicada paso a paso, con casos pr\u00e1cticos y entendibles para cualquier lector con conocimiento promedio de estad\u00edstica b\u00e1sica. Si lo que buscas es un curso [&hellip;]<\/p>\n","protected":false},"author":10866,"featured_media":0,"parent":0,"menu_order":0,"comment_status":"closed","ping_status":"closed","template":"","meta":{"footnotes":""},"class_list":["post-61","page","type-page","status-publish","hentry"],"_links":{"self":[{"href":"https:\/\/blog.espol.edu.ec\/casaresfelix\/wp-json\/wp\/v2\/pages\/61","targetHints":{"allow":["GET"]}}],"collection":[{"href":"https:\/\/blog.espol.edu.ec\/casaresfelix\/wp-json\/wp\/v2\/pages"}],"about":[{"href":"https:\/\/blog.espol.edu.ec\/casaresfelix\/wp-json\/wp\/v2\/types\/page"}],"author":[{"embeddable":true,"href":"https:\/\/blog.espol.edu.ec\/casaresfelix\/wp-json\/wp\/v2\/users\/10866"}],"replies":[{"embeddable":true,"href":"https:\/\/blog.espol.edu.ec\/casaresfelix\/wp-json\/wp\/v2\/comments?post=61"}],"version-history":[{"count":1,"href":"https:\/\/blog.espol.edu.ec\/casaresfelix\/wp-json\/wp\/v2\/pages\/61\/revisions"}],"predecessor-version":[{"id":62,"href":"https:\/\/blog.espol.edu.ec\/casaresfelix\/wp-json\/wp\/v2\/pages\/61\/revisions\/62"}],"wp:attachment":[{"href":"https:\/\/blog.espol.edu.ec\/casaresfelix\/wp-json\/wp\/v2\/media?parent=61"}],"curies":[{"name":"wp","href":"https:\/\/api.w.org\/{rel}","templated":true}]}}