{"id":63,"date":"2017-05-12T23:39:27","date_gmt":"2017-05-12T23:39:27","guid":{"rendered":"http:\/\/blog.espol.edu.ec\/casaresfelix\/?page_id=63"},"modified":"2017-05-12T23:39:27","modified_gmt":"2017-05-12T23:39:27","slug":"manejo-de-bases-de-datos-para-principiantes-con-rstudio-y-dplyr","status":"publish","type":"page","link":"https:\/\/blog.espol.edu.ec\/casaresfelix\/manejo-de-bases-de-datos-para-principiantes-con-rstudio-y-dplyr\/","title":{"rendered":"Manejo de Bases de Datos para Principiantes con Rstudio y Dplyr"},"content":{"rendered":"<p style=\"text-align: justify\">Este curso lo he dise\u00f1ando para aquellas personas que conocen poco o nada sobre manipulaci\u00f3n de bases de datos; o que aplican filtros, condiciones a bases de datos en excel, pero que quieren conocer y aprender a manipular la informaci\u00f3n de una manera m\u00e1s eficiente y productiva, utilizando incluso estad\u00edstica descriptiva b\u00e1sica.<\/p>\n<p style=\"text-align: justify\">Si en tu trabajo manipulas la informaci\u00f3n en excel o cualquier motor de bases de datos, este curso es ideal porque aprender\u00e1s a automatizar aquellos filtros con las principales funciones que el paquete dplyr ofrece y podr\u00e1s escribir en pocas lineas (incluso sin saber nada de programaci\u00f3n estad\u00edstica)\u00a0lo que haces en excel hace recursivamente.<\/p>\n<p style=\"text-align: justify\"><img loading=\"lazy\" decoding=\"async\" class=\" wp-image-1192 aligncenter\" src=\"https:\/\/casaresfelixdotcom.files.wordpress.com\/2017\/04\/mbd.jpg?w=300\" alt=\"\" width=\"457\" height=\"454\" \/><\/p>\n<p style=\"text-align: justify\">Si eres economista, ingeniero estad\u00edstico, ingeniero matem\u00e1tico, ingeniero comercial, administrador de bases de datos, y tienes un inter\u00e9s en conocer herramientas libres, eficientes y f\u00e1ciles de entender, entonces este curso aportar\u00e1 a tu formaci\u00f3n profesional, porque trabajaremos con bases \u00a0reales de mas de 55mil datos, con mas de 15 variables, consideradas bases grandes en campos anteriormente mencionados; insistimos, no son bases de ejemplo, son bases reales.<\/p>\n<p style=\"text-align: justify\">Puedes tomar m\u00e1s sobre mi curso aqu\u00ed:\u00a0<span style=\"color: #0000ff\"><a style=\"color: #0000ff\" href=\"http:\/\/www.betametrica.ec\/cursos\/manejo-bases-datos-principante\/\">http:\/\/www.betametrica.ec\/cursos\/manejo-bases-datos-principante\/<\/a><\/span><\/p>\n","protected":false},"excerpt":{"rendered":"<p>Este curso lo he dise\u00f1ando para aquellas personas que conocen poco o nada sobre manipulaci\u00f3n de bases de datos; o que aplican filtros, condiciones a bases de datos en excel, pero que quieren conocer y aprender a manipular la informaci\u00f3n de una manera m\u00e1s eficiente y productiva, utilizando incluso estad\u00edstica descriptiva b\u00e1sica. Si en tu [&hellip;]<\/p>\n","protected":false},"author":10866,"featured_media":0,"parent":0,"menu_order":0,"comment_status":"closed","ping_status":"closed","template":"","meta":{"footnotes":""},"class_list":["post-63","page","type-page","status-publish","hentry"],"_links":{"self":[{"href":"https:\/\/blog.espol.edu.ec\/casaresfelix\/wp-json\/wp\/v2\/pages\/63","targetHints":{"allow":["GET"]}}],"collection":[{"href":"https:\/\/blog.espol.edu.ec\/casaresfelix\/wp-json\/wp\/v2\/pages"}],"about":[{"href":"https:\/\/blog.espol.edu.ec\/casaresfelix\/wp-json\/wp\/v2\/types\/page"}],"author":[{"embeddable":true,"href":"https:\/\/blog.espol.edu.ec\/casaresfelix\/wp-json\/wp\/v2\/users\/10866"}],"replies":[{"embeddable":true,"href":"https:\/\/blog.espol.edu.ec\/casaresfelix\/wp-json\/wp\/v2\/comments?post=63"}],"version-history":[{"count":1,"href":"https:\/\/blog.espol.edu.ec\/casaresfelix\/wp-json\/wp\/v2\/pages\/63\/revisions"}],"predecessor-version":[{"id":64,"href":"https:\/\/blog.espol.edu.ec\/casaresfelix\/wp-json\/wp\/v2\/pages\/63\/revisions\/64"}],"wp:attachment":[{"href":"https:\/\/blog.espol.edu.ec\/casaresfelix\/wp-json\/wp\/v2\/media?parent=63"}],"curies":[{"name":"wp","href":"https:\/\/api.w.org\/{rel}","templated":true}]}}