{"id":55,"date":"2015-11-20T01:47:03","date_gmt":"2015-11-20T01:47:03","guid":{"rendered":"http:\/\/blog.espol.edu.ec\/cbanguer\/?page_id=55"},"modified":"2015-11-20T01:47:03","modified_gmt":"2015-11-20T01:47:03","slug":"kirk-hammett","status":"publish","type":"page","link":"https:\/\/blog.espol.edu.ec\/cbanguer\/kirk-hammett\/","title":{"rendered":"Kirk Hammett"},"content":{"rendered":"<p style=\"text-align: left\"><strong>Kirk Hammett<\/strong>\u00a0(San Francisco,\u00a018 de noviembre\u00a0de\u00a01962) es un guitarrista\u00a0estadounidense, actualmente miembro de la banda de\u00a0<em>thrash meta<\/em><em>l<\/em>,\u00a0Metallica.<\/p>\n<p style=\"text-align: left\">Sustituy\u00f3 al anterior guitarrista\u00a0Dave Mustaine, despu\u00e9s de que \u00e9ste tuviera problemas con la banda y fuera expulsado de Metallica. Est\u00e1 considerado como el noveno mejor guitarrista del momento seg\u00fan la revista Total Guitar y n\u00famero 11 seg\u00fan<a href=\"http:\/\/blog.espol.edu.ec\/cbanguer\/files\/2015\/11\/468032_orig.jpg\"><img loading=\"lazy\" decoding=\"async\" class=\" wp-image-56 alignright\" src=\"http:\/\/blog.espol.edu.ec\/cbanguer\/files\/2015\/11\/468032_orig-300x167.jpg\" alt=\"468032_orig\" width=\"345\" height=\"192\" srcset=\"https:\/\/blog.espol.edu.ec\/cbanguer\/files\/2015\/11\/468032_orig-300x167.jpg 300w, https:\/\/blog.espol.edu.ec\/cbanguer\/files\/2015\/11\/468032_orig.jpg 610w\" sizes=\"auto, (max-width: 345px) 100vw, 345px\" \/><\/a> una lista de la revista Rolling Stone seleccionada en 2003 por David Fricke, colaborador de la misma.\u00a0Kirk es uno de los disc\u00edpulos m\u00e1s conocidos del legendario guitarrista y maestro\u00a0Joe Satriani. En 2011 la revista Rolling Stone elabor\u00f3 una nueva lista bas\u00e1ndose en las votaciones de reconocidos guitarristas, entre los que se encontraba el propio Kirk Hammett.<\/p>\n","protected":false},"excerpt":{"rendered":"<p>Kirk Hammett\u00a0(San Francisco,\u00a018 de noviembre\u00a0de\u00a01962) es un guitarrista\u00a0estadounidense, actualmente miembro de la banda de\u00a0thrash metal,\u00a0Metallica. Sustituy\u00f3 al anterior guitarrista\u00a0Dave Mustaine, despu\u00e9s de que \u00e9ste tuviera problemas con la banda y fuera expulsado de Metallica. Est\u00e1 considerado como el noveno mejor guitarrista del momento seg\u00fan la revista Total Guitar y n\u00famero 11 seg\u00fan una lista de [&hellip;]<\/p>\n","protected":false},"author":10042,"featured_media":0,"parent":0,"menu_order":0,"comment_status":"closed","ping_status":"closed","template":"","meta":{"footnotes":""},"class_list":["post-55","page","type-page","status-publish","hentry"],"_links":{"self":[{"href":"https:\/\/blog.espol.edu.ec\/cbanguer\/wp-json\/wp\/v2\/pages\/55","targetHints":{"allow":["GET"]}}],"collection":[{"href":"https:\/\/blog.espol.edu.ec\/cbanguer\/wp-json\/wp\/v2\/pages"}],"about":[{"href":"https:\/\/blog.espol.edu.ec\/cbanguer\/wp-json\/wp\/v2\/types\/page"}],"author":[{"embeddable":true,"href":"https:\/\/blog.espol.edu.ec\/cbanguer\/wp-json\/wp\/v2\/users\/10042"}],"replies":[{"embeddable":true,"href":"https:\/\/blog.espol.edu.ec\/cbanguer\/wp-json\/wp\/v2\/comments?post=55"}],"version-history":[{"count":1,"href":"https:\/\/blog.espol.edu.ec\/cbanguer\/wp-json\/wp\/v2\/pages\/55\/revisions"}],"predecessor-version":[{"id":57,"href":"https:\/\/blog.espol.edu.ec\/cbanguer\/wp-json\/wp\/v2\/pages\/55\/revisions\/57"}],"wp:attachment":[{"href":"https:\/\/blog.espol.edu.ec\/cbanguer\/wp-json\/wp\/v2\/media?parent=55"}],"curies":[{"name":"wp","href":"https:\/\/api.w.org\/{rel}","templated":true}]}}