{"id":58,"date":"2015-11-20T01:51:10","date_gmt":"2015-11-20T01:51:10","guid":{"rendered":"http:\/\/blog.espol.edu.ec\/cbanguer\/?page_id=58"},"modified":"2015-11-20T01:51:28","modified_gmt":"2015-11-20T01:51:28","slug":"jim-root","status":"publish","type":"page","link":"https:\/\/blog.espol.edu.ec\/cbanguer\/jim-root\/","title":{"rendered":"Jim Root"},"content":{"rendered":"<p><strong>James \"Jimmy, Jim\" Donald Root<\/strong>\u00a0(Las Vegas,\u00a0Nevada,\u00a0Estados Unidos;\u00a02 de octubre\u00a0de\u00a01971) es conocido por ser el guitarrista\u00a0de las bandas de\u00a0metal alternativo\u00a0Slipknot\u00a0y ex-guitarrista de\u00a0Stone Sour. A inicios de su llegada a Slipknot fue la segunda guitarra o guitarrista r\u00edtmico , aunque ahora es el guitarrista principal de dicha banda. Actualmente es uno de los guitarristas m\u00e1s reconocidos del mundo por su gran t\u00e9cnica, rapidez, versatilidad y dominio del instrumento. Las revistas Guitar World, Kerrang, Revolver y Rolling Stone le otorgaron <a href=\"http:\/\/blog.espol.edu.ec\/cbanguer\/files\/2015\/11\/root.jpg\"><img loading=\"lazy\" decoding=\"async\" class=\"wp-image-59 alignright\" src=\"http:\/\/blog.espol.edu.ec\/cbanguer\/files\/2015\/11\/root-300x169.jpg\" alt=\"root\" width=\"332\" height=\"187\" srcset=\"https:\/\/blog.espol.edu.ec\/cbanguer\/files\/2015\/11\/root-300x169.jpg 300w, https:\/\/blog.espol.edu.ec\/cbanguer\/files\/2015\/11\/root.jpg 970w\" sizes=\"auto, (max-width: 332px) 100vw, 332px\" \/><\/a>en el 2008 el t\u00edtulo de \"Guitarrista del a\u00f1o\" por el buen trabajo realizado en el \u00e1lbum \"All Hope Is Gone\" de Slipknot, destac\u00e1ndose los riffs y solos de canciones como\u00a0Psychosocial, Dead Memories, Pulse Of The Maggots, Welcome, Gehenna y This Cold Black. Fue ganador del Grammy con Slipknot en la categor\u00eda de Best Metal Performance por la canci\u00f3n\u00a0Before I Forget\u00a0en el a\u00f1o 2006 y ha tenido 6 nominaciones m\u00e1s con Slipknot y otras 3 m\u00e1s con Stone Sour en esta misma categor\u00eda. Tambi\u00e9n ha tocado como m\u00fasico de sesi\u00f3n para artistas como (Sid Wilson, DJ de Slipknot) y Jonathan Davis (vocalista de Korn).<\/p>\n<p>Tiene una altura de 1,98 m, convirti\u00e9ndolo en uno de los guitarristas m\u00e1s altos de la historia.<\/p>\n<p>Est\u00e1 casado con la\u00a0cantante\u00a0y\u00a0modelo\u00a0italiana,\u00a0Cristina Scabbia\u00a0de la banda\u00a0Lacuna Coil, desde\u00a0diciembre\u00a0del\u00a02008.<\/p>\n","protected":false},"excerpt":{"rendered":"<p>James \"Jimmy, Jim\" Donald Root\u00a0(Las Vegas,\u00a0Nevada,\u00a0Estados Unidos;\u00a02 de octubre\u00a0de\u00a01971) es conocido por ser el guitarrista\u00a0de las bandas de\u00a0metal alternativo\u00a0Slipknot\u00a0y ex-guitarrista de\u00a0Stone Sour. A inicios de su llegada a Slipknot fue la segunda guitarra o guitarrista r\u00edtmico , aunque ahora es el guitarrista principal de dicha banda. Actualmente es uno de los guitarristas m\u00e1s reconocidos del [&hellip;]<\/p>\n","protected":false},"author":10042,"featured_media":0,"parent":0,"menu_order":0,"comment_status":"closed","ping_status":"closed","template":"","meta":{"footnotes":""},"class_list":["post-58","page","type-page","status-publish","hentry"],"_links":{"self":[{"href":"https:\/\/blog.espol.edu.ec\/cbanguer\/wp-json\/wp\/v2\/pages\/58","targetHints":{"allow":["GET"]}}],"collection":[{"href":"https:\/\/blog.espol.edu.ec\/cbanguer\/wp-json\/wp\/v2\/pages"}],"about":[{"href":"https:\/\/blog.espol.edu.ec\/cbanguer\/wp-json\/wp\/v2\/types\/page"}],"author":[{"embeddable":true,"href":"https:\/\/blog.espol.edu.ec\/cbanguer\/wp-json\/wp\/v2\/users\/10042"}],"replies":[{"embeddable":true,"href":"https:\/\/blog.espol.edu.ec\/cbanguer\/wp-json\/wp\/v2\/comments?post=58"}],"version-history":[{"count":2,"href":"https:\/\/blog.espol.edu.ec\/cbanguer\/wp-json\/wp\/v2\/pages\/58\/revisions"}],"predecessor-version":[{"id":61,"href":"https:\/\/blog.espol.edu.ec\/cbanguer\/wp-json\/wp\/v2\/pages\/58\/revisions\/61"}],"wp:attachment":[{"href":"https:\/\/blog.espol.edu.ec\/cbanguer\/wp-json\/wp\/v2\/media?parent=58"}],"curies":[{"name":"wp","href":"https:\/\/api.w.org\/{rel}","templated":true}]}}