{"id":57,"date":"2011-06-08T15:28:57","date_gmt":"2011-06-08T15:28:57","guid":{"rendered":"http:\/\/blog.espol.edu.ec\/cbasante\/?page_id=57"},"modified":"2011-06-08T15:28:57","modified_gmt":"2011-06-08T15:28:57","slug":"biografia","status":"publish","type":"page","link":"https:\/\/blog.espol.edu.ec\/cbasante\/biografia\/","title":{"rendered":"Biografia"},"content":{"rendered":"<p style=\"text-align: left\"><strong>Paramore<\/strong> es una banda <a title=\"Estados Unidos\" href=\"http:\/\/es.wikipedia.org\/wiki\/Estados_Unidos\">estadounidense<\/a> de <a title=\"Rock\" href=\"http:\/\/es.wikipedia.org\/wiki\/Rock\">rock<\/a>. Fue formada en <a title=\"Franklin (Tennessee)\" href=\"http:\/\/es.wikipedia.org\/wiki\/Franklin_%28Tennessee%29\">Franklin<\/a> (<a title=\"Tennessee\" href=\"http:\/\/es.wikipedia.org\/wiki\/Tennessee\">Tennessee<\/a>) en <a title=\"2004\" href=\"http:\/\/es.wikipedia.org\/wiki\/2004\">2004<\/a>, y nominada a los premios <a title=\"Grammy\" href=\"http:\/\/es.wikipedia.org\/wiki\/Grammy\">Grammy<\/a>. Est\u00e1 integrada por <a title=\"Hayley Williams\" href=\"http:\/\/es.wikipedia.org\/wiki\/Hayley_Williams\">Hayley Williams<\/a> (<a title=\"Voz (m\u00fasica)\" href=\"http:\/\/es.wikipedia.org\/wiki\/Voz_%28m%C3%BAsica%29\">voz<\/a>), <a title=\"Jeremy Davis\" href=\"http:\/\/es.wikipedia.org\/wiki\/Jeremy_Davis\">Jeremy Davis<\/a> (<a title=\"Bajo el\u00e9ctrico\" href=\"http:\/\/es.wikipedia.org\/wiki\/Bajo_el%C3%A9ctrico\">bajo<\/a>) y <a title=\"Taylor York (guitarrista)\" href=\"http:\/\/es.wikipedia.org\/wiki\/Taylor_York_%28guitarrista%29\">Taylor York<\/a> (<a title=\"Guitarra r\u00edtmica\" href=\"http:\/\/es.wikipedia.org\/wiki\/Guitarra_r%C3%ADtmica\">guitarra r\u00edtmica<\/a>). En <a title=\"2005\" href=\"http:\/\/es.wikipedia.org\/wiki\/2005\">2005<\/a> editaron su primer <a title=\"\u00c1lbum\" href=\"http:\/\/es.wikipedia.org\/wiki\/%C3%81lbum\">\u00e1lbum<\/a> <em><a title=\"All We Know Is Falling\" href=\"http:\/\/es.wikipedia.org\/wiki\/All_We_Know_Is_Falling\">All We Know Is Falling<\/a><\/em>, en <a title=\"2007\" href=\"http:\/\/es.wikipedia.org\/wiki\/2007\">2007<\/a> lanzan su segundo <a title=\"\u00c1lbum (m\u00fasica)\" href=\"http:\/\/es.wikipedia.org\/wiki\/%C3%81lbum_%28m%C3%BAsica%29\">disco<\/a> <em><a title=\"Riot!\" href=\"http:\/\/es.wikipedia.org\/wiki\/Riot%21\">Riot!<\/a><\/em> que fue certificado con el <a title=\"Disco de platino\" href=\"http:\/\/es.wikipedia.org\/wiki\/Disco_de_platino\">Disco de platino<\/a> en <a title=\"Estados Unidos\" href=\"http:\/\/es.wikipedia.org\/wiki\/Estados_Unidos\">Estados Unidos<\/a> y en el <a title=\"Reino Unido\" href=\"http:\/\/es.wikipedia.org\/wiki\/Reino_Unido\">Reino Unido<\/a>, y con el <a title=\"Oro\" href=\"http:\/\/es.wikipedia.org\/wiki\/Oro\">Oro<\/a> en <a title=\"Irlanda\" href=\"http:\/\/es.wikipedia.org\/wiki\/Irlanda\">Irlanda<\/a> y <a title=\"Nueva Zelanda\" href=\"http:\/\/es.wikipedia.org\/wiki\/Nueva_Zelanda\">Nueva Zelanda<\/a> vendiendo m\u00e1s de dos millones de copias en todo el mundo. Su tercer trabajo, <em><a title=\"Brand New Eyes\" href=\"http:\/\/es.wikipedia.org\/wiki\/Brand_New_Eyes\">Brand New Eyes<\/a><\/em> fue lanzado el <a title=\"29 de septiembre\" href=\"http:\/\/es.wikipedia.org\/wiki\/29_de_septiembre\">29 de septiembre<\/a> de <a title=\"2009\" href=\"http:\/\/es.wikipedia.org\/wiki\/2009\">2009<\/a> debutando en el n\u00famero 2 del <a title=\"Billboard 200\" href=\"http:\/\/es.wikipedia.org\/wiki\/Billboard_200\">Billboard 200<\/a> y vendiendo 175,000 copias en su primera semana alcanzando el <a title=\"Platino\" href=\"http:\/\/es.wikipedia.org\/wiki\/Platino\">platino<\/a> en el <a title=\"Reino Unido\" href=\"http:\/\/es.wikipedia.org\/wiki\/Reino_Unido\">Reino Unido<\/a>.<\/p>\n<p style=\"text-align: left\"><a href=\"http:\/\/blog.espol.edu.ec\/cbasante\/files\/2011\/06\/300px-Paramore_rio.jpg\"><img loading=\"lazy\" decoding=\"async\" class=\"alignleft size-full wp-image-58\" title=\"300px-Paramore_rio\" src=\"http:\/\/blog.espol.edu.ec\/cbasante\/files\/2011\/06\/300px-Paramore_rio.jpg\" alt=\"\" width=\"300\" height=\"200\" \/><\/a><\/p>\n<p style=\"text-align: left\"><em><strong>2004\u20132006: Formaci\u00f3n y All We Know Is Falling<\/strong><\/em><\/p>\n<p>Hayley Williams se mud\u00f3 de <a title=\"Meridian\" href=\"http:\/\/es.wikipedia.org\/wiki\/Meridian\">Meridian<\/a>, <a title=\"Mississippi\" href=\"http:\/\/es.wikipedia.org\/wiki\/Mississippi\">Mississippi<\/a>; a <a title=\"Franklin, Tennessee\" href=\"http:\/\/es.wikipedia.org\/wiki\/Franklin,_Tennessee\">Franklin, Tennessee<\/a> en 2003 donde conoci\u00f3 a los hermanos Farro.<sup><a href=\"http:\/\/es.wikipedia.org\/wiki\/Paramore#cite_note-AP_08-2\">[3]<\/a><\/sup> <sup><a href=\"http:\/\/es.wikipedia.org\/wiki\/Paramore#cite_note-AMG-3\">[4]<\/a><\/sup> Poco despu\u00e9s de llegar.<sup><a href=\"http:\/\/es.wikipedia.org\/wiki\/Paramore#cite_note-siren-4\">[5]<\/a><\/sup> Sin embargo, antes de formar Paramore, los hermanos <a title=\"Josh Farro\" href=\"http:\/\/es.wikipedia.org\/wiki\/Josh_Farro\">Josh Farro<\/a> y <a title=\"Zac Farro\" href=\"http:\/\/es.wikipedia.org\/wiki\/Zac_Farro\">Zac Farro<\/a> practicaban juntos despu\u00e9s de escuela en otra banda junto a <a title=\"Taylor York (guitarrista)\" href=\"http:\/\/es.wikipedia.org\/wiki\/Taylor_York_%28guitarrista%29\">Taylor York (guitarrista)<\/a> (Posteriormente, miembro oficial de Paramore) y Jason Clark. Sin  embargo pronto se vieron faltos de vocalista y fue entonces que uno de  ellos, Zac, conoci\u00f3 a Hayley a qui\u00e9n pidi\u00f3 oficiar como cantante junto a  ellos.<sup><a href=\"http:\/\/es.wikipedia.org\/wiki\/Paramore#cite_note-AP_08-2\">[3]<\/a><\/sup> <sup><a href=\"http:\/\/es.wikipedia.org\/wiki\/Paramore#cite_note-funk-5\">[6]<\/a><\/sup> Posteriormente, Williams abandon\u00f3 la banda y prob\u00f3 como solista en  Atlantic Records usando (con el consentimiento de los chicos) los demos  grabados junto a ellos. Pronto fue Hayley quien convenci\u00f3 a Atlantic  Records a aceptarlos como grupo. As\u00ed, la banda se form\u00f3 oficialmente a  comienzos del 2004 por <a title=\"Josh Farro\" href=\"http:\/\/es.wikipedia.org\/wiki\/Josh_Farro\">Josh Farro<\/a> (guitarra \/ coros), <a title=\"Zac Farro\" href=\"http:\/\/es.wikipedia.org\/wiki\/Zac_Farro\">Zac Farro<\/a> (bater\u00eda), <a title=\"Jeremy Davis\" href=\"http:\/\/es.wikipedia.org\/wiki\/Jeremy_Davis\">Jeremy Davis<\/a> (bajo) y <a title=\"Hayley Williams\" href=\"http:\/\/es.wikipedia.org\/wiki\/Hayley_Williams\">Hayley Williams<\/a> (vocalista),<sup><a href=\"http:\/\/es.wikipedia.org\/wiki\/Paramore#cite_note-6\">[7]<\/a><\/sup> con la posterior adici\u00f3n de vecino de Williams, Jason Bynum (guitarra r\u00edtmica).<sup><a href=\"http:\/\/es.wikipedia.org\/wiki\/Paramore#cite_note-AP_08-2\">[3]<\/a><\/sup> Seg\u00fan Williams, el nombre de la banda proviene de uno de los apellidos  de la madre de Josh y Zac Farro, cuando se dieron cuenta que sonaba  igual que la palabra <em>paramour<\/em> en franc\u00e9s y significaba \"amante secreto\" por lo que decidieron adoptarla como nombre pero con la ortograf\u00eda de \"Paramore\".<sup><a href=\"http:\/\/es.wikipedia.org\/wiki\/Paramore#cite_note-7\">[8]<\/a><\/sup> El primer concierto de la banda, a\u00fan sin un nombre concreto, data del 2  de mayo del 2004 en un local muy peque\u00f1o llamado \"The End\".<sup><a href=\"http:\/\/es.wikipedia.org\/wiki\/Paramore#cite_note-8\">[9]<\/a><\/sup> Posteriormente, Paramore se present\u00f3 en lugares fuera del \u00e1rea metropolitana de <a title=\"Nashville\" href=\"http:\/\/es.wikipedia.org\/wiki\/Nashville\">Nashville<\/a>, incluyendo los festivales de conciertos Purple Door y <a title=\"Warped Tour\" href=\"http:\/\/es.wikipedia.org\/wiki\/Warped_Tour\">Warped Tour<\/a>. <a title=\"John Janick (a\u00fan no redactado)\" href=\"http:\/\/es.wikipedia.org\/w\/index.php?title=John_Janick&amp;action=edit&amp;redlink=1\">John Janick<\/a>, due\u00f1o y co-fundador del sello discogr\u00e1fico <a title=\"Fueled by Ramen\" href=\"http:\/\/es.wikipedia.org\/wiki\/Fueled_by_Ramen\">Fueled by Ramen<\/a> al escuchar algunos demos de la banda viaj\u00f3 a <a title=\"Orlando, Florida\" href=\"http:\/\/es.wikipedia.org\/wiki\/Orlando,_Florida\">Orlando, Florida<\/a> y les dio un alcance en el \"Taste of Chaos\", para ver cu\u00e1n bien tocaban  en vivo. Despu\u00e9s de una actuaci\u00f3n privada en un peque\u00f1o almac\u00e9n, la  banda firm\u00f3 con el sello el 25 de abril de 2005.<sup><a href=\"http:\/\/es.wikipedia.org\/wiki\/Paramore#cite_note-Trades-9\">[10]<\/a><\/sup><\/p>\n<p>Paramore viaj\u00f3 de regreso a <a title=\"Orlando, Florida\" href=\"http:\/\/es.wikipedia.org\/wiki\/Orlando,_Florida\">Orlando, Florida<\/a>,  pero poco despu\u00e9s de llegar, Jeremy Davis dej\u00f3 la banda, citando  razones personales para hacerlo. Los restantes tres miembros de Paramore  continuaron con la composici\u00f3n del \u00e1lbum, cuyo nombre <em><a title=\"All We Know Is Falling\" href=\"http:\/\/es.wikipedia.org\/wiki\/All_We_Know_Is_Falling\">All We Know Is Falling<\/a><\/em> fue inspirado por Jeremy. La car\u00e1tula del \u00e1lbum refleja el dolor de la  banda con respecto a la partida de este, a lo que que Hayley explica:  \"El sof\u00e1 en la portada de <em>All We Know Is Falling<\/em> con nadie all\u00ed, y la sombra que se va, es acerca de Jeremy y c\u00f3mo a nosotros nos deja sentir que hay un espacio vac\u00edo.\"<sup><a href=\"http:\/\/es.wikipedia.org\/wiki\/Paramore#cite_note-Trades-9\">[10]<\/a><\/sup> Las grabaciones del \u00e1lbum tardaron solo tres semanas, y antes de  comenzar con la promoci\u00f3n, la banda integro a John Hembree para as\u00ed  reeplazar a Jeremy.<sup><a href=\"http:\/\/es.wikipedia.org\/wiki\/Paramore#cite_note-10\">[11]<\/a><\/sup> Despu\u00e9s de 5 meses de haber dejado la banda, Davis se reintegr\u00f3 a esta a  petici\u00f3n de Hayley, sustituyendo a Hembree mientras que <a title=\"Taylor York (guitarrista)\" href=\"http:\/\/es.wikipedia.org\/wiki\/Taylor_York_%28guitarrista%29\">Taylor York (guitarrista)<\/a> tambi\u00e9n regres\u00f3 de modo no oficial a petici\u00f3n de los Farro.<sup><a href=\"http:\/\/es.wikipedia.org\/wiki\/Paramore#cite_note-11\">[12]<\/a><\/sup> <em><a title=\"All We Know Is Falling\" href=\"http:\/\/es.wikipedia.org\/wiki\/All_We_Know_Is_Falling\">All We Know Is Falling<\/a><\/em> fue lanzado el 26 de julio de 2005, y alcanz\u00f3 el n\u00famero 30 en la Heatseekers Billboard Chart, pero no logr\u00f3 entrar en el US <em><a title=\"Billboard 200\" href=\"http:\/\/es.wikipedia.org\/wiki\/Billboard_200\">Billboard 200<\/a><\/em>. El primer sencillo fue \"<a title=\"All We Know\" href=\"http:\/\/es.wikipedia.org\/wiki\/All_We_Know\">All We Know<\/a>\",cuyo v\u00eddeo consiste en un conjunto de actuaciones en vivo y escenas tras bambalinas. El segundo sencillo fue \"<a title=\"Pressure\" href=\"http:\/\/es.wikipedia.org\/wiki\/Pressure\">Pressure<\/a>\" un v\u00eddeo dirigido por Shane Drake, pero la canci\u00f3n no tuvo el \u00e9xito esperado. El tercer y \u00faltimo sencillo fue \"<a title=\"Emergency (canci\u00f3n)\" href=\"http:\/\/es.wikipedia.org\/wiki\/Emergency_%28canci%C3%B3n%29\">Emergency<\/a>\",cuyo  v\u00eddeo fue nuevamente dirigido por Shane Drake, adem\u00e1s de contar con la  aparici\u00f3n de Hunter Lamb (guitarra r\u00edtmica), quien reemplaz\u00f3 a Jason  Bynum.<sup><a href=\"http:\/\/es.wikipedia.org\/wiki\/Paramore#cite_note-AMG-3\">[4]<\/a><\/sup> Tras participar en giras y festivales durante el 2006, en 2007 Hunter  Lamb decide abandonar la banda para casarse, dejando a Paramore con  cuatro integrantes.<\/p>\n<p style=\"text-align: center\"><a href=\"..\/files\/2011\/06\/300px-Paramore2_cropped.jpg\"><img loading=\"lazy\" decoding=\"async\" class=\"size-full wp-image-59 aligncenter\" title=\"300px-Paramore2_cropped\" src=\"..\/files\/2011\/06\/300px-Paramore2_cropped.jpg\" alt=\"\" width=\"300\" height=\"206\" \/><\/a><\/p>\n<p style=\"text-align: center\">\n","protected":false},"excerpt":{"rendered":"<p>Paramore es una banda estadounidense de rock. Fue formada en Franklin (Tennessee) en 2004, y nominada a los premios Grammy. Est\u00e1 integrada por Hayley Williams (voz), Jeremy Davis (bajo) y Taylor York (guitarra r\u00edtmica). En 2005 editaron su primer \u00e1lbum All We Know Is Falling, en 2007 lanzan su segundo disco Riot! que fue certificado [&hellip;]<\/p>\n","protected":false},"author":5842,"featured_media":0,"parent":0,"menu_order":0,"comment_status":"open","ping_status":"open","template":"","meta":{"footnotes":""},"class_list":["post-57","page","type-page","status-publish","hentry"],"_links":{"self":[{"href":"https:\/\/blog.espol.edu.ec\/cbasante\/wp-json\/wp\/v2\/pages\/57","targetHints":{"allow":["GET"]}}],"collection":[{"href":"https:\/\/blog.espol.edu.ec\/cbasante\/wp-json\/wp\/v2\/pages"}],"about":[{"href":"https:\/\/blog.espol.edu.ec\/cbasante\/wp-json\/wp\/v2\/types\/page"}],"author":[{"embeddable":true,"href":"https:\/\/blog.espol.edu.ec\/cbasante\/wp-json\/wp\/v2\/users\/5842"}],"replies":[{"embeddable":true,"href":"https:\/\/blog.espol.edu.ec\/cbasante\/wp-json\/wp\/v2\/comments?post=57"}],"version-history":[{"count":1,"href":"https:\/\/blog.espol.edu.ec\/cbasante\/wp-json\/wp\/v2\/pages\/57\/revisions"}],"predecessor-version":[{"id":60,"href":"https:\/\/blog.espol.edu.ec\/cbasante\/wp-json\/wp\/v2\/pages\/57\/revisions\/60"}],"wp:attachment":[{"href":"https:\/\/blog.espol.edu.ec\/cbasante\/wp-json\/wp\/v2\/media?parent=57"}],"curies":[{"name":"wp","href":"https:\/\/api.w.org\/{rel}","templated":true}]}}