{"id":64,"date":"2011-06-08T15:43:11","date_gmt":"2011-06-08T15:43:11","guid":{"rendered":"http:\/\/blog.espol.edu.ec\/cbasante\/?page_id=64"},"modified":"2011-06-09T13:46:07","modified_gmt":"2011-06-09T13:46:07","slug":"2011partida-de-los-hermanos-farro","status":"publish","type":"page","link":"https:\/\/blog.espol.edu.ec\/cbasante\/2011partida-de-los-hermanos-farro\/","title":{"rendered":"Partida de los hermanos Farro.. =("},"content":{"rendered":"<p>El <a title=\"10 de enero\" href=\"http:\/\/es.wikipedia.org\/wiki\/10_de_enero\">10 de enero<\/a> de <a title=\"2011\" href=\"http:\/\/es.wikipedia.org\/wiki\/2011\">2011<\/a>, en una entrevista con <a title=\"MTV\" href=\"http:\/\/es.wikipedia.org\/wiki\/MTV\">MTV<\/a>, <a title=\"Hayley Williams\" href=\"http:\/\/es.wikipedia.org\/wiki\/Hayley_Williams\">Hayley Williams<\/a> ha dicho que a pesar de que la banda perdi\u00f3 a dos de sus miembros fundadores, lanzar\u00e1n nuevas canciones en <a title=\"2011\" href=\"http:\/\/es.wikipedia.org\/wiki\/2011\">2011<\/a>, aunque no se sabe si ser\u00e1 para grabar un <a title=\"\u00c1lbum\" href=\"http:\/\/es.wikipedia.org\/wiki\/%C3%81lbum\">\u00e1lbum<\/a> para este a\u00f1o o un paquete de canciones. La <a title=\"Cantante\" href=\"http:\/\/es.wikipedia.org\/wiki\/Cantante\">cantante<\/a> tambi\u00e9n admiti\u00f3 que el estilo de Paramore era probable que cambie con  la nueva formaci\u00f3n, pero aclar\u00f3 que la banda a\u00fan conserva su sonido  caracter\u00edstico.<sup><a href=\"http:\/\/es.wikipedia.org\/wiki\/Paramore#cite_note-43\">[44]<\/a><\/sup><\/p>\n<p>El <a title=\"2 de febrero\" href=\"http:\/\/es.wikipedia.org\/wiki\/2_de_febrero\">2 de febrero<\/a> de <a title=\"2011\" href=\"http:\/\/es.wikipedia.org\/wiki\/2011\">2011<\/a>, <a title=\"Josh Farro\" href=\"http:\/\/es.wikipedia.org\/wiki\/Josh_Farro\">Josh Farro<\/a> confirm\u00f3 el nombre de su nueva banda, <a title=\"Novel American\" href=\"http:\/\/es.wikipedia.org\/wiki\/Novel_American\">Novel American<\/a>, y <a title=\"Zac Farro\" href=\"http:\/\/es.wikipedia.org\/wiki\/Zac_Farro\">Zac Farro<\/a> tambi\u00e9n fund\u00f3 su nueva banda, <a title=\"Half Noise\" href=\"http:\/\/es.wikipedia.org\/wiki\/Half_Noise\">Half Noise<\/a>.<sup><a href=\"http:\/\/es.wikipedia.org\/wiki\/Paramore#cite_note-44\">[45]<\/a><\/sup> <sup><a href=\"http:\/\/es.wikipedia.org\/wiki\/Paramore#cite_note-45\">[46]<\/a><\/sup> <sup><a href=\"http:\/\/es.wikipedia.org\/wiki\/Paramore#cite_note-46\">[47]<\/a><\/sup><\/p>\n<p>El <a title=\"17 de febrero\" href=\"http:\/\/es.wikipedia.org\/wiki\/17_de_febrero\">17 de febrero<\/a> de <a title=\"2011\" href=\"http:\/\/es.wikipedia.org\/wiki\/2011\">2011<\/a>, <a title=\"Hayley Williams\" href=\"http:\/\/es.wikipedia.org\/wiki\/Hayley_Williams\">Hayley Williams<\/a> ha confirmado que la banda estar\u00e1 en el estudio al regresar de su gira por <a title=\"Am\u00e9rica del Sur\" href=\"http:\/\/es.wikipedia.org\/wiki\/Am%C3%A9rica_del_Sur\">Am\u00e9rica del Sur<\/a>, para grabar un lote de canciones para ser lanzado durante el verano, antes del nuevo <a title=\"\u00c1lbum\" href=\"http:\/\/es.wikipedia.org\/wiki\/%C3%81lbum\">\u00e1lbum<\/a> de larga duraci\u00f3n que pueden ser lanzado a finales de <a title=\"2011\" href=\"http:\/\/es.wikipedia.org\/wiki\/2011\">2011<\/a> o en principios de <a title=\"2012\" href=\"http:\/\/es.wikipedia.org\/wiki\/2012\">2012<\/a>. Una de las canciones que se lanzar\u00e1 es <em><strong>In The Mourning<\/strong><\/em>, que Williams incluy\u00f3 recientemente en su p\u00e1gina de <a title=\"Tumblr\" href=\"http:\/\/es.wikipedia.org\/wiki\/Tumblr\">Tumblr<\/a>.<sup><a href=\"http:\/\/es.wikipedia.org\/wiki\/Paramore#cite_note-47\">[48]<a href=\"http:\/\/blog.espol.edu.ec\/cbasante\/files\/2011\/06\/farrobrothers-300x225.jpg\"><img loading=\"lazy\" decoding=\"async\" class=\"aligncenter size-full wp-image-65\" title=\"farrobrothers-300x225\" src=\"http:\/\/blog.espol.edu.ec\/cbasante\/files\/2011\/06\/farrobrothers-300x225.jpg\" alt=\"\" width=\"300\" height=\"225\" \/><\/a><\/a><\/sup><\/p>\n<p>El <a title=\"21 de marzo\" href=\"http:\/\/es.wikipedia.org\/wiki\/21_de_marzo\">21 de marzo<\/a> de <a title=\"2011\" href=\"http:\/\/es.wikipedia.org\/wiki\/2011\">2011<\/a>, <strong>Paramore<\/strong> inform\u00f3 a trav\u00e9s de sus cuentas en diversas redes sociales que estaban entrando en un estudio en <a title=\"Los \u00c1ngeles\" href=\"http:\/\/es.wikipedia.org\/wiki\/Los_%C3%81ngeles\">Los \u00c1ngeles<\/a> con el productor <a title=\"Rob Cavallo\" href=\"http:\/\/es.wikipedia.org\/wiki\/Rob_Cavallo\">Rob Cavallo<\/a> para grabar su pr\u00f3ximo <a title=\"\u00c1lbum\" href=\"http:\/\/es.wikipedia.org\/wiki\/%C3%81lbum\">\u00e1lbum<\/a>.<sup><a href=\"http:\/\/es.wikipedia.org\/wiki\/Paramore#cite_note-48\">[49]<\/a><\/sup> <sup><a href=\"http:\/\/es.wikipedia.org\/wiki\/Paramore#cite_note-49\">[50]<\/a><\/sup><\/p>\n<p>El <a title=\"23 de mayo\" href=\"http:\/\/es.wikipedia.org\/wiki\/23_de_mayo\">23 de mayo<\/a> de <a title=\"2011\" href=\"http:\/\/es.wikipedia.org\/wiki\/2011\">2011<\/a>, <strong>Paramore<\/strong> anunci\u00f3 a trav\u00e9s de su cuenta de Twitter que van a tener una canci\u00f3n en el Soundtrack de la pel\u00edcula <a title=\"Transformers: Dark of the Moon\" href=\"http:\/\/es.wikipedia.org\/wiki\/Transformers:_Dark_of_the_Moon\">Transformers: Dark of the Moon<\/a>. <sup><a href=\"http:\/\/es.wikipedia.org\/wiki\/Paramore#cite_note-50\">[51]<\/a><\/sup><\/p>\n<p>Antes de iniciar sus conciertos en el <a title=\"Warped Tour\" href=\"http:\/\/es.wikipedia.org\/wiki\/Warped_Tour\">Warped Tour<\/a> <a title=\"2011\" href=\"http:\/\/es.wikipedia.org\/wiki\/2011\">2011<\/a>, Paramore confirm\u00f3 que iban a hacer una peque\u00f1a gira por distintos pa\u00edses de <a title=\"Europa\" href=\"http:\/\/es.wikipedia.org\/wiki\/Europa\">Europa<\/a>; el <a title=\"11\" href=\"http:\/\/es.wikipedia.org\/wiki\/11\">11<\/a> de <a title=\"Julio\" href=\"http:\/\/es.wikipedia.org\/wiki\/Julio\">julio<\/a> de <a title=\"2011\" href=\"http:\/\/es.wikipedia.org\/wiki\/2011\">2011<\/a> visitar\u00e1n por primera vez <a title=\"Espa\u00f1a\" href=\"http:\/\/es.wikipedia.org\/wiki\/Espa%C3%B1a\">Espa\u00f1a<\/a> para dar un concierto en <a title=\"Madrid\" href=\"http:\/\/es.wikipedia.org\/wiki\/Madrid\">Madrid<\/a>, uno en <a title=\"Portugal\" href=\"http:\/\/es.wikipedia.org\/wiki\/Portugal\">Portugal<\/a>, uno en <a title=\"Suecia\" href=\"http:\/\/es.wikipedia.org\/wiki\/Suecia\">Suecia<\/a> y uno en <a title=\"Polonia\" href=\"http:\/\/es.wikipedia.org\/wiki\/Polonia\">Polonia<\/a>, adem\u00e1s de una gira por el <a title=\"Sudeste asi\u00e1tico\" href=\"http:\/\/es.wikipedia.org\/wiki\/Sudeste_asi%C3%A1tico\">sudeste asi\u00e1tico<\/a> por <a title=\"Indonesia\" href=\"http:\/\/es.wikipedia.org\/wiki\/Indonesia\">Indonesia<\/a> y <a title=\"Hong Kong\" href=\"http:\/\/es.wikipedia.org\/wiki\/Hong_Kong\">Hong Kong<\/a>.<\/p>\n<p>El <a title=\"26 de mayo\" href=\"http:\/\/es.wikipedia.org\/wiki\/26_de_mayo\">26 de mayo<\/a> de <a title=\"2011\" href=\"http:\/\/es.wikipedia.org\/wiki\/2011\">2011<\/a> se puso a disposici\u00f3n de los fans de la banda a trav\u00e9s del canal oficial de <a title=\"Fueled by Ramen\" href=\"http:\/\/es.wikipedia.org\/wiki\/Fueled_by_Ramen\">Fueled by Ramen<\/a> en <a title=\"YouTube\" href=\"http:\/\/es.wikipedia.org\/wiki\/YouTube\">YouTube<\/a> 30 segundos de lo que ser\u00e1 el pr\u00f3ximo sencillo de la banda, \"<a title=\"Monster (canci\u00f3n de Paramore)\" href=\"http:\/\/es.wikipedia.org\/wiki\/Monster_%28canci%C3%B3n_de_Paramore%29\">Monster<\/a>\", y la fecha de estreno oficial del sencillo ser\u00e1 el <a title=\"7 de junio\" href=\"http:\/\/es.wikipedia.org\/wiki\/7_de_junio\">7 de junio<\/a> de <a title=\"2011\" href=\"http:\/\/es.wikipedia.org\/wiki\/2011\">2011<\/a>, pero la canci\u00f3n pudo ser escuchada el <a title=\"3 de junio\" href=\"http:\/\/es.wikipedia.org\/wiki\/3_de_junio\">3 de junio<\/a> de <a title=\"2011\" href=\"http:\/\/es.wikipedia.org\/wiki\/2011\">2011<\/a> en la p\u00e1gina oficial de Paramore.<\/p>\n<p><iframe loading=\"lazy\" title=\"Josh Farro - The Truth [LEGENDADO] paramore.com.br\" width=\"500\" height=\"375\" src=\"https:\/\/www.youtube.com\/embed\/sVw2bZdu0IE?feature=oembed\" frameborder=\"0\" allow=\"accelerometer; autoplay; clipboard-write; encrypted-media; gyroscope; picture-in-picture; web-share\" referrerpolicy=\"strict-origin-when-cross-origin\" allowfullscreen><\/iframe><\/p>\n","protected":false},"excerpt":{"rendered":"<p>El 10 de enero de 2011, en una entrevista con MTV, Hayley Williams ha dicho que a pesar de que la banda perdi\u00f3 a dos de sus miembros fundadores, lanzar\u00e1n nuevas canciones en 2011, aunque no se sabe si ser\u00e1 para grabar un \u00e1lbum para este a\u00f1o o un paquete de canciones. La cantante tambi\u00e9n [&hellip;]<\/p>\n","protected":false},"author":5842,"featured_media":0,"parent":0,"menu_order":0,"comment_status":"open","ping_status":"open","template":"","meta":{"footnotes":""},"class_list":["post-64","page","type-page","status-publish","hentry"],"_links":{"self":[{"href":"https:\/\/blog.espol.edu.ec\/cbasante\/wp-json\/wp\/v2\/pages\/64","targetHints":{"allow":["GET"]}}],"collection":[{"href":"https:\/\/blog.espol.edu.ec\/cbasante\/wp-json\/wp\/v2\/pages"}],"about":[{"href":"https:\/\/blog.espol.edu.ec\/cbasante\/wp-json\/wp\/v2\/types\/page"}],"author":[{"embeddable":true,"href":"https:\/\/blog.espol.edu.ec\/cbasante\/wp-json\/wp\/v2\/users\/5842"}],"replies":[{"embeddable":true,"href":"https:\/\/blog.espol.edu.ec\/cbasante\/wp-json\/wp\/v2\/comments?post=64"}],"version-history":[{"count":5,"href":"https:\/\/blog.espol.edu.ec\/cbasante\/wp-json\/wp\/v2\/pages\/64\/revisions"}],"predecessor-version":[{"id":98,"href":"https:\/\/blog.espol.edu.ec\/cbasante\/wp-json\/wp\/v2\/pages\/64\/revisions\/98"}],"wp:attachment":[{"href":"https:\/\/blog.espol.edu.ec\/cbasante\/wp-json\/wp\/v2\/media?parent=64"}],"curies":[{"name":"wp","href":"https:\/\/api.w.org\/{rel}","templated":true}]}}