{"id":86,"date":"2009-11-22T18:34:04","date_gmt":"2009-11-22T23:34:04","guid":{"rendered":"http:\/\/blog.espol.edu.ec\/cccarren\/?page_id=86"},"modified":"2009-11-22T18:35:10","modified_gmt":"2009-11-22T23:35:10","slug":"adobe","status":"publish","type":"page","link":"https:\/\/blog.espol.edu.ec\/cccarren\/adobe\/","title":{"rendered":"Adobe"},"content":{"rendered":"<div style=\"text-align: center\"><span style=\"color: red\">dobe Illustrator es un excelente, por no decir de los mejores, programa de dise\u00f1o vectorial con el que podr\u00e1s crear im\u00e1genes vectoriales llenas de vida y de gran calidad en un tiempo r\u00e9cord.<\/p>\n<p>Todas las herramientas del programa te ayudar\u00e1n a ser m\u00e1s productivo y acabar el trabajo a tiempo para la fecha de entrega, estas herramientas incluyen: Acciones, paletas de Enlaces y de Navegaci\u00f3n, etc.<\/p>\n<p>Algunas caracter\u00edsticas te sorprender\u00e1n, como el l\u00e1piz, que te permitir\u00e1 dibujar y realizar bocetos en la pantalla con la misma facilidad que lo har\u00edas en una hoja de papel, simplificando el proceso creativo.<\/p>\n<p>Los jugos de tu creatividad fluir\u00e1n gracias a las potentes herramientas de dibujo, las herramientas para procesar el color, las de creaci\u00f3n y modificaci\u00f3n de tramas, las nuevas brochas, la nueva y potente capacidad de mezclar degradados, y muchas otras opciones nuevas.<\/p>\n<p>Adem\u00e1s, la excepcional integraci\u00f3n con otros productos Adobe te permitir\u00e1 preparar tus im\u00e1genes para imprimir, hacer presentaciones o ponerlas en Internet, con una enorme facilidad.<\/p>\n<p><\/span><\/div>\n<div style=\"text-align: center\"><span style=\"color: red\"><a href=\"http:\/\/www.megaupload.com\/?d=QLBHBV23\" target=\"_blank\">Descarga<\/a><\/span><\/div>\n<div style=\"text-align: center\"><span style=\"color: red\"><a class=\"flickr-image aligncenter\" title=\"phpiJdthB\" href=\"http:\/\/www.flickr.com\/photos\/44889376@N03\/4125669451\/\"><img decoding=\"async\" src=\"http:\/\/farm3.static.flickr.com\/2551\/4125669451_25d822d1f1_t.jpg\" alt=\"phpiJdthB\" \/><\/a><br \/>\n<\/span><\/div>\n","protected":false},"excerpt":{"rendered":"<p>dobe Illustrator es un excelente, por no decir de los mejores, programa de dise\u00f1o vectorial con el que podr\u00e1s crear im\u00e1genes vectoriales llenas de vida y de gran calidad en un tiempo r\u00e9cord. Todas las herramientas del programa te ayudar\u00e1n a ser m\u00e1s productivo y acabar el trabajo a tiempo para la fecha de entrega, [&hellip;]<\/p>\n","protected":false},"author":3057,"featured_media":0,"parent":0,"menu_order":0,"comment_status":"open","ping_status":"open","template":"","meta":{"footnotes":""},"class_list":["post-86","page","type-page","status-publish","hentry"],"_links":{"self":[{"href":"https:\/\/blog.espol.edu.ec\/cccarren\/wp-json\/wp\/v2\/pages\/86","targetHints":{"allow":["GET"]}}],"collection":[{"href":"https:\/\/blog.espol.edu.ec\/cccarren\/wp-json\/wp\/v2\/pages"}],"about":[{"href":"https:\/\/blog.espol.edu.ec\/cccarren\/wp-json\/wp\/v2\/types\/page"}],"author":[{"embeddable":true,"href":"https:\/\/blog.espol.edu.ec\/cccarren\/wp-json\/wp\/v2\/users\/3057"}],"replies":[{"embeddable":true,"href":"https:\/\/blog.espol.edu.ec\/cccarren\/wp-json\/wp\/v2\/comments?post=86"}],"version-history":[{"count":3,"href":"https:\/\/blog.espol.edu.ec\/cccarren\/wp-json\/wp\/v2\/pages\/86\/revisions"}],"predecessor-version":[{"id":89,"href":"https:\/\/blog.espol.edu.ec\/cccarren\/wp-json\/wp\/v2\/pages\/86\/revisions\/89"}],"wp:attachment":[{"href":"https:\/\/blog.espol.edu.ec\/cccarren\/wp-json\/wp\/v2\/media?parent=86"}],"curies":[{"name":"wp","href":"https:\/\/api.w.org\/{rel}","templated":true}]}}