{"id":15,"date":"2016-11-07T21:25:10","date_gmt":"2016-11-07T21:25:10","guid":{"rendered":"http:\/\/blog.espol.edu.ec\/cdmatamo\/?page_id=15"},"modified":"2016-11-13T04:37:58","modified_gmt":"2016-11-13T04:37:58","slug":"pensamientos-para-reflexionar","status":"publish","type":"page","link":"https:\/\/blog.espol.edu.ec\/cdmatamo\/pensamientos-para-reflexionar\/","title":{"rendered":"Pensamientos para reflexionar"},"content":{"rendered":"<p><img loading=\"lazy\" decoding=\"async\" class=\"size-medium wp-image-16 aligncenter\" src=\"http:\/\/blog.espol.edu.ec\/cdmatamo\/files\/2016\/11\/imagenes-y-frases-2-850x478.png\" alt=\"imagenes-y-frases\" width=\"850\" height=\"478\" srcset=\"https:\/\/blog.espol.edu.ec\/cdmatamo\/files\/2016\/11\/imagenes-y-frases-2-850x478.png 850w, https:\/\/blog.espol.edu.ec\/cdmatamo\/files\/2016\/11\/imagenes-y-frases-2-250x141.png 250w\" sizes=\"auto, (max-width: 850px) 100vw, 850px\" \/><\/p>\n<div class=\"embed-container\"><iframe loading=\"lazy\" width=\"750\" height=\"422\" src=\"https:\/\/www.youtube.com\/embed\/VzB8xC_CwH8?feature=oembed\" frameborder=\"0\" allow=\"autoplay; encrypted-media\" allowfullscreen><\/iframe><\/div>\n<h3 style=\"text-align: center\"><\/h3>\n<h3 style=\"text-align: center\">Todo lo que suceda en tu vida, siempre depender\u00e1 de t\u00ed y solamente de t\u00ed.<\/h3>\n","protected":false},"excerpt":{"rendered":"<p>Todo lo que suceda en tu vida, siempre depender\u00e1 de t\u00ed y solamente de t\u00ed.<\/p>\n","protected":false},"author":10667,"featured_media":0,"parent":0,"menu_order":0,"comment_status":"closed","ping_status":"closed","template":"","meta":{"footnotes":""},"class_list":["post-15","page","type-page","status-publish","hentry","nodate","item-wrap"],"aioseo_notices":[],"_links":{"self":[{"href":"https:\/\/blog.espol.edu.ec\/cdmatamo\/wp-json\/wp\/v2\/pages\/15","targetHints":{"allow":["GET"]}}],"collection":[{"href":"https:\/\/blog.espol.edu.ec\/cdmatamo\/wp-json\/wp\/v2\/pages"}],"about":[{"href":"https:\/\/blog.espol.edu.ec\/cdmatamo\/wp-json\/wp\/v2\/types\/page"}],"author":[{"embeddable":true,"href":"https:\/\/blog.espol.edu.ec\/cdmatamo\/wp-json\/wp\/v2\/users\/10667"}],"replies":[{"embeddable":true,"href":"https:\/\/blog.espol.edu.ec\/cdmatamo\/wp-json\/wp\/v2\/comments?post=15"}],"version-history":[{"count":4,"href":"https:\/\/blog.espol.edu.ec\/cdmatamo\/wp-json\/wp\/v2\/pages\/15\/revisions"}],"predecessor-version":[{"id":113,"href":"https:\/\/blog.espol.edu.ec\/cdmatamo\/wp-json\/wp\/v2\/pages\/15\/revisions\/113"}],"wp:attachment":[{"href":"https:\/\/blog.espol.edu.ec\/cdmatamo\/wp-json\/wp\/v2\/media?parent=15"}],"curies":[{"name":"wp","href":"https:\/\/api.w.org\/{rel}","templated":true}]}}