{"id":34,"date":"2014-11-06T20:20:57","date_gmt":"2014-11-06T20:20:57","guid":{"rendered":"http:\/\/blog.espol.edu.ec\/cebolano\/?page_id=34"},"modified":"2014-11-11T13:03:35","modified_gmt":"2014-11-11T13:03:35","slug":"tecnicas-de-estudio","status":"publish","type":"page","link":"https:\/\/blog.espol.edu.ec\/cebolano\/tecnicas-de-estudio\/","title":{"rendered":"T\u00e9cnicas de Estudio *-*"},"content":{"rendered":"<ul>\n<li>Elabora tarjetas en cartulina con frases simples y complejas, te ayudaran mucho cuando no recuerdes la <a title=\"La Escritura\" href=\"http:\/\/www.todolibroantiguo.es\/tipografia\/historia-escritura-edad-media-libro-antiguo.html\" target=\"_blank\">escritura<\/a> de ciertas palabras o la manera en la que debes decir algo.<\/li>\n<li>Si no entiendes alguna palabra o frase <a title=\"Subrayar\" href=\"http:\/\/www.psicopedagogia.com\/tecnicas-de-estudio\/subrayado\" target=\"_blank\">subr\u00e1yala<\/a> y as\u00ed despu\u00e9s podr\u00e1s preguntarle a tu profesor\/a.<\/li>\n<li style=\"text-align: left\">Que no te de pena pedirle a alguien que te pronuncie la palabra que no entiendes. Puedes escribir como se pronuncia y repetirla varias veces, as\u00ed mejorar\u00e1s mucho tu <a title=\"Mejora tu pronunciaci\u00f3n\" href=\"http:\/\/reallifeglobal.com\/mejorar-pronunciacion\/\" target=\"_blank\">pronunciaci\u00f3n.<\/a><\/li>\n<\/ul>\n<ul>\n<li>Crea conexiones entre im\u00e1genes y palabras. Cuando estaba aprendiendo ingl\u00e9s pegaba una tarjetita encima de alg\u00fan objeto y escrib\u00eda su nombre en ingl\u00e9s y como se pronunciaba.<\/li>\n<li>Habla contigo mismo. Cuando te encuentres solo recuerda y repite en voz alta cada frase o palabra que hayas aprendido.<\/li>\n<li>Gr\u00e1bate. Cuando empieces a armar frases y realizar <a title=\"Definici\u00f3n de Dialogo\" href=\"http:\/\/definicion.de\/dialogo\/\" target=\"_blank\">di\u00e1logos<\/a> gr\u00e1bate para que as\u00ed puedas identificar las palabras que no pronuncies bien y como mejorarlas.<\/li>\n<li>Si ya tienes conocimientos b\u00e1sicos de alg\u00fan idioma y puedes armar frases simples puedes realizar <a title=\"Definici\u00f3n de Test\" href=\"http:\/\/definicion.de\/test\/\" target=\"_blank\">test<\/a> en l\u00ednea para probarte a ti mismo.<\/li>\n<li>Re\u00fanete con un grupo de compa\u00f1eros que est\u00e9n en tu mismo nivel e intenta mantener una conversaci\u00f3n. Habr\u00e1 m\u00e1s confianza y podr\u00e1n preguntarse cosas que te apena preguntarle al profesor como la pronunciaci\u00f3n de las palabras o el significado de alguna otra.<\/li>\n<li>Aprende las reglas del uso de las palabras, por ejemplo el uso del <a title=\"Past Tense Rules\" href=\"http:\/\/www.grammar.cl\/english\/past-tense.htm\" target=\"_blank\">past tense<\/a>, y apl\u00edcalas todo cuanto puedas durante el d\u00eda. Una vez afianzado este conocimiento sigue con otro.<\/li>\n<li>Escucha canciones que est\u00e9n en el idioma que estas aprendiendo. Quiz\u00e1s al principio te resulte dif\u00edcil pero con el tiempo podr\u00e1s entender las palabras con facilidad. Te sugiero que primero lo hagas con los subt\u00edtulos y luego sin estos, captaras las palabras y recordaras con mayor facilidad lo que se dice.<\/li>\n<li>Yo s\u00e9 que no es f\u00e1cil concentrarse mientras estas aprendiendo algo nuevo y la soluci\u00f3n siempre es alejarse del ruido. Intenta realizar las actividades comunes durante tu tiempo de estudio normal y te resultara muy f\u00e1cil aprender un nuevo idioma.<\/li>\n<li>Intenta <a title=\"Definici\u00f3n de Traducir\" href=\"http:\/\/www.wordreference.com\/definicion\/traducir\" target=\"_blank\">traducir<\/a> todo lo que veas, escuches o leas durante tu d\u00eda, empezaras a pensar en el idioma que buscas aprender y si alguna palabra no sabes podr\u00e1s apuntarla y revisarla cuando llegues a casa.<\/li>\n<\/ul>\n","protected":false},"excerpt":{"rendered":"<p>Elabora tarjetas en cartulina con frases simples y complejas, te ayudaran mucho cuando no recuerdes la escritura de ciertas palabras o la manera en la que debes decir algo. Si no entiendes alguna palabra o frase subr\u00e1yala y as\u00ed despu\u00e9s podr\u00e1s preguntarle a tu profesor\/a. Que no te de pena pedirle a alguien que te [&hellip;]<\/p>\n","protected":false},"author":9336,"featured_media":35,"parent":0,"menu_order":4,"comment_status":"open","ping_status":"open","template":"","meta":{"footnotes":""},"class_list":["post-34","page","type-page","status-publish","has-post-thumbnail","hentry"],"_links":{"self":[{"href":"https:\/\/blog.espol.edu.ec\/cebolano\/wp-json\/wp\/v2\/pages\/34","targetHints":{"allow":["GET"]}}],"collection":[{"href":"https:\/\/blog.espol.edu.ec\/cebolano\/wp-json\/wp\/v2\/pages"}],"about":[{"href":"https:\/\/blog.espol.edu.ec\/cebolano\/wp-json\/wp\/v2\/types\/page"}],"author":[{"embeddable":true,"href":"https:\/\/blog.espol.edu.ec\/cebolano\/wp-json\/wp\/v2\/users\/9336"}],"replies":[{"embeddable":true,"href":"https:\/\/blog.espol.edu.ec\/cebolano\/wp-json\/wp\/v2\/comments?post=34"}],"version-history":[{"count":2,"href":"https:\/\/blog.espol.edu.ec\/cebolano\/wp-json\/wp\/v2\/pages\/34\/revisions"}],"predecessor-version":[{"id":37,"href":"https:\/\/blog.espol.edu.ec\/cebolano\/wp-json\/wp\/v2\/pages\/34\/revisions\/37"}],"wp:featuredmedia":[{"embeddable":true,"href":"https:\/\/blog.espol.edu.ec\/cebolano\/wp-json\/wp\/v2\/media\/35"}],"wp:attachment":[{"href":"https:\/\/blog.espol.edu.ec\/cebolano\/wp-json\/wp\/v2\/media?parent=34"}],"curies":[{"name":"wp","href":"https:\/\/api.w.org\/{rel}","templated":true}]}}