{"id":54,"date":"2014-11-06T21:06:17","date_gmt":"2014-11-06T21:06:17","guid":{"rendered":"http:\/\/blog.espol.edu.ec\/cebolano\/?page_id=54"},"modified":"2014-11-11T13:02:29","modified_gmt":"2014-11-11T13:02:29","slug":"por-que-estudiar-idiomas","status":"publish","type":"page","link":"https:\/\/blog.espol.edu.ec\/cebolano\/por-que-estudiar-idiomas\/","title":{"rendered":"Por qu\u00e9 estudiar idiomas?"},"content":{"rendered":"<p>La principal raz\u00f3n por la que eleg\u00ed mi carrera fue por esa palabra tan importante \u201cINTERNACIONAL\u201d. Una de las cosas que me fascinan es el <a title=\"El aprendizaje\" href=\"http:\/\/dspace.ups.edu.ec\/bitstream\/123456789\/536\/3\/Capitulo1.pdf\" target=\"_blank\">aprendizaje<\/a> de nuevos y diversos idiomas. Aunque al principio me parec\u00eda muy poco agradable y terror\u00edfica la idea de estudiar un idioma que solo ve\u00eda en pel\u00edculas y que cre\u00eda una meta casi imposible, con el tiempo fue mejorando, me enamore de aprender y de la idea de poder comunicarme con cualquier persona, alej\u00e9 de m\u00ed el miedo de <a title=\"Significado de Asimilacion\" href=\"http:\/\/www.wordreference.com\/definicion\/asimilaci%C3%B3n\" target=\"_blank\">asimilar<\/a> cosas nuevas y experimentar diversas culturas. Actualmente manejo un nivel un poco avanzado de ingl\u00e9s, estoy estudiando franc\u00e9s y me he fijado el objetivo de aprender mandar\u00edn y alem\u00e1n.<\/p>\n<p>&nbsp;<\/p>\n<p>Hoy en d\u00eda es un requisito indispensable hablar como m\u00ednimo ingl\u00e9s, los requerimientos de este nuevo mundo <a title=\"la globalizacion\" href=\"http:\/\/es.wikipedia.org\/wiki\/Globalizaci%C3%B3n\" target=\"_blank\">globalizado<\/a> exigen que exista un idioma universal para la negociaci\u00f3n y dem\u00e1s. \u00bfPor qu\u00e9 no hablar espa\u00f1ol? Pens\u00e9 yo,\u00a0 en realidad el ingl\u00e9s es un idioma ya arraigado en muchos pa\u00edses cuya lengua natal no es el mismo y ha servido como una conexi\u00f3n directa ya desde hace mucho tiempo.<\/p>\n<p>&nbsp;<\/p>\n<p>Yo s\u00e9 que al inicio no es nada f\u00e1cil adaptarse a una clase en la que el profesor te habla y te da indicaciones en un idioma totalmente ajeno al tuyo, pero vamos, int\u00e9ntalo!!!<\/p>\n<p>&nbsp;<\/p>\n<p>&nbsp;<\/p>\n<p>&nbsp;<\/p>\n<p>&nbsp;<\/p>\n<table>\n<tbody>\n<tr>\n<td width=\"285\">\n<table width=\"100%\">\n<tbody>\n<tr>\n<td><strong>RAZONES<\/strong><\/td>\n<\/tr>\n<\/tbody>\n<\/table>\n<\/td>\n<\/tr>\n<\/tbody>\n<\/table>\n<p>&nbsp;<\/p>\n<p>&nbsp;<\/p>\n<p>He aqu\u00ed unas de las principales razones por las cuales deber\u00edas estudiar idiomas:<\/p>\n<p>&nbsp;<\/p>\n<ul>\n<li>Tendr\u00e1s la oportunidad de realizar innumerables viajes y <a title=\"Relaciones Personales\" href=\"http:\/\/www.gestiopolis.com\/canales6\/mkt\/mercadeopuntocom\/las-relaciones-personales.htm\" target=\"_blank\">relacionarte<\/a> de la mejor manera posible.<\/li>\n<li>Hacer amigos extranjeros que visiten tu pa\u00eds. Por qu\u00e9 no???<\/li>\n<li>Tener conocimientos de diferentes idiomas te abrir\u00e1 las puertas de muchos empleos: la <a title=\"Qu\u00e9 es la Oferta laboral?\" href=\"http:\/\/www.economia48.com\/spa\/d\/oferta-de-trabajo\/oferta-de-trabajo.htm\" target=\"_blank\">oferta laboral<\/a> es muy limitada y saber por lo menos un idioma m\u00e1s te catapultara hacia un mejor empleo.<\/li>\n<li>Experimentar y enriquecerte de diversas<a title=\"Culturas del Mundo\" href=\"http:\/\/e-ducativa.catedu.es\/44700165\/aula\/archivos\/repositorio\/\/500\/614\/html\/Unidad_02\/pagina_5.html\" target=\"_blank\"> culturas.<\/a> Cada idioma te abrir\u00e1 una puerta directa a la forma de vida de personas de otros pa\u00edses.<\/li>\n<li>Has pensado en obtener becas en alg\u00fan pa\u00eds extranjero?. Pues cr\u00e9eme que saber el idioma que todos hablan en ese pa\u00eds te ayudara sobremanera.<\/li>\n<li>Tu superaci\u00f3n como persona debe ser la base en todo lo que emprendas.<\/li>\n<li>Podr\u00e1s eliminar esas debilidades que no te permiten avanzar<\/li>\n<li>Puedes tener acceso a un sin n\u00famero de informaci\u00f3n que no se encuentre traducido al espa\u00f1ol.<\/li>\n<\/ul>\n","protected":false},"excerpt":{"rendered":"<p>La principal raz\u00f3n por la que eleg\u00ed mi carrera fue por esa palabra tan importante \u201cINTERNACIONAL\u201d. Una de las cosas que me fascinan es el aprendizaje de nuevos y diversos idiomas. Aunque al principio me parec\u00eda muy poco agradable y terror\u00edfica la idea de estudiar un idioma que solo ve\u00eda en pel\u00edculas y que cre\u00eda [&hellip;]<\/p>\n","protected":false},"author":9336,"featured_media":0,"parent":0,"menu_order":3,"comment_status":"open","ping_status":"open","template":"","meta":{"footnotes":""},"class_list":["post-54","page","type-page","status-publish","hentry"],"_links":{"self":[{"href":"https:\/\/blog.espol.edu.ec\/cebolano\/wp-json\/wp\/v2\/pages\/54","targetHints":{"allow":["GET"]}}],"collection":[{"href":"https:\/\/blog.espol.edu.ec\/cebolano\/wp-json\/wp\/v2\/pages"}],"about":[{"href":"https:\/\/blog.espol.edu.ec\/cebolano\/wp-json\/wp\/v2\/types\/page"}],"author":[{"embeddable":true,"href":"https:\/\/blog.espol.edu.ec\/cebolano\/wp-json\/wp\/v2\/users\/9336"}],"replies":[{"embeddable":true,"href":"https:\/\/blog.espol.edu.ec\/cebolano\/wp-json\/wp\/v2\/comments?post=54"}],"version-history":[{"count":3,"href":"https:\/\/blog.espol.edu.ec\/cebolano\/wp-json\/wp\/v2\/pages\/54\/revisions"}],"predecessor-version":[{"id":58,"href":"https:\/\/blog.espol.edu.ec\/cebolano\/wp-json\/wp\/v2\/pages\/54\/revisions\/58"}],"wp:attachment":[{"href":"https:\/\/blog.espol.edu.ec\/cebolano\/wp-json\/wp\/v2\/media?parent=54"}],"curies":[{"name":"wp","href":"https:\/\/api.w.org\/{rel}","templated":true}]}}