{"id":23,"date":"2011-10-28T16:22:48","date_gmt":"2011-10-28T16:22:48","guid":{"rendered":"http:\/\/blog.espol.edu.ec\/cedacast\/?page_id=23"},"modified":"2011-10-28T16:23:04","modified_gmt":"2011-10-28T16:23:04","slug":"chora-me-liga-joao-bosco","status":"publish","type":"page","link":"https:\/\/blog.espol.edu.ec\/cedacast\/chora-me-liga-joao-bosco\/","title":{"rendered":"CHORA ME LIGA, JO\u00c3O BOSCO"},"content":{"rendered":"<pre><span><span>N\u00e3o era pra voc\u00ea se apaixonar\r\nEra s\u00f3 pra gente ficar,\r\nEu te avisei\r\nMeu bem eu te avisei.\r\nVoc\u00ea sabia que eu era assim\r\nPaix\u00e3o de uma noite\r\nQue logo tem fim\r\nEu te falei\r\nMeu bem eu te falei\r\nN\u00e3o vai ser t\u00e3o f\u00e1cil assim\r\nvoc\u00ea me ter nas m\u00e3os\r\n\r\nLogo voc\u00ea que era acostumada a ficar com outro cora\u00e7\u00e3o\r\nN\u00e3o venha me perguntar\r\nQual a melhor sa\u00edda\r\nEu sofri muito por amor\r\nAgora eu vou curtir a vida\r\nChora, me liga\r\nImplora o meu beijo de novo\r\nMe pede socorro\r\n\r\nQuem sabe eu vou te salvar\r\nChora, me liga\r\nImplora pelo meu amor\r\nPede por favor\r\nQuem sabe um dia eu volto a te procurar<\/span><\/span><\/pre>\n","protected":false},"excerpt":{"rendered":"<p>N\u00e3o era pra voc\u00ea se apaixonar Era s\u00f3 pra gente ficar, Eu te avisei Meu bem eu te avisei. Voc\u00ea sabia que eu era assim Paix\u00e3o de uma noite Que logo tem fim Eu te falei Meu bem eu te falei N\u00e3o vai ser t\u00e3o f\u00e1cil assim voc\u00ea me ter nas m\u00e3os Logo voc\u00ea que [&hellip;]<\/p>\n","protected":false},"author":6857,"featured_media":0,"parent":0,"menu_order":0,"comment_status":"open","ping_status":"open","template":"","meta":{"footnotes":""},"class_list":["post-23","page","type-page","status-publish","hentry"],"_links":{"self":[{"href":"https:\/\/blog.espol.edu.ec\/cedacast\/wp-json\/wp\/v2\/pages\/23","targetHints":{"allow":["GET"]}}],"collection":[{"href":"https:\/\/blog.espol.edu.ec\/cedacast\/wp-json\/wp\/v2\/pages"}],"about":[{"href":"https:\/\/blog.espol.edu.ec\/cedacast\/wp-json\/wp\/v2\/types\/page"}],"author":[{"embeddable":true,"href":"https:\/\/blog.espol.edu.ec\/cedacast\/wp-json\/wp\/v2\/users\/6857"}],"replies":[{"embeddable":true,"href":"https:\/\/blog.espol.edu.ec\/cedacast\/wp-json\/wp\/v2\/comments?post=23"}],"version-history":[{"count":2,"href":"https:\/\/blog.espol.edu.ec\/cedacast\/wp-json\/wp\/v2\/pages\/23\/revisions"}],"predecessor-version":[{"id":25,"href":"https:\/\/blog.espol.edu.ec\/cedacast\/wp-json\/wp\/v2\/pages\/23\/revisions\/25"}],"wp:attachment":[{"href":"https:\/\/blog.espol.edu.ec\/cedacast\/wp-json\/wp\/v2\/media?parent=23"}],"curies":[{"name":"wp","href":"https:\/\/api.w.org\/{rel}","templated":true}]}}