{"id":45,"date":"2016-11-15T17:20:01","date_gmt":"2016-11-15T17:20:01","guid":{"rendered":"http:\/\/blog.espol.edu.ec\/celandet\/?page_id=45"},"modified":"2016-11-15T17:20:01","modified_gmt":"2016-11-15T17:20:01","slug":"9-efectos-que-la-musica-clasica-produce-sobre-nuestro-cerebro","status":"publish","type":"page","link":"https:\/\/blog.espol.edu.ec\/celandet\/9-efectos-que-la-musica-clasica-produce-sobre-nuestro-cerebro\/","title":{"rendered":"9 efectos que la m\u00fasica cl\u00e1sica produce sobre nuestro cerebro"},"content":{"rendered":"<p>1. La m\u00fasica causa las mismas emociones que el habla:<\/p>\n<p>Seg\u00fan algunos estudios, la m\u00fasica tiene la capacidad de provocar escalofr\u00edos o hacer que nuestro coraz\u00f3n \u201cse hinche de alegr\u00eda\u201d, incluso en diferentes culturas.. Por ejemplo, la m\u00fasica occidental causa emociones de excitaci\u00f3n o alegr\u00eda. Esto se deber\u00eda a que la m\u00fasica imita las caracter\u00edsticas tonales de la emoci\u00f3n de la voz, aprovechando nuestra capacidad de comunicaci\u00f3n y nuestras asociaciones culturales de la misma forma.<\/p>\n<p>2. La m\u00fasica puede ayudarnos a recuperarnos tras un trasplante:<br \/>\nPues si, seg\u00fan una investigaci\u00f3n publicada en The Journal of Surgery Cardiothoraic, escuchar m\u00fasica cl\u00e1sica u \u00f3pera tras un trasplante de coraz\u00f3n puede significar la diferencia entre el \u00e9xito y el fracaso, ya que han encontrado que la m\u00fasica reduce la ansiedad, el dolor y las nauseas, incluso afirman que podr\u00eda haber alg\u00fan efecto sobre el sistema nervioso parasimp\u00e1tico (una parte del sistema nervioso cuya funci\u00f3n es controlar cosas inconscientes de nuestro cuerpo, como la digesti\u00f3n). Seg\u00fan la investigaci\u00f3n, realizada con ratones que recibieron un trasplante card\u00edaco, la m\u00fasica cl\u00e1sica alargaba el tiempo de vida del trasplante antes de que fallara respecto a otros tipos de m\u00fasica, posiblemente mejorando el sistema inmune seg\u00fan los investigadores, pero esto no est\u00e1 totalmente aclarado.<\/p>\n<p>3. La m\u00fasica cl\u00e1sica puede reducir el dolor y la ansiedad:<br \/>\nRelacion\u00e1ndolo con el ejemplo anterior, una investigaci\u00f3n realizada por el Duke Cancer Institute encontr\u00f3 que usar auriculares con cancelaci\u00f3n de ruido y en los que se escuchara m\u00fasica cl\u00e1sica (en este caso se escuchaba a Bach), redujo el dolor y la ansiedad durante una biopsia de pr\u00f3stata. Normalmente se produce aumento de presi\u00f3n arterial por la tensi\u00f3n y ansiedad, pero al poner la m\u00fasica no se di\u00f3 tal aumento. Adem\u00e1s, los que usaron auriculares informaron que sintieron menos dolor.<\/p>\n<p>4. Escuchar m\u00fasica cl\u00e1sica podr\u00eda mejorar el rendimiento:<\/p>\n<p>Seg\u00fan un estudio reciente del Health Science Center de la Universidad de Texas, los m\u00e9dicos que escuchaban a Mozart mientras realizaban una colonoscopia aumentaron sus tasas de detecci\u00f3n de p\u00f3lipos precancerosos por encima de las referencias, y por encima de los m\u00e9dicos que no escuchaban m\u00fasica. Incluso cuando los m\u00e9dicos conoc\u00edan la finalidad del estudio, sus tasas de detecci\u00f3n saltaban del 27,1 % al 36,7 %, que no esta nada mal. La investigaci\u00f3n sugiere que esta mejora del rendimiento tambi\u00e9n podr\u00eda darse en m\u00e1s profesiones y en otras situaciones.<\/p>\n<p>5. La m\u00fasica cl\u00e1sica puede bajar la presi\u00f3n arterial:<br \/>\nSi ya sabemos que reduce el dolor y la ansiedad, que nos digan que la m\u00fasica tambi\u00e9n reduce la presi\u00f3n arterial no deber\u00eda sorprendernos, ya que tambi\u00e9n reduce el estr\u00e9s y esto, a su vez, afecta a la presi\u00f3n arterial, seg\u00fan las comparaciones realizadas en un estudio de la Universidad de San Diego entre m\u00fasica cl\u00e1sica y jazz, pop u otras. Como ya imaginar\u00e9is, los que escuchaban m\u00fasica cl\u00e1sica ten\u00edan niveles m\u00e1s bajos de presi\u00f3n arterial.<\/p>\n<p>6. Escuchar m\u00fasica cl\u00e1sica podr\u00eda combatir el insomnio:<br \/>\nComo ya os coment\u00e9, primero hay que dejar de fumar (o no empezar), ya que el tabaco afecta a la calidad del sue\u00f1o. Y, si a\u00fan as\u00ed ten\u00e9is problemas para conciliar el sue\u00f1o, una investigaci\u00f3n de la Universidad de Toronto afirma que escuchar m\u00fasica cl\u00e1sica antes de dormir podr\u00eda ayudar, ya que provocar\u00eda que nos durmamos m\u00e1s r\u00e1pido y que, adem\u00e1s, durmieramos m\u00e1s tiempo (\u00bfpara qu\u00e9 usar f\u00e1rmacos teniendo m\u00fasica? encima m\u00e1s econ\u00f3mico oiga).<\/p>\n<p>Esto se deber\u00eda a los ritmos y patrones tonales de este tipo de m\u00fasica, que crean un estado de \u00e1nimo meditativo y unas ondas cerebrales lentas.<\/p>\n<p>7. El \u201cEfecto Mozart\u201d mejora de forma temporal el razonamiento espacio-temporal y la memoria a corto plazo:<br \/>\nPues si, Mozart tambi\u00e9n tiene un efecto, aparte de grandes obras musicales. Este efecto consiste, seg\u00fan un meta-an\u00e1lisis de todas las investigaciones realizadas hasta 1999 sobre el tema, en que escuchar a Mozart causaria excitaci\u00f3n, lo cual provocaria una mejora temporal del razonamiento espacial y de la memoria a corto plazo (pero nada de mejorar nuestro cociente intelectual, que nadie se ilusione). Seg\u00fan otro estudio realizado en 2003, esta mejora apenas durar\u00eda 15 minutos.<\/p>\n<p>8. La m\u00fasica cl\u00e1sica puede fomentar el de<img loading=\"lazy\" decoding=\"async\" class=\"alignnone  wp-image-46 aligncenter\" src=\"http:\/\/blog.espol.edu.ec\/celandet\/files\/2016\/11\/Musica-Clasica-850x478.jpg\" alt=\"musica-clasica\" width=\"489\" height=\"275\" srcset=\"https:\/\/blog.espol.edu.ec\/celandet\/files\/2016\/11\/Musica-Clasica-850x478.jpg 850w, https:\/\/blog.espol.edu.ec\/celandet\/files\/2016\/11\/Musica-Clasica-250x141.jpg 250w, https:\/\/blog.espol.edu.ec\/celandet\/files\/2016\/11\/Musica-Clasica-1200x675.jpg 1200w\" sizes=\"auto, (max-width: 489px) 100vw, 489px\" \/>sarrollo del cerebro en los ni\u00f1os:<br \/>\nSi bien hace unas semanas os habl\u00e9 de los beneficios que ten\u00eda tocar un instrumento desde peque\u00f1o, resulta que este tipo de m\u00fasica ayuda a un mejor desarrollo cerebral, aunque no convierte en un genio a nadie. Pero, seg\u00fan un estudio realizado por el Dr. Gordon Shaw, de la Universidad de California-Irvine, los ni\u00f1os que escuchaban a Mozart y luego estudiaban piano ten\u00edan mejores puntuaciones en matem\u00e1ticas que los demas. Y, seg\u00fan otros estudios, escuchar y practicar m\u00fasica podr\u00eda ayudar a los ni\u00f1os a desarrollar las habilidades espaciales y verbales y a fomentar el auto-control.<\/p>\n<p>9. La m\u00fasica cl\u00e1sica puede ayudar a aprender nuevos idiomas:<br \/>\nEsto me vendr\u00e1 bien incluso a mi, que estoy planteandome mejorar mi ingl\u00e9s e incluso el franc\u00e9s (el alem\u00e1n, pese a los \u00e1nimos que me han dado, sigue sin convencerme).<\/p>\n<p>Seg\u00fan las investigaciones de la Universidad de Illinois en 2005, se encontraron pruebas de que escuchar m\u00fasica cl\u00e1sica mejoraba el aprendizaje del lenguaje, ya que podr\u00eda fomentar el aprendizaje de gram\u00e1tica, vocabulario, mejorar la pronunciaci\u00f3n y hasta ayudarnos a apreciar m\u00e1s la cultura. Posteriormente, otros estudios han apoyado estas conclusiones. Y, lo m\u00e1s impresionante sobre este tema, es el m\u00e9todo usado por el Dr. George Lazanov, profesor de lengua extranjera, que usa m\u00fasica barroca para ayudar a sus estudiantes a aprender 1.000 palabras de vocabulario de idiomas extranjeros en un solo d\u00eda con una precisi\u00f3n del 85 al 100% (si esto es verdad, habr\u00e1 que probarlo\u2026).<\/p>\n","protected":false},"excerpt":{"rendered":"<p>1. La m\u00fasica causa las mismas emociones que el habla: Seg\u00fan algunos estudios, la m\u00fasica tiene la capacidad de provocar escalofr\u00edos o hacer que nuestro coraz\u00f3n \u201cse hinche de alegr\u00eda\u201d, incluso en diferentes culturas.. Por ejemplo, la m\u00fasica occidental causa emociones de excitaci\u00f3n o alegr\u00eda. Esto se deber\u00eda a que la m\u00fasica imita las caracter\u00edsticas [&hellip;]<\/p>\n","protected":false},"author":10674,"featured_media":0,"parent":0,"menu_order":0,"comment_status":"closed","ping_status":"closed","template":"","meta":{"footnotes":""},"class_list":["post-45","page","type-page","status-publish","hentry"],"aioseo_notices":[],"_links":{"self":[{"href":"https:\/\/blog.espol.edu.ec\/celandet\/wp-json\/wp\/v2\/pages\/45","targetHints":{"allow":["GET"]}}],"collection":[{"href":"https:\/\/blog.espol.edu.ec\/celandet\/wp-json\/wp\/v2\/pages"}],"about":[{"href":"https:\/\/blog.espol.edu.ec\/celandet\/wp-json\/wp\/v2\/types\/page"}],"author":[{"embeddable":true,"href":"https:\/\/blog.espol.edu.ec\/celandet\/wp-json\/wp\/v2\/users\/10674"}],"replies":[{"embeddable":true,"href":"https:\/\/blog.espol.edu.ec\/celandet\/wp-json\/wp\/v2\/comments?post=45"}],"version-history":[{"count":1,"href":"https:\/\/blog.espol.edu.ec\/celandet\/wp-json\/wp\/v2\/pages\/45\/revisions"}],"predecessor-version":[{"id":47,"href":"https:\/\/blog.espol.edu.ec\/celandet\/wp-json\/wp\/v2\/pages\/45\/revisions\/47"}],"wp:attachment":[{"href":"https:\/\/blog.espol.edu.ec\/celandet\/wp-json\/wp\/v2\/media?parent=45"}],"curies":[{"name":"wp","href":"https:\/\/api.w.org\/{rel}","templated":true}]}}