{"id":51,"date":"2016-11-15T17:26:09","date_gmt":"2016-11-15T17:26:09","guid":{"rendered":"http:\/\/blog.espol.edu.ec\/celandet\/?page_id=51"},"modified":"2016-11-15T17:26:09","modified_gmt":"2016-11-15T17:26:09","slug":"que-hace-el-cerebro-al-escuchar-musica-clasica","status":"publish","type":"page","link":"https:\/\/blog.espol.edu.ec\/celandet\/que-hace-el-cerebro-al-escuchar-musica-clasica\/","title":{"rendered":"\u00bfQu\u00e9 hace el cerebro al escuchar m\u00fasica cl\u00e1sica?"},"content":{"rendered":"<p>Hasta ahora se sab\u00eda que escuchar m\u00fasica representaba una compleja funci\u00f3n cognitiva del cerebro que provocaba cambios neuronales y fisiol\u00f3gicos, pero apenas se hab\u00edan estudiado sus efectos a nivel molecular.<img loading=\"lazy\" decoding=\"async\" class=\"size-full wp-image-7 alignleft\" src=\"http:\/\/blog.espol.edu.ec\/celandet\/files\/2016\/11\/descarga.jpg\" alt=\"descarga\" width=\"225\" height=\"225\" \/><\/p>\n<p>La Universidad de Helsinki se plante\u00f3 como\u00a0objetivo establecer las alteraciones gen\u00e9ticas producidas por la m\u00fasica cl\u00e1sica, y para ello analiz\u00f3 la sangre de un grupo de 48 personas antes y despu\u00e9s de escuchar el Concierto para viol\u00edn n\u00famero 3 de Mozart.<\/p>\n<p>El estudio, dirigido por el profesor de la Universidad de Helsinki Chakravarthi Kanduri, concluye que escuchar m\u00fasica cl\u00e1sica con frecuencia aumenta la actividad de los genes implicados en la secreci\u00f3n de dopamina, la neurotransmisi\u00f3n sin\u00e1ptica, el aprendizaje y la memoria.<\/p>\n<p>Asimismo, contribuye a hacer menos activos los genes involucrados en la degeneraci\u00f3n del cerebro y del sistema inmune, lo que disminuye el riesgo de contraer enfermedades neurodegenerativas como el Parkinson o la demencia senil, seg\u00fan los cient\u00edficos.<\/p>\n<p>\"Los efectos gen\u00e9ticos se detectaron s\u00f3lo en los participantes que son muy aficionados a la m\u00fasica o m\u00fasicos profesionales, lo cual destaca la importancia de que la m\u00fasica resulte algo muy familiar\", explican los autores del estudio.<\/p>\n","protected":false},"excerpt":{"rendered":"<p>Hasta ahora se sab\u00eda que escuchar m\u00fasica representaba una compleja funci\u00f3n cognitiva del cerebro que provocaba cambios neuronales y fisiol\u00f3gicos, pero apenas se hab\u00edan estudiado sus efectos a nivel molecular. La Universidad de Helsinki se plante\u00f3 como\u00a0objetivo establecer las alteraciones gen\u00e9ticas producidas por la m\u00fasica cl\u00e1sica, y para ello analiz\u00f3 la sangre de un grupo [&hellip;]<\/p>\n","protected":false},"author":10674,"featured_media":41,"parent":0,"menu_order":0,"comment_status":"closed","ping_status":"closed","template":"","meta":{"footnotes":""},"class_list":["post-51","page","type-page","status-publish","has-post-thumbnail","hentry"],"aioseo_notices":[],"_links":{"self":[{"href":"https:\/\/blog.espol.edu.ec\/celandet\/wp-json\/wp\/v2\/pages\/51","targetHints":{"allow":["GET"]}}],"collection":[{"href":"https:\/\/blog.espol.edu.ec\/celandet\/wp-json\/wp\/v2\/pages"}],"about":[{"href":"https:\/\/blog.espol.edu.ec\/celandet\/wp-json\/wp\/v2\/types\/page"}],"author":[{"embeddable":true,"href":"https:\/\/blog.espol.edu.ec\/celandet\/wp-json\/wp\/v2\/users\/10674"}],"replies":[{"embeddable":true,"href":"https:\/\/blog.espol.edu.ec\/celandet\/wp-json\/wp\/v2\/comments?post=51"}],"version-history":[{"count":1,"href":"https:\/\/blog.espol.edu.ec\/celandet\/wp-json\/wp\/v2\/pages\/51\/revisions"}],"predecessor-version":[{"id":52,"href":"https:\/\/blog.espol.edu.ec\/celandet\/wp-json\/wp\/v2\/pages\/51\/revisions\/52"}],"wp:featuredmedia":[{"embeddable":true,"href":"https:\/\/blog.espol.edu.ec\/celandet\/wp-json\/wp\/v2\/media\/41"}],"wp:attachment":[{"href":"https:\/\/blog.espol.edu.ec\/celandet\/wp-json\/wp\/v2\/media?parent=51"}],"curies":[{"name":"wp","href":"https:\/\/api.w.org\/{rel}","templated":true}]}}