{"id":36,"date":"2013-06-12T13:57:31","date_gmt":"2013-06-12T13:57:31","guid":{"rendered":"http:\/\/blog.espol.edu.ec\/celleri\/?page_id=36"},"modified":"2013-06-12T13:57:31","modified_gmt":"2013-06-12T13:57:31","slug":"jugadores-mejores-pagados-del-mundo","status":"publish","type":"page","link":"https:\/\/blog.espol.edu.ec\/celleri\/jugadores-mejores-pagados-del-mundo\/","title":{"rendered":"Jugadores mejores pagados del mundo"},"content":{"rendered":"<p>La revista\u00a0<strong>France Football<\/strong>\u00a0ha publicado la lista anual de los 20 futbolistas mejor pagados del mundo y\u00a0<strong>David Beckham\u00a0<\/strong>ocupa el primer puesto en 2013. Seg\u00fan la publicaci\u00f3n francesa, el centrocampista ingl\u00e9s reci\u00e9n fichado por el\u00a0<strong>Paris Saint-Germain<\/strong>\u00a0ha superado en ingresos a\u00a0<strong>Lionel Messi<\/strong>, quien la pasada temporada era el jugador que m\u00e1s dinero recaudaba del mundo.<\/p>\n<p>Para realizar esta clasificaci\u00f3n, France Football suma los ingresos que reciben los futbolistas en concepto de ficha por parte de sus clubes, y tambi\u00e9n los que generan a trav\u00e9s de sus contratos con las marcas publicitarias. En este segundo punto es donde David Beckham aventaja sustancialmente al resto de jugadores, y ah\u00ed cimenta su asalto al liderato.<\/p>\n<p>Seg\u00fan estima la publicaci\u00f3n francesa, David Beckham ha ganado 36 millones de euros en el \u00faltimo a\u00f1o, frente a los 35 millones de euros que ha recaudado\u00a0<strong>Lionel Messi<\/strong>\u00a0y los 30 de<strong>Cristiano Ronaldo<\/strong>. Messi hab\u00eda liderado esta clasificaci\u00f3n desde 2010, pero Beckham ha ingresado 4,5 millones de euros m\u00e1s como consecuencia de su fichaje por el PSG, lo que le permite asaltar la primera plaza.<\/p>\n<p>Desde que se comenz\u00f3 a publicar la lista nunca antes un futbolista hab\u00eda conseguido cerrar el a\u00f1o con unos ingresos tan altos como los de David Beckham. Llama la atenci\u00f3n que haya marcado el techo un futbolista de 37 a\u00f1os cuyos ingresos por contratos con sus clubes tan solo supone un 9% de sus ganancias.<\/p>\n<p><iframe loading=\"lazy\" src=\"http:\/\/www.youtube.com\/embed\/bd4d5SadAWU\" frameborder=\"0\" width=\"420\" height=\"315\"><\/iframe><\/p>\n<p>LA LISTA COMPLETA DE LOS 20 FUTBOLISTAS MEJOR PAGADOS EN 2013<\/p>\n<p>1\u00ba- David Beckham (PSG \/ Inglaterra) - 36 millones de euros<\/p>\n<p>2\u00ba- Lionel Messi (Barcelona \/ Argentina) - 35 millones de euros<\/p>\n<p>3\u00ba- Cristiano Ronaldo (Real Madrid \/ Portugal) - 30 millones de euros<\/p>\n<p>4\u00ba- Samuel Eto'o (Anzhi \/ Camer\u00fan) - 24 millones de euros<\/p>\n<p>5\u00ba- Neymar (Santos \/ Brasil) - 20 millones de euros<\/p>\n<p>6\u00ba- Sergio Ag\u00fcero (Manchester City \/ Argentina) - 19 millones de euros<\/p>\n<p>7\u00ba- Wayne Rooney (Manchester United \/ Inglaterra) - 18 millones de euros<\/p>\n<p>8\u00ba- Zlatan Ibrahimovic (PSG \/ Suecia) - 17,5 millones de euros<\/p>\n<p>9\u00ba- Yaya Tour\u00e9 (Manchester City \/ Costa de Marfil) - 16,6 millones de euros<\/p>\n<p>10\u00ba- Fernando Torres (Chelsea \/ Espa\u00f1a) - 16,3 millones de euros<\/p>\n<p>11\u00ba- Carlos Tevez (Manchester City \/ Argentina) - 16,2 millones de euros<\/p>\n<p>12\u00ba- David Silva (Manchester City \/ Espa\u00f1a) - 16,2 millones de euros<\/p>\n<p>13\u00ba- Kak\u00e1 (Real Madrid \/ Brasil) - 14,5 millones de euros<\/p>\n<p>14\u00ba- Bastian Schweinsteiger (Bayern Munich \/ Alemania) - 14 millones de euros<\/p>\n<p>15\u00ba- Philipp Lahm\u00a0(Bayern Munich \/ Alemania) - 13,5 millones de euros<\/p>\n<p>16\u00ba- Iker Casillas (Real Madrid \/ Espa\u00f1a) - 12,7 millones de euros<\/p>\n<p>17\u00ba- Didier Drogba (Galatasaray \/ Costa de Marfil) - 12,6 millones de euros<\/p>\n<p>18\u00ba- Gianluigi Buffon (Juventus \/ Italia) - 12,4 millones de euros<\/p>\n<p>19\u00ba- Dario Conca (Guangzhou Evergrande \/ Argentina) - 12,1 millones de euros<\/p>\n<p>20\u00ba- Karim Benzema (Real Madrid - Francia) - 12 millones de euros<\/p>\n","protected":false},"excerpt":{"rendered":"<p>La revista\u00a0France Football\u00a0ha publicado la lista anual de los 20 futbolistas mejor pagados del mundo y\u00a0David Beckham\u00a0ocupa el primer puesto en 2013. Seg\u00fan la publicaci\u00f3n francesa, el centrocampista ingl\u00e9s reci\u00e9n fichado por el\u00a0Paris Saint-Germain\u00a0ha superado en ingresos a\u00a0Lionel Messi, quien la pasada temporada era el jugador que m\u00e1s dinero recaudaba del mundo. Para realizar esta [&hellip;]<\/p>\n","protected":false},"author":8649,"featured_media":0,"parent":0,"menu_order":0,"comment_status":"open","ping_status":"open","template":"","meta":{"footnotes":""},"class_list":["post-36","page","type-page","status-publish","hentry"],"_links":{"self":[{"href":"https:\/\/blog.espol.edu.ec\/celleri\/wp-json\/wp\/v2\/pages\/36","targetHints":{"allow":["GET"]}}],"collection":[{"href":"https:\/\/blog.espol.edu.ec\/celleri\/wp-json\/wp\/v2\/pages"}],"about":[{"href":"https:\/\/blog.espol.edu.ec\/celleri\/wp-json\/wp\/v2\/types\/page"}],"author":[{"embeddable":true,"href":"https:\/\/blog.espol.edu.ec\/celleri\/wp-json\/wp\/v2\/users\/8649"}],"replies":[{"embeddable":true,"href":"https:\/\/blog.espol.edu.ec\/celleri\/wp-json\/wp\/v2\/comments?post=36"}],"version-history":[{"count":2,"href":"https:\/\/blog.espol.edu.ec\/celleri\/wp-json\/wp\/v2\/pages\/36\/revisions"}],"predecessor-version":[{"id":72,"href":"https:\/\/blog.espol.edu.ec\/celleri\/wp-json\/wp\/v2\/pages\/36\/revisions\/72"}],"wp:attachment":[{"href":"https:\/\/blog.espol.edu.ec\/celleri\/wp-json\/wp\/v2\/media?parent=36"}],"curies":[{"name":"wp","href":"https:\/\/api.w.org\/{rel}","templated":true}]}}