{"id":36,"date":"2010-09-05T00:40:49","date_gmt":"2010-09-05T00:40:49","guid":{"rendered":"http:\/\/blog.espol.edu.ec\/celula\/?page_id=36"},"modified":"2010-10-03T21:49:52","modified_gmt":"2010-10-03T21:49:52","slug":"robotica","status":"publish","type":"page","link":"https:\/\/blog.espol.edu.ec\/celula\/robotica\/","title":{"rendered":"Rob\u00f3tica"},"content":{"rendered":"<p>La rob\u00f3tica, una de las ramas de las ciencia m\u00e1s importantes de este siglo, tiene su espacio dentro de las tecnolog\u00edas Microsoft, ya que por medio de equipos de rob\u00f3tica y Microsoft Robotics Studio, se pueden implementar soluciones muy avanzadas de robots de distintos tipos.<\/p>\n<p>Para mayor\u00a0informaci\u00f3n\u00a0escr\u00edbenos\u00a0a: \u00a0celula@espol.edu.ec.<\/p>\n<p style=\"text-align: center\"><img decoding=\"async\" src=\"http:\/\/msdn34.e-academy.com\/_soft_products\/graphics\/1711_visualstudio2010prof_Large.jpg\" alt=\"\" \/><img decoding=\"async\" src=\"http:\/\/msdn34.e-academy.com\/_soft_products\/graphics\/1461_microsoftroboticsdev_Large.jpg\" alt=\"\" \/><\/p>\n","protected":false},"excerpt":{"rendered":"<p>La rob\u00f3tica, una de las ramas de las ciencia m\u00e1s importantes de este siglo, tiene su espacio dentro de las tecnolog\u00edas Microsoft, ya que por medio de equipos de rob\u00f3tica y Microsoft Robotics Studio, se pueden implementar soluciones muy avanzadas &hellip; <a href=\"https:\/\/blog.espol.edu.ec\/celula\/robotica\/\">Sigue leyendo <span class=\"meta-nav\">&rarr;<\/span><\/a><\/p>\n","protected":false},"author":5111,"featured_media":0,"parent":0,"menu_order":0,"comment_status":"open","ping_status":"open","template":"","meta":{"footnotes":""},"class_list":["post-36","page","type-page","status-publish","hentry"],"_links":{"self":[{"href":"https:\/\/blog.espol.edu.ec\/celula\/wp-json\/wp\/v2\/pages\/36","targetHints":{"allow":["GET"]}}],"collection":[{"href":"https:\/\/blog.espol.edu.ec\/celula\/wp-json\/wp\/v2\/pages"}],"about":[{"href":"https:\/\/blog.espol.edu.ec\/celula\/wp-json\/wp\/v2\/types\/page"}],"author":[{"embeddable":true,"href":"https:\/\/blog.espol.edu.ec\/celula\/wp-json\/wp\/v2\/users\/5111"}],"replies":[{"embeddable":true,"href":"https:\/\/blog.espol.edu.ec\/celula\/wp-json\/wp\/v2\/comments?post=36"}],"version-history":[{"count":4,"href":"https:\/\/blog.espol.edu.ec\/celula\/wp-json\/wp\/v2\/pages\/36\/revisions"}],"predecessor-version":[{"id":67,"href":"https:\/\/blog.espol.edu.ec\/celula\/wp-json\/wp\/v2\/pages\/36\/revisions\/67"}],"wp:attachment":[{"href":"https:\/\/blog.espol.edu.ec\/celula\/wp-json\/wp\/v2\/media?parent=36"}],"curies":[{"name":"wp","href":"https:\/\/api.w.org\/{rel}","templated":true}]}}