{"id":40,"date":"2010-09-05T00:41:39","date_gmt":"2010-09-05T00:41:39","guid":{"rendered":"http:\/\/blog.espol.edu.ec\/celula\/it\/"},"modified":"2010-10-03T21:58:54","modified_gmt":"2010-10-03T21:58:54","slug":"it","status":"publish","type":"page","link":"https:\/\/blog.espol.edu.ec\/celula\/it\/","title":{"rendered":"IT"},"content":{"rendered":"<p>La rama de Tecnolog\u00edas de informaci\u00f3n, busca una la perfecta combinaci\u00f3n entre la transmisi\u00f3n y el almacenamiento de datos, esta rama busca instruir a sus miembros en las estructuras b\u00e1sicas para la transmisi\u00f3n de datos y su almacenamiento con Microsoft SQL server, Microsoft\u00a0Sharepoint y Microsoft\u00a0Exchange. Expandir las comunicciones por medio de Office Comunications Server.<\/p>\n<p>Para mayor\u00a0informaci\u00f3n\u00a0escr\u00edbenos\u00a0a: \u00a0celula@espol.edu.ec.<\/p>\n<p style=\"text-align: center\"><img decoding=\"async\" src=\"http:\/\/msdn34.e-academy.com\/_soft_products\/graphics\/1626_sharepointserver2010_Large.jpg\" alt=\"\" \/><img decoding=\"async\" src=\"http:\/\/msdn34.e-academy.com\/_soft_products\/graphics\/1443_exchangeserver2010be_Large.jpg\" alt=\"\" \/><img decoding=\"async\" src=\"http:\/\/msdn34.e-academy.com\/_soft_products\/graphics\/1410_officecommunications_Large.jpg\" alt=\"\" \/><img decoding=\"async\" src=\"http:\/\/msdn34.e-academy.com\/_soft_products\/graphics\/1863_sqlserver2008r2enter_Large.jpg\" alt=\"\" \/><\/p>\n","protected":false},"excerpt":{"rendered":"<p>La rama de Tecnolog\u00edas de informaci\u00f3n, busca una la perfecta combinaci\u00f3n entre la transmisi\u00f3n y el almacenamiento de datos, esta rama busca instruir a sus miembros en las estructuras b\u00e1sicas para la transmisi\u00f3n de datos y su almacenamiento con Microsoft &hellip; <a href=\"https:\/\/blog.espol.edu.ec\/celula\/it\/\">Sigue leyendo <span class=\"meta-nav\">&rarr;<\/span><\/a><\/p>\n","protected":false},"author":5111,"featured_media":0,"parent":0,"menu_order":0,"comment_status":"open","ping_status":"open","template":"","meta":{"footnotes":""},"class_list":["post-40","page","type-page","status-publish","hentry"],"_links":{"self":[{"href":"https:\/\/blog.espol.edu.ec\/celula\/wp-json\/wp\/v2\/pages\/40","targetHints":{"allow":["GET"]}}],"collection":[{"href":"https:\/\/blog.espol.edu.ec\/celula\/wp-json\/wp\/v2\/pages"}],"about":[{"href":"https:\/\/blog.espol.edu.ec\/celula\/wp-json\/wp\/v2\/types\/page"}],"author":[{"embeddable":true,"href":"https:\/\/blog.espol.edu.ec\/celula\/wp-json\/wp\/v2\/users\/5111"}],"replies":[{"embeddable":true,"href":"https:\/\/blog.espol.edu.ec\/celula\/wp-json\/wp\/v2\/comments?post=40"}],"version-history":[{"count":4,"href":"https:\/\/blog.espol.edu.ec\/celula\/wp-json\/wp\/v2\/pages\/40\/revisions"}],"predecessor-version":[{"id":75,"href":"https:\/\/blog.espol.edu.ec\/celula\/wp-json\/wp\/v2\/pages\/40\/revisions\/75"}],"wp:attachment":[{"href":"https:\/\/blog.espol.edu.ec\/celula\/wp-json\/wp\/v2\/media?parent=40"}],"curies":[{"name":"wp","href":"https:\/\/api.w.org\/{rel}","templated":true}]}}