{"id":43,"date":"2010-09-10T22:14:53","date_gmt":"2010-09-10T22:14:53","guid":{"rendered":"http:\/\/blog.espol.edu.ec\/celula\/?page_id=43"},"modified":"2010-09-10T22:14:53","modified_gmt":"2010-09-10T22:14:53","slug":"rss-celula-microsoft-espol","status":"publish","type":"page","link":"https:\/\/blog.espol.edu.ec\/celula\/rss-celula-microsoft-espol\/","title":{"rendered":"RSS C\u00e9lula Microsoft-ESPOL"},"content":{"rendered":"<p>Mantente informado con las ultimas noticias e informacion de la\u00a0C\u00e9lula.<\/p>\n<p>Solo accede a nuestra Fuente de RSS:<\/p>\n<p style=\"text-align: center\"><a href=\"http:\/\/blog.espol.edu.ec\/celula\/feed\/\">http:\/\/blog.espol.edu.ec\/celula\/feed\/<\/a><\/p>\n<h2>\u00bfQu\u00e9 es RSS y c\u00f3mo funciona?<\/h2>\n<p>RSS ('Really Simple Syndication', por su sigla en ingl\u00e9s) es un sistema automatizado de env\u00edo de noticias que le permitir\u00e1 estar al corriente minuto a minuto de la informaci\u00f3n que publica el Blog de la\u00a0C\u00e9lula.<\/p>\n<p>La tecnolog\u00eda requerida es un programa de lector de noticias o navegador.<\/p>\n<h2>\u00bfC\u00f3mo consigo un lector o agregador de noticias?<\/h2>\n<p>Hay diferentes versiones de lectores o agregadores de noticias.<\/p>\n<p>Las \u00faltimas versiones de navegadores de internet como Internet Explorer, Mozilla Firefox, Google Chrome, Safari, Opera, etc, ya le permiten configurar su selecci\u00f3n de canales RSS.<\/p>\n<p style=\"text-align: left\">Hay tambi\u00e9n lectores especializados, como Microsoft Outlook que permite leer fuentes RSS<\/p>\n<p style=\"text-align: center\">\n","protected":false},"excerpt":{"rendered":"<p>Mantente informado con las ultimas noticias e informacion de la\u00a0C\u00e9lula. Solo accede a nuestra Fuente de RSS: http:\/\/blog.espol.edu.ec\/celula\/feed\/ \u00bfQu\u00e9 es RSS y c\u00f3mo funciona? RSS ('Really Simple Syndication', por su sigla en ingl\u00e9s) es un sistema automatizado de env\u00edo de &hellip; <a href=\"https:\/\/blog.espol.edu.ec\/celula\/rss-celula-microsoft-espol\/\">Sigue leyendo <span class=\"meta-nav\">&rarr;<\/span><\/a><\/p>\n","protected":false},"author":5111,"featured_media":0,"parent":0,"menu_order":0,"comment_status":"open","ping_status":"open","template":"","meta":{"footnotes":""},"class_list":["post-43","page","type-page","status-publish","hentry"],"_links":{"self":[{"href":"https:\/\/blog.espol.edu.ec\/celula\/wp-json\/wp\/v2\/pages\/43","targetHints":{"allow":["GET"]}}],"collection":[{"href":"https:\/\/blog.espol.edu.ec\/celula\/wp-json\/wp\/v2\/pages"}],"about":[{"href":"https:\/\/blog.espol.edu.ec\/celula\/wp-json\/wp\/v2\/types\/page"}],"author":[{"embeddable":true,"href":"https:\/\/blog.espol.edu.ec\/celula\/wp-json\/wp\/v2\/users\/5111"}],"replies":[{"embeddable":true,"href":"https:\/\/blog.espol.edu.ec\/celula\/wp-json\/wp\/v2\/comments?post=43"}],"version-history":[{"count":1,"href":"https:\/\/blog.espol.edu.ec\/celula\/wp-json\/wp\/v2\/pages\/43\/revisions"}],"predecessor-version":[{"id":44,"href":"https:\/\/blog.espol.edu.ec\/celula\/wp-json\/wp\/v2\/pages\/43\/revisions\/44"}],"wp:attachment":[{"href":"https:\/\/blog.espol.edu.ec\/celula\/wp-json\/wp\/v2\/media?parent=43"}],"curies":[{"name":"wp","href":"https:\/\/api.w.org\/{rel}","templated":true}]}}