{"id":29,"date":"2015-11-17T15:47:41","date_gmt":"2015-11-17T15:47:41","guid":{"rendered":"http:\/\/blog.espol.edu.ec\/ceochoa\/?page_id=29"},"modified":"2015-11-24T03:18:10","modified_gmt":"2015-11-24T03:18:10","slug":"sierra","status":"publish","type":"page","link":"https:\/\/blog.espol.edu.ec\/ceochoa\/sierra\/","title":{"rendered":"REGION INTERANDINA O SIERRA"},"content":{"rendered":"<div id=\"attachment_97\" style=\"width: 310px\" class=\"wp-caption alignnone\"><a href=\"http:\/\/blog.espol.edu.ec\/ceochoa\/files\/2015\/11\/provincias-sierra-ecuador.jpg\"><img loading=\"lazy\" decoding=\"async\" aria-describedby=\"caption-attachment-97\" class=\"size-medium wp-image-97\" src=\"http:\/\/blog.espol.edu.ec\/ceochoa\/files\/2015\/11\/provincias-sierra-ecuador-300x265.jpg\" alt=\"PROVINCIAS DE LA SIERRA \" width=\"300\" height=\"265\" srcset=\"https:\/\/blog.espol.edu.ec\/ceochoa\/files\/2015\/11\/provincias-sierra-ecuador-300x265.jpg 300w, https:\/\/blog.espol.edu.ec\/ceochoa\/files\/2015\/11\/provincias-sierra-ecuador.jpg 400w\" sizes=\"auto, (max-width: 300px) 100vw, 300px\" \/><\/a><p id=\"caption-attachment-97\" class=\"wp-caption-text\">PROVINCIAS DE LA SIERRA<\/p><\/div>\n<p>&nbsp;<\/p>\n<p>&nbsp;<\/p>\n<p style=\"text-align: left\"><span style=\"color: #ffffff\"><em>La Regi\u00f3n Interandina del Ecuador es una de las cuatros regiones naturales de dicho pa\u00eds. Com\u00fanmente conocido como Sierra. Tiene sus or\u00edgenes en las culturas Incaicas y pre-incaicas que fueron enfrentadas en su tiempo con la conquista espa\u00f1ola. La serran\u00eda ecuatoriana se extiende por los Andes que atraviesan de norte a sur al Ecuador. Est\u00e1 conformada por las provincias Pichincha, Carchi, Tungurahua, Chimborazo, Ca\u00f1ar, Azuay, Loja, Imbabura, Bol\u00edvar y Cotopaxi.<\/em><\/span><\/p>\n<p style=\"text-align: left\"><a href=\"https:\/\/www.youtube.com\/watch?v=oOZaHVZ61k8\">REGION SIERRA<\/a><\/p>\n","protected":false},"excerpt":{"rendered":"<p>&nbsp; &nbsp; La Regi\u00f3n Interandina del Ecuador es una de las cuatros regiones naturales de dicho pa\u00eds. Com\u00fanmente conocido como Sierra. Tiene sus or\u00edgenes en las culturas Incaicas y pre-incaicas que fueron enfrentadas en su tiempo con la conquista espa\u00f1ola. La serran\u00eda ecuatoriana se extiende por los Andes que atraviesan de norte a sur al [&hellip;]<\/p>\n","protected":false},"author":10130,"featured_media":0,"parent":0,"menu_order":0,"comment_status":"closed","ping_status":"closed","template":"","meta":{"footnotes":""},"class_list":["post-29","page","type-page","status-publish","hentry"],"_links":{"self":[{"href":"https:\/\/blog.espol.edu.ec\/ceochoa\/wp-json\/wp\/v2\/pages\/29","targetHints":{"allow":["GET"]}}],"collection":[{"href":"https:\/\/blog.espol.edu.ec\/ceochoa\/wp-json\/wp\/v2\/pages"}],"about":[{"href":"https:\/\/blog.espol.edu.ec\/ceochoa\/wp-json\/wp\/v2\/types\/page"}],"author":[{"embeddable":true,"href":"https:\/\/blog.espol.edu.ec\/ceochoa\/wp-json\/wp\/v2\/users\/10130"}],"replies":[{"embeddable":true,"href":"https:\/\/blog.espol.edu.ec\/ceochoa\/wp-json\/wp\/v2\/comments?post=29"}],"version-history":[{"count":6,"href":"https:\/\/blog.espol.edu.ec\/ceochoa\/wp-json\/wp\/v2\/pages\/29\/revisions"}],"predecessor-version":[{"id":100,"href":"https:\/\/blog.espol.edu.ec\/ceochoa\/wp-json\/wp\/v2\/pages\/29\/revisions\/100"}],"wp:attachment":[{"href":"https:\/\/blog.espol.edu.ec\/ceochoa\/wp-json\/wp\/v2\/media?parent=29"}],"curies":[{"name":"wp","href":"https:\/\/api.w.org\/{rel}","templated":true}]}}