{"id":31,"date":"2015-11-17T15:47:56","date_gmt":"2015-11-17T15:47:56","guid":{"rendered":"http:\/\/blog.espol.edu.ec\/ceochoa\/?page_id=31"},"modified":"2015-11-24T03:23:51","modified_gmt":"2015-11-24T03:23:51","slug":"oriente-2","status":"publish","type":"page","link":"https:\/\/blog.espol.edu.ec\/ceochoa\/oriente-2\/","title":{"rendered":"REGION AMAZONICA U ORIENTE"},"content":{"rendered":"<div id=\"attachment_104\" style=\"width: 286px\" class=\"wp-caption alignnone\"><a href=\"http:\/\/blog.espol.edu.ec\/ceochoa\/files\/2015\/11\/oriente1.jpg\"><img loading=\"lazy\" decoding=\"async\" aria-describedby=\"caption-attachment-104\" class=\"size-medium wp-image-104\" src=\"http:\/\/blog.espol.edu.ec\/ceochoa\/files\/2015\/11\/oriente1-276x300.jpg\" alt=\"PROVINCIAS DE LA AMAZONIA\" width=\"276\" height=\"300\" srcset=\"https:\/\/blog.espol.edu.ec\/ceochoa\/files\/2015\/11\/oriente1-276x300.jpg 276w, https:\/\/blog.espol.edu.ec\/ceochoa\/files\/2015\/11\/oriente1.jpg 537w\" sizes=\"auto, (max-width: 276px) 100vw, 276px\" \/><\/a><p id=\"caption-attachment-104\" class=\"wp-caption-text\">PROVINCIAS DE LA AMAZONIA<\/p><\/div>\n<p><span style=\"color: #ffffff\"><em>La regi\u00f3n Amaz\u00f3nica del Ecuador conocida com\u00fanmente como \"EL Oriente\" est\u00e1 formada por las siguientes provincias, de norte al sur: Sucumbios, Napo, Orellana, Pastaza, Morona Santiago y Zamora Chinchipe. Aunque el Oriente casi cubre la mitad de la superficie de Ecuador, s\u00f3lo 4,8% de la poblaci\u00f3n vive en esta region, que a pesar de la tala indiscriminada de \u00e1rboles posee una gran selva tropical. El turismo a esta region es diverso, ayuda a poner un alto a la tala de \u00e1rboles, que es una de las amenazas principales de la regi\u00f3n.<\/em><\/span><\/p>\n<p><a href=\"https:\/\/www.youtube.com\/watch?v=3y1CDwInr50\">REGION AMAZONICA<\/a><\/p>\n","protected":false},"excerpt":{"rendered":"<p>La regi\u00f3n Amaz\u00f3nica del Ecuador conocida com\u00fanmente como \"EL Oriente\" est\u00e1 formada por las siguientes provincias, de norte al sur: Sucumbios, Napo, Orellana, Pastaza, Morona Santiago y Zamora Chinchipe. Aunque el Oriente casi cubre la mitad de la superficie de Ecuador, s\u00f3lo 4,8% de la poblaci\u00f3n vive en esta region, que a pesar de la [&hellip;]<\/p>\n","protected":false},"author":10130,"featured_media":0,"parent":0,"menu_order":0,"comment_status":"closed","ping_status":"closed","template":"","meta":{"footnotes":""},"class_list":["post-31","page","type-page","status-publish","hentry"],"_links":{"self":[{"href":"https:\/\/blog.espol.edu.ec\/ceochoa\/wp-json\/wp\/v2\/pages\/31","targetHints":{"allow":["GET"]}}],"collection":[{"href":"https:\/\/blog.espol.edu.ec\/ceochoa\/wp-json\/wp\/v2\/pages"}],"about":[{"href":"https:\/\/blog.espol.edu.ec\/ceochoa\/wp-json\/wp\/v2\/types\/page"}],"author":[{"embeddable":true,"href":"https:\/\/blog.espol.edu.ec\/ceochoa\/wp-json\/wp\/v2\/users\/10130"}],"replies":[{"embeddable":true,"href":"https:\/\/blog.espol.edu.ec\/ceochoa\/wp-json\/wp\/v2\/comments?post=31"}],"version-history":[{"count":6,"href":"https:\/\/blog.espol.edu.ec\/ceochoa\/wp-json\/wp\/v2\/pages\/31\/revisions"}],"predecessor-version":[{"id":105,"href":"https:\/\/blog.espol.edu.ec\/ceochoa\/wp-json\/wp\/v2\/pages\/31\/revisions\/105"}],"wp:attachment":[{"href":"https:\/\/blog.espol.edu.ec\/ceochoa\/wp-json\/wp\/v2\/media?parent=31"}],"curies":[{"name":"wp","href":"https:\/\/api.w.org\/{rel}","templated":true}]}}