{"id":2,"date":"2011-10-18T17:35:45","date_gmt":"2011-10-18T17:35:45","guid":{"rendered":""},"modified":"2011-11-08T01:07:14","modified_gmt":"2011-11-08T01:07:14","slug":"about","status":"publish","type":"page","link":"https:\/\/blog.espol.edu.ec\/cesanvel\/about\/","title":{"rendered":"About"},"content":{"rendered":"<p>El Club de Conquistadores es una agrupaci\u00f3n de ni\u00f1os y j\u00f3venes que desarrollan en forma armoniosa las facultades f\u00edsicas, mentales,espirituales y sociales, dentro de un programa integral adaptados a sus respectivas edades, patrocinado y dirigido por la\u00a0<a href=\"http:\/\/www.adventistas.cl\/\">Iglesia Adventista del S\u00e9ptimo D\u00eda.<\/a><\/p>\n<p>El Club de Conquistadores es una organizaci\u00f3n mundial con ideales bien definidos, que contribuyen a desarrollar en sus miembros un car\u00e1cter noble y una buena ciudadan\u00eda. sustentando sus principios en el amor a Dios sobre todas las cosas y en el amor al pr\u00f3jimo. El respeto, la lealtad, la cortes\u00eds, la obediencia y el patriotismo, llegan a ser parte de su personalidad.<\/p>\n","protected":false},"excerpt":{"rendered":"<p>El Club de Conquistadores es una agrupaci\u00f3n de ni\u00f1os y j\u00f3venes que desarrollan en forma armoniosa las facultades f\u00edsicas, mentales,espirituales y sociales, dentro de un programa integral adaptados a sus respectivas edades, patrocinado y dirigido por la\u00a0Iglesia Adventista del S\u00e9ptimo D\u00eda. El Club de Conquistadores es una organizaci\u00f3n mundial con ideales bien definidos, que contribuyen [&hellip;]<\/p>\n","protected":false},"author":6920,"featured_media":0,"parent":0,"menu_order":0,"comment_status":"open","ping_status":"open","template":"","meta":{"footnotes":""},"class_list":["post-2","page","type-page","status-publish","hentry"],"_links":{"self":[{"href":"https:\/\/blog.espol.edu.ec\/cesanvel\/wp-json\/wp\/v2\/pages\/2","targetHints":{"allow":["GET"]}}],"collection":[{"href":"https:\/\/blog.espol.edu.ec\/cesanvel\/wp-json\/wp\/v2\/pages"}],"about":[{"href":"https:\/\/blog.espol.edu.ec\/cesanvel\/wp-json\/wp\/v2\/types\/page"}],"author":[{"embeddable":true,"href":"https:\/\/blog.espol.edu.ec\/cesanvel\/wp-json\/wp\/v2\/users\/6920"}],"replies":[{"embeddable":true,"href":"https:\/\/blog.espol.edu.ec\/cesanvel\/wp-json\/wp\/v2\/comments?post=2"}],"version-history":[{"count":2,"href":"https:\/\/blog.espol.edu.ec\/cesanvel\/wp-json\/wp\/v2\/pages\/2\/revisions"}],"predecessor-version":[{"id":22,"href":"https:\/\/blog.espol.edu.ec\/cesanvel\/wp-json\/wp\/v2\/pages\/2\/revisions\/22"}],"wp:attachment":[{"href":"https:\/\/blog.espol.edu.ec\/cesanvel\/wp-json\/wp\/v2\/media?parent=2"}],"curies":[{"name":"wp","href":"https:\/\/api.w.org\/{rel}","templated":true}]}}