{"id":2,"date":"2010-11-20T14:13:47","date_gmt":"2010-11-20T14:13:47","guid":{"rendered":""},"modified":"2010-11-20T14:13:47","modified_gmt":"2010-11-20T14:13:47","slug":"about","status":"publish","type":"page","link":"https:\/\/blog.espol.edu.ec\/cesardelgado\/about\/","title":{"rendered":"Acerca de"},"content":{"rendered":"<p>Esto es un ejemplo de p\u00e1gina de WordPress, puedes editarla para mostrar informaci\u00f3n acerca de ti o tu sitio; as\u00ed, los lectores sabr\u00e1n a qu\u00e9 atenerse. Puedes crear tantas p\u00e1ginas o sub-p\u00e1ginas cuantas quieras y organizar su contenido dentro de WordPress.<\/p>\n<form id=\"vozme_form_d41d8cd98f00b204e9800998ecf8427e\" method=\"post\" name=\"vozme_form_d41d8cd98f00b204e9800998ecf8427e\" target=\"d41d8cd98f00b204e9800998ecf8427e\" action=\"http:\/\/vozme.com\/text2voice.php\"><input name=\"text\" type=\"hidden\" value=\"Acerca de. Esto es un ejemplo de p\u00e1gina de WordPress, puedes editarla para mostrar informaci\u00f3n acerca de ti o tu sitio; as\u00ed, los lectores sabr\u00e1n a qu\u00e9 atenerse. Puedes crear tantas p\u00e1ginas o sub-p\u00e1ginas cuantas quieras y organizar su contenido dentro de WordPress.\n\" \/><input name=\"lang\" type=\"hidden\" value=\"en\" \/><input name=\"gn\" type=\"hidden\" value=\"ml\" \/><input type=\"hidden\" id=\"interface\" name=\"interface\" value=\"full\" \/>\n\t\t\t<div style=\"margin-left:40%;\">\n\t\t\t\n\t\t\t\t<input style=\"float:left;\" type=\"image\" width=\"40\" height=\"40\" src=\"http:\/\/blog.espol.edu.ec\/cesardelgado\/wp-content\/plugins\/vozme\/img\/megaphone40x40w.gif\" alt=\"Hear this post\" onclick=\"window.open('', 'd41d8cd98f00b204e9800998ecf8427e', 'width=600,height=370,scrollbars=yes,location=yes,menubar=yes,resizable=yes,status=yes,toolbar=yes');\">\n\t\t\t\t<div style=\"margin-left:48px; text-align:left;\"><a style=\"font-size:12px;\" href=\"javascript:void(0);\" onclick=\"window.open('', 'd41d8cd98f00b204e9800998ecf8427e', 'width=600,height=370,scrollbars=yes,location=yes,menubar=yes,resizable=yes,status=yes,toolbar=yes'); document.getElementById('vozme_form_d41d8cd98f00b204e9800998ecf8427e').submit();\">Hear<br\/>this post<\/a><\/div>\n\t\t\t<\/div><\/form>","protected":false},"excerpt":{"rendered":"<p>Esto es un ejemplo de p\u00e1gina de WordPress, puedes editarla para mostrar informaci\u00f3n acerca de ti o tu sitio; as\u00ed, los lectores sabr\u00e1n a qu\u00e9 atenerse. Puedes crear tantas p\u00e1ginas o sub-p\u00e1ginas cuantas quieras y organizar su contenido dentro de WordPress. Hearthis post<\/p>\n","protected":false},"author":5530,"featured_media":0,"parent":0,"menu_order":0,"comment_status":"open","ping_status":"open","template":"","meta":{"_monsterinsights_skip_tracking":false,"_monsterinsights_sitenote_active":false,"_monsterinsights_sitenote_note":"","_monsterinsights_sitenote_category":0,"footnotes":""},"class_list":["post-2","page","type-page","status-publish","hentry"],"aioseo_notices":[],"_links":{"self":[{"href":"https:\/\/blog.espol.edu.ec\/cesardelgado\/wp-json\/wp\/v2\/pages\/2","targetHints":{"allow":["GET"]}}],"collection":[{"href":"https:\/\/blog.espol.edu.ec\/cesardelgado\/wp-json\/wp\/v2\/pages"}],"about":[{"href":"https:\/\/blog.espol.edu.ec\/cesardelgado\/wp-json\/wp\/v2\/types\/page"}],"author":[{"embeddable":true,"href":"https:\/\/blog.espol.edu.ec\/cesardelgado\/wp-json\/wp\/v2\/users\/5530"}],"replies":[{"embeddable":true,"href":"https:\/\/blog.espol.edu.ec\/cesardelgado\/wp-json\/wp\/v2\/comments?post=2"}],"version-history":[{"count":0,"href":"https:\/\/blog.espol.edu.ec\/cesardelgado\/wp-json\/wp\/v2\/pages\/2\/revisions"}],"wp:attachment":[{"href":"https:\/\/blog.espol.edu.ec\/cesardelgado\/wp-json\/wp\/v2\/media?parent=2"}],"curies":[{"name":"wp","href":"https:\/\/api.w.org\/{rel}","templated":true}]}}