{"id":53,"date":"2016-05-30T16:58:36","date_gmt":"2016-05-30T16:58:36","guid":{"rendered":"http:\/\/blog.espol.edu.ec\/cesarsan\/?page_id=53"},"modified":"2016-06-01T05:49:23","modified_gmt":"2016-06-01T05:49:23","slug":"luchas-clasicas","status":"publish","type":"page","link":"https:\/\/blog.espol.edu.ec\/cesarsan\/luchas-clasicas\/","title":{"rendered":"Luchas Cl\u00e1sicas"},"content":{"rendered":"<p style=\"text-align: center\"><strong>Stone Cold VS\u00a0<\/strong><strong>Undertaker<a href=\"https:\/\/www.facebook.com\/1468033830109021\/videos\/1629244190654650\/\" target=\"_blank\"><img loading=\"lazy\" decoding=\"async\" class=\"size-full wp-image-83 aligncenter\" src=\"http:\/\/blog.espol.edu.ec\/cesarsan\/files\/2016\/05\/STONE.jpg\" alt=\"STONE\" width=\"719\" height=\"443\" \/><\/a><\/strong><\/p>\n<p style=\"text-align: left\">-#1 Contender Match<\/p>\n<p>-PPV Backlash 2002<\/p>\n<p>-Luego de su lucha en WrestleMania 18 The Undertaker demandaba al en ese entonces gerente general de Raw Ric Flair una oportunidad por el campeonato m\u00e1ximo de la WWE hasta que fue interrumpido por Stone Cold Steve Austin quien sali\u00f3 a exigir lo mismo. Ante la demanda de ambos luchadores Ric decidi\u00f3 pactar 2 luchas de primer contendiente al t\u00edtulo y los 2 ganadores se enfrentar\u00edan en Backlash para definir al Retador definitivo. Undertaker super\u00f3 a Rob Van Dam y Stone Cold venci\u00f3 a Scott Hall para as\u00ed quedar a un s\u00f3lo combate de la oportunidad titular, como agregado el mismo Ric Flair se nombr\u00f3 \u00c1rbitro especial para el una lucha que dar\u00eda mucho que hablar y que tendr\u00eda como resultado un retador al t\u00edtulo m\u00e1ximo de la WWE.<\/p>\n<p style=\"text-align: left\">(CLIC A LA IMAGEN PARA VER EL VIDEO)<\/p>\n<p style=\"text-align: left\">.<\/p>\n<p style=\"text-align: left\">.<\/p>\n<p style=\"text-align: center\"><strong>Undertaker Vs The Rock Vs Kurt Angle (Triple Threat Match)<\/strong><\/p>\n<p style=\"text-align: center\">\u00a0<a href=\"https:\/\/www.facebook.com\/1468033830109021\/videos\/1635389883373414\/\" target=\"_blank\"><img loading=\"lazy\" decoding=\"async\" class=\"alignnone size-medium wp-image-84\" src=\"http:\/\/blog.espol.edu.ec\/cesarsan\/files\/2016\/05\/Kurt-721x478.png\" alt=\"Kurt\" width=\"721\" height=\"478\" \/><\/a><\/p>\n<p style=\"text-align: left\">- WWE Undisputed Championship<br \/>\n- PPV Vengeance 2002<br \/>\n- Todo comenz\u00f3 en King of The Ring, The Undertaker defend\u00eda el campeonato m\u00e1ximo de la WWE contra Triple H hasta que fue abruptamente atacado por The Rock casi costandole la victoria. Taker furioso exigi\u00f3 a Vince Mcmahon una lucha contra The Rock en Vengeance a lo que este accedi\u00f3 siempr<span class=\"text_exposed_show\">e y cuando el hombre muerto defendiera exitosamente su t\u00edtulo en Smackdown ante Kurt Angle, lucha que termin\u00f3 con un pol\u00e9mico empate. De esta forma Vince Mcmahon tom\u00f3 la salom\u00f3nica desicion de pactar una Triple Amenaza para Vengeance que dar\u00eda mucho que hablar luego de las incre\u00edbles promos y ataques que estos 3 gladiadores mantuvieron las semanas previas al pague por ver.<\/span><\/p>\n<p style=\"text-align: left\">(CLIC A LA IMAGEN PARA VER EL VIDEO)<\/p>\n<p style=\"text-align: left\">.<\/p>\n<p style=\"text-align: left\">.<\/p>\n<p style=\"text-align: center\"><strong>Undertaker vs Edge<\/strong><\/p>\n<p style=\"text-align: center\"><a href=\"https:\/\/www.facebook.com\/1468033830109021\/videos\/1637202496525486\/\" target=\"_blank\"><img loading=\"lazy\" decoding=\"async\" class=\"alignnone size-full wp-image-87\" src=\"http:\/\/blog.espol.edu.ec\/cesarsan\/files\/2016\/05\/edge.png\" alt=\"edge\" width=\"719\" height=\"341\" \/><\/a><\/p>\n<p style=\"text-align: left\">- Hell In A Cell Match<br \/>\n- PPV Summerslam 2008<br \/>\n- Luego de creer que hab\u00eda borrado del mapa al Undertaker, Edge se encaminaba a una estadia m\u00e1s pacifica en WWE, no obstante salio a la luz un registro en video donde la s\u00faperestrella categor\u00eda \"R\" le era infiel a su esposa y gerente general de Smackdown Vickie Guerrero. Ante tal error la furia de do\u00f1a Vickie no se hizo esperar y <span class=\"text_exposed_show\">a pesar de que perdono a Edge hizo lo impensado, trayendo de vuelta al \"Deadman\" y de paso pactando una lucha entre ambos para el PPV Summerslam dentro de la estructura demoniaca, lo cual descoloc\u00f3 totalmente al canadiense e hizo estallar en alegria a la viuda del legendario Eddie Guerrero.<\/span><\/p>\n<p style=\"text-align: left\">(CLIC A LA IMAGEN PARA VER EL VIDEO)<\/p>\n<p style=\"text-align: left\">.<\/p>\n<p style=\"text-align: left\">.<\/p>\n<p style=\"text-align: center\"><strong>Undertaker vs Brock lesner<\/strong><\/p>\n<p style=\"text-align: center\"><a href=\"https:\/\/www.facebook.com\/1468033830109021\/videos\/1638861359692933\/\" target=\"_blank\"><img loading=\"lazy\" decoding=\"async\" class=\"alignnone size-full wp-image-89\" src=\"http:\/\/blog.espol.edu.ec\/cesarsan\/files\/2016\/05\/brock.png\" alt=\"brock\" width=\"721\" height=\"433\" \/><\/a><\/p>\n<p style=\"text-align: left\">- PPV Wrestlemania XXX<br \/>\n- Desde su regreso en el a\u00f1o 2012, Brock Lesnar se ha encargado de demostrar bajo sus propios m\u00e9todos el por qu\u00e9 es la fuerza m\u00e1s dominante en el mundo del entretenimiento deportivo, acabando y humillando notoriamente a quien se le cruze por delante a tal punto de que bajo la representaci\u00f3n de Paul Heyman ofreci\u00f3 un reto abierto a quien quisiera<span class=\"text_exposed_show\"> atreverse a desafiar su poder\u00edo en el evento m\u00e1s grande de todos, WrestleMania 30. Dicho desaf\u00edo parec\u00eda que no iba a ser atendido por nadie hasta que de pronto y s\u00fabitamente hizo su aparici\u00f3n el mism\u00edsimo Undertaker! Quien acept\u00f3 el desaf\u00edo sin decir una sola palabra, retomando as\u00ed una de las mejores rivalidades del a\u00f1o 2002 con el agregado de que la legendaria racha de 21-0 del hombre muerto estar\u00eda en juego ante la bestia encarnada, quien no mostraba temor ante el legado de quien muchos consideran el luchador m\u00e1s emblem\u00e1tico de WrestleMania y la historia del Wrestling.<\/span><\/p>\n<p style=\"text-align: left\">(CLIC A LA IMAGEN PARA VER EL VIDEO)<\/p>\n<p style=\"text-align: left\">.<\/p>\n<p style=\"text-align: left\">.<\/p>\n<p style=\"text-align: center\">CM Punk VS John Cena<\/p>\n<p style=\"text-align: center\"><a href=\"https:\/\/www.facebook.com\/1468033830109021\/videos\/1640609469518122\/\" target=\"_blank\"><img loading=\"lazy\" decoding=\"async\" class=\"alignnone size-medium wp-image-90\" src=\"http:\/\/blog.espol.edu.ec\/cesarsan\/files\/2016\/05\/cm-punk-850x478.jpg\" alt=\"cm punk\" width=\"850\" height=\"478\" srcset=\"https:\/\/blog.espol.edu.ec\/cesarsan\/files\/2016\/05\/cm-punk-850x478.jpg 850w, https:\/\/blog.espol.edu.ec\/cesarsan\/files\/2016\/05\/cm-punk-250x141.jpg 250w, https:\/\/blog.espol.edu.ec\/cesarsan\/files\/2016\/05\/cm-punk-768x432.jpg 768w, https:\/\/blog.espol.edu.ec\/cesarsan\/files\/2016\/05\/cm-punk-1200x675.jpg 1200w, https:\/\/blog.espol.edu.ec\/cesarsan\/files\/2016\/05\/cm-punk.jpg 1280w\" sizes=\"auto, (max-width: 850px) 100vw, 850px\" \/><\/a><\/p>\n<p style=\"text-align: left\">- PPV Money In The Bank 2011<br \/>\n- WWE Championship<br \/>\n- Sin dudas una de las mejores luchas de la Era PG, despu\u00e9s de feudos de bajo nivel del denominado \"Best in the Word\" y su descontento con la empresa CM Punk semanas previas al termino de su contrato lanza una de las mejores promos que se haya visto la cual fue descrita como pipebomb de alto calibre amenazando con abandonar l<span class=\"text_exposed_show\">a compa\u00f1ia llevandose el titulo m\u00e1ximo molestando a mas de un alto mando de WWE y siendo suspendido de toda acci\u00f3n el campe\u00f3n por esos d\u00edas John Cena le reclama a Vince por la decisi\u00f3n y quiere a Punk de vuelta, Mcmahon molesto por ello pacta la lucha en la cual si Cena perdiera seria despedido!!<\/span><\/p>\n<p style=\"text-align: left\">(CLIC A LA IMAGEN PARA VER EL VIDEO)<\/p>\n","protected":false},"excerpt":{"rendered":"<p>Stone Cold VS\u00a0Undertaker -#1 Contender Match -PPV Backlash 2002 -Luego de su lucha en WrestleMania 18 The Undertaker demandaba al en ese entonces gerente general de Raw Ric Flair una oportunidad por el campeonato m\u00e1ximo de la WWE hasta que fue interrumpido por Stone Cold Steve Austin quien sali\u00f3 a exigir lo mismo. Ante la [&hellip;]<\/p>\n","protected":false},"author":10285,"featured_media":0,"parent":0,"menu_order":0,"comment_status":"closed","ping_status":"closed","template":"","meta":{"footnotes":""},"class_list":["post-53","page","type-page","status-publish","hentry"],"_links":{"self":[{"href":"https:\/\/blog.espol.edu.ec\/cesarsan\/wp-json\/wp\/v2\/pages\/53","targetHints":{"allow":["GET"]}}],"collection":[{"href":"https:\/\/blog.espol.edu.ec\/cesarsan\/wp-json\/wp\/v2\/pages"}],"about":[{"href":"https:\/\/blog.espol.edu.ec\/cesarsan\/wp-json\/wp\/v2\/types\/page"}],"author":[{"embeddable":true,"href":"https:\/\/blog.espol.edu.ec\/cesarsan\/wp-json\/wp\/v2\/users\/10285"}],"replies":[{"embeddable":true,"href":"https:\/\/blog.espol.edu.ec\/cesarsan\/wp-json\/wp\/v2\/comments?post=53"}],"version-history":[{"count":8,"href":"https:\/\/blog.espol.edu.ec\/cesarsan\/wp-json\/wp\/v2\/pages\/53\/revisions"}],"predecessor-version":[{"id":93,"href":"https:\/\/blog.espol.edu.ec\/cesarsan\/wp-json\/wp\/v2\/pages\/53\/revisions\/93"}],"wp:attachment":[{"href":"https:\/\/blog.espol.edu.ec\/cesarsan\/wp-json\/wp\/v2\/media?parent=53"}],"curies":[{"name":"wp","href":"https:\/\/api.w.org\/{rel}","templated":true}]}}