{"id":2,"date":"2013-05-21T15:34:24","date_gmt":"2013-05-21T15:34:24","guid":{"rendered":"http:\/\/blog.espol.edu.ec\/cevadiaz\/?page_id=2"},"modified":"2013-06-07T00:06:36","modified_gmt":"2013-06-07T00:06:36","slug":"pagina-ejemplo","status":"publish","type":"page","link":"https:\/\/blog.espol.edu.ec\/cevadiaz\/pagina-ejemplo\/","title":{"rendered":"Introducci\u00f3n"},"content":{"rendered":"<p style=\"text-align: center\"><img loading=\"lazy\" decoding=\"async\" class=\"aligncenter\" src=\"http:\/\/2.bp.blogspot.com\/-ZC2Ly4VgK2M\/UJKoI9iiekI\/AAAAAAAAAkM\/kGDNWiQBqpU\/s320\/Dibujante-778990.gif\" alt=\"\" width=\"256\" height=\"241\" \/><\/p>\n<p style=\"text-align: justify\"><strong>Dibujo<\/strong>\u00a0significa tanto el arte que ense\u00f1a a dibujar, como delineaci\u00f3n, figura o imagen\u00a0ejecutada en claro y oscuro, que toma nombre del material con que se hace.<span style=\"font-size: 11px\">\u00a0<\/span>El dibujo es una forma de expresi\u00f3n gr\u00e1fica, plasmando im\u00e1genes sobre un espacio plano, por lo que forma parte de la bella arte conocida como pintura. Es una de las modalidades de las artes visuales. Se considera al dibujo como el lenguaje gr\u00e1fico universal, utilizado por la humanidad para transmitir sus ideas, proyectos y, en un sentido m\u00e1s amplio, su cultura.<\/p>\n<p style=\"text-align: justify\">Nos valemos del dibujo para representar objetos reales o ideas que, a veces, no podemos expresar fielmente con palabras. Los primeros dibujos conocidos se remontan a la prehistoria, como los que se encuentran en la Cueva de Altamira, donde nuestros antepasados representaron en los techos y paredes de las grutas lo que consideraban importante transmitir o expresar.<\/p>\n<p><a href=\"http:\/\/blog.espol.edu.ec\/cevadiaz\/files\/2013\/05\/rupestre.jpg\"><img loading=\"lazy\" decoding=\"async\" class=\"aligncenter\" src=\"http:\/\/blog.espol.edu.ec\/cevadiaz\/files\/2013\/05\/rupestre-300x198.jpg\" alt=\"\" width=\"300\" height=\"198\" \/><\/a><\/p>\n<p style=\"text-align: justify\">El dibujo es una manifestaci\u00f3n art\u00edstica del ser humano que lo ha acompa\u00f1ado a lo largo de su historia y ha sido testigo de su desarrollo. A trav\u00e9s del dibujo, el hombre ha expresado ideas, sentimientos y las ha divulgado de generaci\u00f3n en generaci\u00f3n.<\/p>\n<p style=\"text-align: justify\">En la prehistoria, el hombre comenz\u00f3 a realizar sus primeras manifestaciones art\u00edsticas conocidas como pituras rupestres, en las que plasmaba lo que le rodeaba desde los animales que conoc\u00eda, hasta dibujarse el mismo y lo hacia con diferentes materiales. Actualmente sabemos que en \u00c1frica y Europa el hombre dej\u00f3 estos dibujos en cavernas, rocas, huesos de animales, y los realizaba con distintos materiales tales como: la sangre, excremento, pigmento de plantas entre otros.<\/p>\n<div><img loading=\"lazy\" decoding=\"async\" class=\"aligncenter\" src=\"http:\/\/1.bp.blogspot.com\/-MAdRWBgmX0A\/UJFN6LpJ__I\/AAAAAAAAAPI\/FHnENNvoUQQ\/s1030\/dibujantes-baner.jpg\" alt=\"\" width=\"721\" height=\"238\" \/><\/div>\n","protected":false},"excerpt":{"rendered":"<p>Dibujo\u00a0significa tanto el arte que ense\u00f1a a dibujar, como delineaci\u00f3n, figura o imagen\u00a0ejecutada en claro y oscuro, que toma nombre del material con que se hace.\u00a0El dibujo es una forma de expresi\u00f3n gr\u00e1fica, plasmando im\u00e1genes sobre un espacio plano, por lo que forma parte de la bella arte conocida como pintura. Es una de las [&hellip;]<\/p>\n","protected":false},"author":8591,"featured_media":0,"parent":0,"menu_order":0,"comment_status":"open","ping_status":"open","template":"","meta":{"footnotes":""},"class_list":["post-2","page","type-page","status-publish","hentry"],"_links":{"self":[{"href":"https:\/\/blog.espol.edu.ec\/cevadiaz\/wp-json\/wp\/v2\/pages\/2","targetHints":{"allow":["GET"]}}],"collection":[{"href":"https:\/\/blog.espol.edu.ec\/cevadiaz\/wp-json\/wp\/v2\/pages"}],"about":[{"href":"https:\/\/blog.espol.edu.ec\/cevadiaz\/wp-json\/wp\/v2\/types\/page"}],"author":[{"embeddable":true,"href":"https:\/\/blog.espol.edu.ec\/cevadiaz\/wp-json\/wp\/v2\/users\/8591"}],"replies":[{"embeddable":true,"href":"https:\/\/blog.espol.edu.ec\/cevadiaz\/wp-json\/wp\/v2\/comments?post=2"}],"version-history":[{"count":7,"href":"https:\/\/blog.espol.edu.ec\/cevadiaz\/wp-json\/wp\/v2\/pages\/2\/revisions"}],"predecessor-version":[{"id":83,"href":"https:\/\/blog.espol.edu.ec\/cevadiaz\/wp-json\/wp\/v2\/pages\/2\/revisions\/83"}],"wp:attachment":[{"href":"https:\/\/blog.espol.edu.ec\/cevadiaz\/wp-json\/wp\/v2\/media?parent=2"}],"curies":[{"name":"wp","href":"https:\/\/api.w.org\/{rel}","templated":true}]}}