{"id":12,"date":"2009-03-04T11:22:42","date_gmt":"2009-03-04T16:22:42","guid":{"rendered":"http:\/\/blog.espol.edu.ec\/cgcevall\/?page_id=12"},"modified":"2009-03-04T13:57:48","modified_gmt":"2009-03-04T18:57:48","slug":"acerca-de-mi-2","status":"publish","type":"page","link":"https:\/\/blog.espol.edu.ec\/cgcevall\/acerca-de-mi-2\/","title":{"rendered":"Acerca de M\u00ed- Biograf\u00eda"},"content":{"rendered":"<p style=\"text-align: center\"><a href=\"http:\/\/blog.espol.edu.ec\/cgcevall\/files\/2009\/03\/th_lrvtnc2ghydg.jpg\"><img loading=\"lazy\" decoding=\"async\" class=\"size-medium wp-image-13     aligncenter\" src=\"http:\/\/blog.espol.edu.ec\/cgcevall\/files\/2009\/03\/th_lrvtnc2ghydg.jpg\" alt=\"\" width=\"96\" height=\"96\" \/><\/a><\/p>\n<div><\/div>\n<p><span style=\"font-size: 26pt;color: #800080;font-family: &quot;Edwardian Script ITC&amp;quot\"><\/p>\n<p class=\"MsoNormal\" style=\"margin: 0cm 0cm 0pt;text-align: center\" align=\"center\"><strong><span style=\"font-size: 11pt;color: #800080;font-family: &quot;Edwardian Script ITC&amp;quot\">Biograf\u00eda<\/span><\/strong><\/p>\n<div><\/div>\n<p><span style=\"color: #800080;font-family: &quot;Edwardian Script ITC&amp;quot\"><\/p>\n<div style=\"text-align: center\"><span style=\"color: #800080;font-family: &quot;Edwardian Script ITC&amp;quot\"><span style=\"color: #800080;font-family: &quot;Edwardian Script ITC&amp;quot\"><span style=\"color: #800080;font-family: &quot;Edwardian Script ITC&amp;quot\"><span style=\"font-size: 11pt;color: #800080;font-family: &quot;Edwardian Script ITC&amp;quot\">Carla Gabriela Cevallos Lagos<\/span><\/span><\/span><\/span><\/div>\n<p>\u00a0<\/p>\n<p><\/span><\/span><\/p>\n<div><\/div>\n<div><span style=\"font-size: 26pt;color: #800080;font-family: &quot;Edwardian Script ITC&amp;quot\"><\/span><\/div>\n<p><span style=\"font-size: 26pt;color: #800080;font-family: &quot;Edwardian Script ITC&amp;quot\"><span style=\"color: #800080;font-family: &quot;Edwardian Script ITC&amp;quot\"><\/p>\n<div><\/div>\n<p><span style=\"color: #800080;font-family: &quot;Edwardian Script ITC&amp;quot\"><\/p>\n<p class=\"MsoNormal\" style=\"margin: 0cm 0cm 0pt;text-align: center\" align=\"center\"><em>\u00a0<\/em><a href=\"http:\/\/blog.espol.edu.ec\/cgcevall\/files\/2009\/03\/yop.jpg\"><em><img loading=\"lazy\" decoding=\"async\" class=\"alignnone size-medium wp-image-14\" src=\"http:\/\/blog.espol.edu.ec\/cgcevall\/files\/2009\/03\/yop.jpg\" alt=\"\" width=\"112\" height=\"162\" \/><\/em><\/a><\/p>\n<p class=\"MsoNormal\" style=\"margin: 0cm 0cm 0pt;text-align: justify\"><span style=\"color: #000080\"><span style=\"font-size: small\"><span style=\"font-family: Times New Roman\">Nac\u00ed el 30 de octubre de 1990 en la ciudad de Babahoyo. Mis padres son Ver\u00f3nica Alexandra Lagos S\u00e1nchez y Carlos Sebasti\u00e1n Cevallos Zambrano. Tengo 5 hermanos. A los 4 a\u00f1os asist\u00ed al Jard\u00edn Aprendamos Jugando, a partir de los 5 a\u00f1os ingres\u00e9 a la Escuela Fiscal Mixta Blanca Gilbert de Intriago, donde compart\u00ed junto a mis compa\u00f1eros de aula muchas lecciones y muchos pasatiempos. Luego cuando culmin\u00e9 mi etapa primaria ingres\u00e9 al Colegio T\u00e9cnico Experimental de Comercio y Administraci\u00f3n Veintiocho de Mayo, en esta etapa aprend\u00ed much\u00edsimo acerca de muchos temas, conoc\u00ed a mis verdaderas amigas, tom\u00e9 el cargo de presidenta convirti\u00e9ndome en una l\u00edder durante dos a\u00f1os, en primer curso y en sexto curso, esa es una de las mejores experiencias de mi vida. El 30 de Enero de 2008 se realiz\u00f3 mi graduaci\u00f3n, me gradu\u00e9 como Bachiller en Ciencias Contables y Administraci\u00f3n. Ahora estoy estudiando en la ESPOL, en la carrera Ingenier\u00eda en Auditoria y Control de Gesti\u00f3n, curso el segundo semestre.<\/span><\/span><\/span><\/p>\n<p class=\"MsoNormal\" style=\"margin: 0cm 0cm 0pt;text-align: justify\"><span style=\"color: #000080\"><span><span style=\"font-size: small\"><span style=\"font-family: Times New Roman\">\u00a0<\/span><\/span><\/span><\/span><\/p>\n<p class=\"MsoNormal\" style=\"text-align: center\"><span style=\"color: #000080\"><span><span style=\"font-size: small;font-family: Times New Roman\">\u00a0\u00a0<span style=\"color: #000000\"> <\/span><a href=\"http:\/\/blog.espol.edu.ec\/cgcevall\/files\/2009\/03\/gabriela.jpg\"><\/a><\/span><\/span><\/span><\/p>\n<div><\/div>\n<div><span style=\"color: #800080;font-family: &quot;Edwardian Script ITC&amp;quot\"><\/span><\/div>\n<div><span style=\"color: #800080;font-family: &quot;Edwardian Script ITC&amp;quot\"><span style=\"color: #800080;font-family: &quot;Edwardian Script ITC&amp;quot\"><\/span><\/span><\/div>\n<p><span style=\"color: #800080;font-family: &quot;Edwardian Script ITC&amp;quot\"><span style=\"color: #800080;font-family: &quot;Edwardian Script ITC&amp;quot\"><span style=\"color: #800080;font-family: &quot;Edwardian Script ITC&amp;quot\"><\/p>\n<div><\/div>\n<p><span style=\"color: #800080;font-family: &quot;Edwardian Script ITC&amp;quot\"><\/p>\n<p class=\"MsoNormal\" style=\"margin: 0cm 0cm 0pt;text-align: center\" align=\"center\">\u00a0<\/p>\n<p>\u00a0<\/p>\n<p>\u00a0<\/p>\n<p>\u00a0<\/p>\n<p>\u00a0<\/p>\n<p>\u00a0<\/p>\n<p>\u00a0<\/p>\n<p><\/span>\u00a0<\/p>\n<p><\/span><\/p>\n<p class=\"MsoNormal\" style=\"margin: 0cm 0cm 0pt;text-align: center\" align=\"center\">\u00a0<\/p>\n<p>\u00a0<\/p>\n<p>\u00a0<\/p>\n<div><\/div>\n<div><span style=\"color: #800080;font-family: &quot;Edwardian Script ITC&amp;quot\"><\/span><\/div>\n<p><\/span><\/span><\/span><span style=\"color: #800080;font-family: &quot;Edwardian Script ITC&amp;quot\"><span style=\"color: #800080;font-family: &quot;Edwardian Script ITC&amp;quot\"><\/p>\n<p class=\"MsoNormal\" style=\"margin: 0cm 0cm 0pt;text-align: center\" align=\"center\">\u00a0<\/p>\n<p>\u00a0<\/p>\n<p>\u00a0<\/p>\n<div><span style=\"color: #800080;font-family: &quot;Edwardian Script ITC&amp;quot\">\u00a0<\/span><\/div>\n<div><span style=\"color: #800080;font-family: &quot;Edwardian Script ITC&amp;quot\">\u00a0<\/span><\/div>\n<div><span style=\"color: #800080;font-family: &quot;Edwardian Script ITC&amp;quot\">\u00a0<\/span><\/div>\n<div><span style=\"color: #800080;font-family: &quot;Edwardian Script ITC&amp;quot\">\u00a0<\/span><\/div>\n<p><\/span><\/span><\/span><span style=\"color: #800080;font-family: &quot;Edwardian Script ITC&amp;quot\">\u00a0<\/p>\n<p><\/span><\/span><\/p>\n<p>\u00a0<\/p>\n<p class=\"MsoNormal\" style=\"margin: 0cm 0cm 0pt;text-align: center\" align=\"center\">\u00a0<\/p>\n<p style=\"text-align: center\">\u00a0<\/p>\n<p>\u00a0<\/p>\n<p>\u00a0<\/p>\n<p>\u00a0<\/p>\n<div><span style=\"font-size: 36pt;color: #800080;font-family: &quot;Edwardian Script ITC&amp;quot\">\u00a0<\/span><\/div>\n<div><span style=\"font-size: 36pt;color: #800080;font-family: &quot;Edwardian Script ITC&amp;quot\">\u00a0<\/span><\/div>\n<div><span style=\"font-size: 36pt;color: #800080;font-family: &quot;Edwardian Script ITC&amp;quot\">\u00a0<\/span><\/div>\n<div><span style=\"font-size: 36pt;color: #800080;font-family: &quot;Edwardian Script ITC&amp;quot\">\u00a0<\/span><\/div>\n<div><span style=\"font-size: 36pt;color: #800080;font-family: &quot;Edwardian Script ITC&amp;quot\">\u00a0<\/span><\/div>\n<div><span style=\"font-size: 36pt;color: #800080;font-family: &quot;Edwardian Script ITC&amp;quot\">\u00a0<\/span><\/div>\n<p><span style=\"font-size: 36pt;color: #800080;font-family: &quot;Edwardian Script ITC&amp;quot\">\u00a0<\/p>\n<p><\/span><\/p>\n","protected":false},"excerpt":{"rendered":"<p>Biograf\u00eda Carla Gabriela Cevallos Lagos \u00a0 \u00a0 Nac\u00ed el 30 de octubre de 1990 en la ciudad de Babahoyo. Mis padres son Ver\u00f3nica Alexandra Lagos S\u00e1nchez y Carlos Sebasti\u00e1n Cevallos Zambrano. Tengo 5 hermanos. A los 4 a\u00f1os asist\u00ed al Jard\u00edn Aprendamos Jugando, a partir de los 5 a\u00f1os ingres\u00e9 a la Escuela Fiscal Mixta [&hellip;]<\/p>\n","protected":false},"author":1316,"featured_media":0,"parent":0,"menu_order":0,"comment_status":"open","ping_status":"open","template":"","meta":{"footnotes":""},"class_list":["post-12","page","type-page","status-publish","hentry"],"_links":{"self":[{"href":"https:\/\/blog.espol.edu.ec\/cgcevall\/wp-json\/wp\/v2\/pages\/12","targetHints":{"allow":["GET"]}}],"collection":[{"href":"https:\/\/blog.espol.edu.ec\/cgcevall\/wp-json\/wp\/v2\/pages"}],"about":[{"href":"https:\/\/blog.espol.edu.ec\/cgcevall\/wp-json\/wp\/v2\/types\/page"}],"author":[{"embeddable":true,"href":"https:\/\/blog.espol.edu.ec\/cgcevall\/wp-json\/wp\/v2\/users\/1316"}],"replies":[{"embeddable":true,"href":"https:\/\/blog.espol.edu.ec\/cgcevall\/wp-json\/wp\/v2\/comments?post=12"}],"version-history":[{"count":9,"href":"https:\/\/blog.espol.edu.ec\/cgcevall\/wp-json\/wp\/v2\/pages\/12\/revisions"}],"predecessor-version":[{"id":16,"href":"https:\/\/blog.espol.edu.ec\/cgcevall\/wp-json\/wp\/v2\/pages\/12\/revisions\/16"}],"wp:attachment":[{"href":"https:\/\/blog.espol.edu.ec\/cgcevall\/wp-json\/wp\/v2\/media?parent=12"}],"curies":[{"name":"wp","href":"https:\/\/api.w.org\/{rel}","templated":true}]}}