{"id":41,"date":"2009-03-04T13:06:48","date_gmt":"2009-03-04T18:06:48","guid":{"rendered":"http:\/\/blog.espol.edu.ec\/cgcevall\/?page_id=41"},"modified":"2009-03-04T16:50:02","modified_gmt":"2009-03-04T21:50:02","slug":"poemas","status":"publish","type":"page","link":"https:\/\/blog.espol.edu.ec\/cgcevall\/poemas\/","title":{"rendered":"Poemas@&gt;--"},"content":{"rendered":"<h2 style=\"margin: auto 0cm;text-align: center\"><span style=\"font-size: 16pt;color: #339966;font-family: &quot;Lucida Calligraphy&amp;quot\"><a href=\"http:\/\/www.poesiaspoemas.com\/pablo-neruda\">Pablo Neruda<\/a> - <a href=\"http:\/\/www.poesiaspoemas.com\/pablo-neruda\/el-amor\"><span style=\"color: #339966\">el amor<\/span><\/a><\/span><\/h2>\n<h2 style=\"margin: auto 0cm;text-align: center\"><span style=\"font-size: 16pt;color: #339966;font-family: &quot;Lucida Calligraphy&amp;quot\"><span style=\"color: #339966\"><a href=\"http:\/\/blog.espol.edu.ec\/cgcevall\/files\/2009\/03\/th_f4odkawbsjjh.gif\"><img loading=\"lazy\" decoding=\"async\" class=\"alignnone size-medium wp-image-43\" src=\"http:\/\/blog.espol.edu.ec\/cgcevall\/files\/2009\/03\/th_f4odkawbsjjh.gif\" alt=\"\" width=\"160\" height=\"160\" \/><\/a><\/span><\/span><\/h2>\n<h2 style=\"margin: auto 0cm;text-align: center\"><span style=\"font-size: 16pt;color: #339966;font-family: &quot;Lucida Calligraphy&amp;quot\"><span style=\"font-size: 9.5pt;color: #333333;font-family: &quot;Arial&quot;,&quot;sans-serif&amp;quot\">Peque\u00f1a<br \/>\nrosa,<br \/>\nrosa peque\u00f1a,<br \/>\na veces, diminuta y desnuda,<br \/>\nparece<br \/>\nque en una mano m\u00eda<br \/>\ncabes,<br \/>\nque as\u00ed voy a cerrarte<br \/>\ny a llevarte a mi boca,<br \/>\npero\u00a0de pronto<br \/>\nmis pies tocan tus pies y mi boca tus labios,<br \/>\nhas crecido,<br \/>\nsuben tus hombros como dos colinas,<br \/>\ntus pechos se pasean por mi pecho,<br \/>\nmi brazo alcanza apenas a rodear la delgada<br \/>\nl\u00ednea de luna nueva que tiene tu cintura:<br \/>\nen el amor como agua de mar te has desatado:<br \/>\nmido apenas los ojos m\u00e1s extensos del cielo<br \/>\ny me inclino a tu boca para besar la tierra. \u00a0 \u00a0 \u00a0 \u00a0<\/span><\/span><\/h2>\n<h2 style=\"margin: auto 0cm;text-align: center\">\n<table class=\"MsoNormalTable\" border=\"0\" cellspacing=\"0\" cellpadding=\"0\" width=\"81\" align=\"right\">\n<tbody>\n<tr>\n<td style=\"width: 60.5pt;border: #ece9d8;padding: 0cm\" width=\"81\">\n<p class=\"MsoNormal\" style=\"margin: 0cm 0cm 0pt\"><span style=\"font-size: 9.5pt;color: #333333;font-family: &quot;Arial&quot;,&quot;sans-serif&amp;quot\">\u00a0 \u00a0 \u00a0 \u00a0\u00a0 \u00a0 \u00a0 \u00a0<\/span><\/p>\n<\/td>\n<\/tr>\n<\/tbody>\n<\/table>\n<p class=\"MsoNormal\" style=\"margin: 0cm 0cm 12pt\"><span style=\"font-size: 9.5pt;color: #333333;font-family: &quot;Arial&quot;,&quot;sans-serif&amp;quot\">\u00a0<\/span><\/p>\n<h1 style=\"margin: 12pt 0cm 3pt;text-align: center\"><span style=\"color: #000080;font-family: &quot;Lucida Calligraphy&amp;quot\"><span style=\"font-size: large\">El primer beso<\/span><\/span><\/h1>\n<h1 style=\"margin: 12pt 0cm 3pt;text-align: center\"><span style=\"color: #000080;font-family: &quot;Lucida Calligraphy&amp;quot\"><span style=\"font-size: 16pt;color: #99ccff;font-family: &quot;Lucida Calligraphy&amp;quot\"><a href=\"http:\/\/www.poesiaspoemas.com\/amado-nervo\"><span>Amado Nervo<\/span><\/a> <\/span><\/span><\/h1>\n<h1 style=\"margin: 12pt 0cm 3pt;text-align: center\"><span style=\"color: #000080;font-family: &quot;Lucida Calligraphy&amp;quot\"><span style=\"font-size: 16pt;color: #99ccff;font-family: &quot;Lucida Calligraphy&amp;quot\"><a href=\"http:\/\/blog.espol.edu.ec\/cgcevall\/files\/2009\/03\/th_ud4nznc0sc2v.gif\"><img loading=\"lazy\" decoding=\"async\" class=\"alignnone size-medium wp-image-44\" src=\"http:\/\/blog.espol.edu.ec\/cgcevall\/files\/2009\/03\/th_ud4nznc0sc2v.gif\" alt=\"\" width=\"159\" height=\"136\" \/><\/a><\/span><\/span><\/h1>\n<h1 style=\"margin: 12pt 0cm 3pt\"><span style=\"color: #000080;font-family: &quot;Lucida Calligraphy&amp;quot\"><span style=\"font-size: 16pt;color: #99ccff;font-family: &quot;Lucida Calligraphy&amp;quot\"><span style=\"font-size: 9.5pt;color: #333333;font-family: &quot;Arial&quot;,&quot;sans-serif&amp;quot\">Yo ya me desped\u00eda.... y\u00a0 \u00a0 \u00a0 palpitante<br \/>\ncerca mi labio de tus labios rojos,<br \/>\n\u00abHasta ma\u00f1ana\u00bb, susurraste;<br \/>\nyo te mir\u00e9 a los ojos un instante<br \/>\ny t\u00fa cerraste sin pensar los ojos<br \/>\ny te di el primer beso: alc\u00e9 la frente<br \/>\niluminado por mi dicha cierta.<br \/>\nSal\u00ed a la calle alborozadamente<br \/>\nmientras tu te asomabas a la puerta<br \/>\nmir\u00e1ndome encendida y sonriente.<br \/>\nVolv\u00ed la cara en dulce arrobamiento,<br \/>\ny sin dejarte de mirar siquiera,<br \/>\nsalt\u00e9 a un tranv\u00eda en raudo movimiento;<br \/>\ny me qued\u00e9 mir\u00e1ndote un momento<br \/>\ny sonriendo con el alma entera,<br \/>\ny a\u00fan m\u00e1s te sonre\u00ed... Y en el tranv\u00eda<br \/>\na un ansioso, sarc\u00e1stico y curioso,<br \/>\nque nos mir\u00f3 a los dos con iron\u00eda,<br \/>\nle dije poni\u00e9ndome dichoso:<br \/>\n-\u00abPerd\u00f3neme, Se\u00f1or esta alegr\u00eda.\u00bb<br \/>\n\u00a0\u00a0\u00a0\u00a0\u00a0\u00a0\u00a0\u00a0\u00a0\u00a0\u00a0\u00a0\u00a0\u00a0<\/span>\u00a0<\/p>\n<div><\/div>\n<p><span style=\"font-size: 9.5pt;color: #333333;font-family: &quot;Arial&quot;,&quot;sans-serif&amp;quot\"><\/p>\n<h1 style=\"margin: 12pt 0cm 3pt\"><span style=\"color: #3366ff;font-family: &quot;Lucida Calligraphy&amp;quot\"><span style=\"font-size: large\">Mi secreto<\/span><\/span><\/h1>\n<div><span style=\"color: #333333;font-family: &quot;Arial&quot;,&quot;sans-serif&amp;quot\">\u00a0<span style=\"font-size: 16pt;color: #339966;font-family: &quot;Lucida Calligraphy&amp;quot\"><span style=\"font-size: 16pt;color: #99ccff;font-family: &quot;Lucida Calligraphy&amp;quot\">Amado Nervo<\/span><\/span><\/span><\/div>\n<div><span style=\"color: #333333;font-family: &quot;Arial&quot;,&quot;sans-serif&amp;quot\"><\/p>\n<div><span style=\"color: #99ccff;font-family: &quot;Lucida Calligraphy&amp;quot\"><span style=\"color: #333333;font-family: &quot;Arial&quot;,&quot;sans-serif&amp;quot\"><span style=\"color: #333333;font-family: &quot;Arial&quot;,&quot;sans-serif&amp;quot\"><span style=\"color: #000080;font-family: &quot;Lucida Calligraphy&amp;quot\"><span style=\"color: #99ccff;font-family: &quot;Lucida Calligraphy&amp;quot\"><span style=\"color: #000080;font-family: &quot;Lucida Calligraphy&amp;quot\">\u00a0<\/span><\/span><\/span><\/span><\/span><\/span><\/div>\n<p><\/span><\/div>\n<p><span style=\"color: #333333;font-family: &quot;Arial&quot;,&quot;sans-serif&amp;quot\"><span style=\"color: #99ccff;font-family: &quot;Lucida Calligraphy&amp;quot\"><span style=\"color: #333333;font-family: &quot;Arial&quot;,&quot;sans-serif&amp;quot\"><span style=\"color: #333333;font-family: &quot;Arial&quot;,&quot;sans-serif&amp;quot\"><\/p>\n<div><span style=\"color: #99ccff;font-family: &quot;Lucida Calligraphy&amp;quot\"><span style=\"color: #333333;font-family: &quot;Arial&quot;,&quot;sans-serif&amp;quot\">\u00a0<\/span><\/span><\/div>\n<p><\/span><\/span><\/span><\/span><span style=\"color: #99ccff;font-family: &quot;Lucida Calligraphy&amp;quot\"><span style=\"color: #333333;font-family: &quot;Arial&quot;,&quot;sans-serif&amp;quot\"><\/p>\n<div><span style=\"color: #99ccff;font-family: &quot;Lucida Calligraphy&amp;quot\">\u00a0<\/span><\/div>\n<p><\/span><\/span><\/span><span style=\"color: #99ccff;font-family: &quot;Lucida Calligraphy&amp;quot\"><\/p>\n<div><span style=\"color: #000080;font-family: &quot;Lucida Calligraphy&amp;quot\"><span style=\"font-size: 16pt;color: #339966;font-family: &quot;Lucida Calligraphy&amp;quot\"><span style=\"font-size: 16pt;color: #99ccff;font-family: &quot;Lucida Calligraphy&amp;quot\"><span style=\"font-size: 9.5pt;color: #333333;font-family: &quot;Arial&quot;,&quot;sans-serif&amp;quot\">\u00bfMi secreto? \u00a1Es tan triste! Estoy perdido<br \/>\nde amores por un ser desaparecido,<br \/>\npor un alma liberta,<br \/>\nque diez a\u00f1os fue m\u00eda, y que se ha ido...<br \/>\n\u00bfMi secreto? Te lo dir\u00e9 al o\u00eddo:<br \/>\n\u00a1Estoy enamorado de una muerta!<br \/>\n\u00a0\u00bfComprendes -t\u00fa que buscas los visibles<br \/>\ntransportes, las reales, las tangibles<br \/>\ncaricias de la hembra, que se plasma<br \/>\na todos tus deseos invencibles-<br \/>\nese imposible de los imposibles<br \/>\nde adorar a un fantasma?<br \/>\n\u00a0\u00a0\u00a1Pues tal mi vida es y tal ha sido<br \/>\ny ser\u00e1!<br \/>\nSi por m\u00ed s\u00f3lo ha latido<br \/>\nsu noble coraz\u00f3n, hoy mudo y yerto,<br \/>\n\u00bfhe de mostrarme desagradecido<br \/>\ny olvidarla, no m\u00e1s porque ha partido<br \/>\ny dejarla, no m\u00e1s porque se ha muerto? <\/span><\/span><\/span><\/span><\/div>\n<p><\/span><\/span><span style=\"color: #000080;font-family: &quot;Lucida Calligraphy&amp;quot\"><span style=\"font-size: 16pt;color: #339966;font-family: &quot;Lucida Calligraphy&amp;quot\"><span style=\"font-size: 16pt;color: #99ccff;font-family: &quot;Lucida Calligraphy&amp;quot\">\u00a0<\/p>\n<p>\u00a0<\/p>\n<p><\/span><\/span><\/p>\n<div><span style=\"font-size: 16pt;color: #339966;font-family: &quot;Lucida Calligraphy&amp;quot\"><span style=\"font-size: 16pt;color: #99ccff;font-family: &quot;Lucida Calligraphy&amp;quot\"><\/span><\/span><\/div>\n<p>\u00a0<\/p>\n<p><\/span><\/p>\n<div><span style=\"font-size: 16pt;color: #339966;font-family: &quot;Lucida Calligraphy&amp;quot\"><span style=\"font-size: 16pt;color: #99ccff;font-family: &quot;Lucida Calligraphy&amp;quot\"><span style=\"color: #339966;font-family: &quot;Lucida Calligraphy&amp;quot\"><\/span><\/span><\/span><\/div>\n<p><\/span><span style=\"font-size: 16pt;color: #339966;font-family: &quot;Lucida Calligraphy&amp;quot\"><span style=\"font-size: 16pt;color: #99ccff;font-family: &quot;Lucida Calligraphy&amp;quot\"><span style=\"color: #339966;font-family: &quot;Lucida Calligraphy&amp;quot\"><span style=\"color: #99ccff;font-family: &quot;Lucida Calligraphy&amp;quot\"><\/p>\n<h2 style=\"margin: auto 0cm;text-align: center\">\n<p class=\"MsoNormal\" style=\"margin: 0cm 0cm 0pt\"><span style=\"font-size: 9.5pt;color: #333333;font-family: &quot;Arial&quot;,&quot;sans-serif&amp;quot\">\u00a0<a href=\"http:\/\/blog.espol.edu.ec\/cgcevall\/files\/2009\/03\/th_bndvfhybtcaq.jpg\"><img loading=\"lazy\" decoding=\"async\" class=\"alignnone size-medium wp-image-42\" src=\"http:\/\/blog.espol.edu.ec\/cgcevall\/files\/2009\/03\/th_bndvfhybtcaq.jpg\" alt=\"\" width=\"160\" height=\"120\" \/><\/a><\/span><\/p>\n<h1 style=\"margin: 12pt 0cm 3pt\"><span style=\"color: #99cc00;font-family: &quot;Lucida Calligraphy&amp;quot\"><span style=\"font-size: large\">El amor nuevo<\/span><\/span><\/h1>\n<h1 style=\"margin: 12pt 0cm 3pt\"><span style=\"font-size: 15pt;color: #99cc00;font-family: &quot;Lucida Calligraphy&amp;quot\"><\/p>\n<h2 style=\"margin: auto 0cm;text-align: center\"><span style=\"font-size: 16pt;color: #339966;font-family: 'Lucida Calligraphy'\"><span style=\"font-size: 16pt;color: #99ccff;font-family: 'Lucida Calligraphy'\">Amado Nervo<\/span><\/span>\u00a0<\/h2>\n<p class=\"MsoNormal\" style=\"margin: 0cm 0cm 0pt\"><span style=\"font-size: 9.5pt;color: #333333;font-family: &quot;Arial&quot;,&quot;sans-serif&amp;quot\">Todo amor nuevo que aparece<br \/>\nnos ilumina la existencia,<br \/>\nnos la perfuma y enflorece.<br \/>\n\u00a0En la m\u00e1s densa oscuridad<br \/>\ntoda mujer es refulgencia<br \/>\ny todo amor es claridad.<br \/>\nPara curar la pertinaz<br \/>\npena, en las almas escondida,<br \/>\nun nuevo amor es eficaz;<br \/>\nporque se posa en nuestro mal<br \/>\nsin lastimar nunca la herida,<br \/>\ncomo un destello en un cristal.<br \/>\n\u00a0\u00a0\u00a0\u00a0\u00a0 Como un ensue\u00f1o en una cuna,<br \/>\ncomo se posa en la r\u00fcina<br \/>\nla piedad del rayo de la luna.<br \/>\ncomo un encanto en un hast\u00edo,<br \/>\ncomo en la punta de una espina<br \/>\nuna gotita de roc\u00edo... <\/span><\/p>\n<p class=\"MsoNormal\" style=\"margin: 0cm 0cm 0pt\"><span style=\"font-size: 9.5pt;color: #333333;font-family: &quot;Arial&quot;,&quot;sans-serif&amp;quot\">\u00a0\u00a0 <\/span><span style=\"font-size: 9.5pt;color: #333333;font-family: &quot;Arial&quot;,&quot;sans-serif&amp;quot\">\u00bfQue tambi\u00e9n sabe hacer sufrir?<br \/>\n\u00bfQue tambi\u00e9n sabe hacer llorar?<br \/>\n\u00bfQue tambi\u00e9n sabe hacer morir?<br \/>\n\u00a0\u00a0\u00a0Es que t\u00fa no supiste amar...<\/span><\/p>\n<p><span style=\"font-size: 9.5pt;color: #333333;font-family: &quot;Arial&quot;,&quot;sans-serif&amp;quot\"><a href=\"http:\/\/blog.espol.edu.ec\/cgcevall\/files\/2009\/03\/th_gekwapj98z8t.gif\"><img loading=\"lazy\" decoding=\"async\" class=\"alignnone size-medium wp-image-45\" src=\"http:\/\/blog.espol.edu.ec\/cgcevall\/files\/2009\/03\/th_gekwapj98z8t.gif\" alt=\"\" width=\"96\" height=\"96\" \/><\/a><\/span><\/p>\n<p>Poemas Obtenidos : <a href=\"http:\/\/www.poesiaspoemas.com\">http:\/\/www.poesiaspoemas.com<\/a><\/p>\n<p><span style=\"font-size: 12pt;font-family: &quot;Times New Roman&quot;,&quot;serif&amp;quot\"><span style=\"color: #000000\"><a href=\"http:\/\/www.poesiaspoemas.co\"><\/a><\/span><\/span><\/p>\n<p>\u00a0<\/p>\n<p>\u00a0<\/p>\n<p>\u00a0<\/p>\n<p>\u00a0<\/p>\n<p>\u00a0<\/p>\n<p><\/span><\/h1>\n<\/h2>\n<p><\/span><\/span><\/span><\/span><\/h1>\n<\/h2>\n","protected":false},"excerpt":{"rendered":"<p>Pablo Neruda - el amor Peque\u00f1a rosa, rosa peque\u00f1a, a veces, diminuta y desnuda, parece que en una mano m\u00eda cabes, que as\u00ed voy a cerrarte y a llevarte a mi boca, pero\u00a0de pronto mis pies tocan tus pies y mi boca tus labios, has crecido, suben tus hombros como dos colinas, tus pechos se [&hellip;]<\/p>\n","protected":false},"author":1316,"featured_media":0,"parent":0,"menu_order":0,"comment_status":"open","ping_status":"open","template":"","meta":{"footnotes":""},"class_list":["post-41","page","type-page","status-publish","hentry"],"_links":{"self":[{"href":"https:\/\/blog.espol.edu.ec\/cgcevall\/wp-json\/wp\/v2\/pages\/41","targetHints":{"allow":["GET"]}}],"collection":[{"href":"https:\/\/blog.espol.edu.ec\/cgcevall\/wp-json\/wp\/v2\/pages"}],"about":[{"href":"https:\/\/blog.espol.edu.ec\/cgcevall\/wp-json\/wp\/v2\/types\/page"}],"author":[{"embeddable":true,"href":"https:\/\/blog.espol.edu.ec\/cgcevall\/wp-json\/wp\/v2\/users\/1316"}],"replies":[{"embeddable":true,"href":"https:\/\/blog.espol.edu.ec\/cgcevall\/wp-json\/wp\/v2\/comments?post=41"}],"version-history":[{"count":7,"href":"https:\/\/blog.espol.edu.ec\/cgcevall\/wp-json\/wp\/v2\/pages\/41\/revisions"}],"predecessor-version":[{"id":105,"href":"https:\/\/blog.espol.edu.ec\/cgcevall\/wp-json\/wp\/v2\/pages\/41\/revisions\/105"}],"wp:attachment":[{"href":"https:\/\/blog.espol.edu.ec\/cgcevall\/wp-json\/wp\/v2\/media?parent=41"}],"curies":[{"name":"wp","href":"https:\/\/api.w.org\/{rel}","templated":true}]}}