{"id":80,"date":"2009-03-04T14:17:18","date_gmt":"2009-03-04T19:17:18","guid":{"rendered":"http:\/\/blog.espol.edu.ec\/cgcevall\/?page_id=80"},"modified":"2009-03-04T21:37:52","modified_gmt":"2009-03-05T02:37:52","slug":"frases","status":"publish","type":"page","link":"https:\/\/blog.espol.edu.ec\/cgcevall\/frases\/","title":{"rendered":"Frases@&gt;---"},"content":{"rendered":"<p style=\"text-align: center\"><span style=\"font-size: x-small\"><a href=\"http:\/\/blog.espol.edu.ec\/cgcevall\/files\/2009\/03\/th_6d9pshkjz821.gif\"><img loading=\"lazy\" decoding=\"async\" class=\"alignnone size-medium wp-image-81\" src=\"http:\/\/blog.espol.edu.ec\/cgcevall\/files\/2009\/03\/th_6d9pshkjz821.gif\" alt=\"\" width=\"160\" height=\"115\" \/><\/a><\/span><\/p>\n<p><span style=\"font-size: x-small\">El peor castigo de un mentiroso no es que no se le crean los dem\u00e1s, sino que \u00e9l mismo ser\u00e1 incapaz de creer o confiar en otros.<\/span><\/p>\n<p><span style=\"font-size: x-small\">Un amigo verdadero es alguien que llega cuando todos los dem\u00e1s se van, y se queda cuando todos los dem\u00e1s han desaparecido. Gracias por ser mi amigo.<\/span><br \/>\n<object width=\"425\" height=\"344\"><param name=\"movie\" value=\"http:\/\/www.youtube.com\/v\/Ui74NjKRrAQ&amp;hl=en&amp;fs=1\"><\/param><param name=\"allowFullScreen\" value=\"true\"><\/param><param name=\"allowscriptaccess\" value=\"always\"><\/param><embed src=\"http:\/\/www.youtube.com\/v\/Ui74NjKRrAQ&amp;hl=en&amp;fs=1\" type=\"application\/x-shockwave-flash\" width=\"425\" height=\"344\"><\/embed><\/object><br \/>\n\u00a0<span style=\"font-size: x-small\">Una amiga es alguien que cree in ti incluso cuando tu has dejado de creer en ti misma. Siempre ser\u00e9 tu amiga.<\/span><\/p>\n<p style=\"text-align: center\"><a href=\"http:\/\/blog.espol.edu.ec\/cgcevall\/files\/2009\/03\/th_mc4qclghbsv4.gif\"><img loading=\"lazy\" decoding=\"async\" class=\"alignnone size-medium wp-image-82\" src=\"http:\/\/blog.espol.edu.ec\/cgcevall\/files\/2009\/03\/th_mc4qclghbsv4.gif\" alt=\"\" width=\"125\" height=\"136\" \/><\/a><\/p>\n<p><span style=\"font-size: x-small\">No hay nada imposible, porque los sue\u00f1os de ayer son las esperanzas de hoy y pueden convertirse en realidad ma\u00f1ana.<\/span><\/p>\n<p><span style=\"font-size: x-small\">No esperes que lleguen las circunstancias ideales ni la mejor ocasi\u00f3n para actuar, porque tal vez no lleguen nunca. <\/span><\/p>\n<p><span style=\"font-size: x-small\">El mejor espejo es un viejo amigo<\/span><\/p>\n<p>\u00a0<\/p>\n<p><span style=\"font-size: x-small\">Tener verdadero \u00e9xito en la vida es: re\u00edr mucho y muchas veces; ganar el respeto de personas inteligentes; gozar del cari\u00f1o de ni\u00f1os; ganar el reconocimiento de personas cualificadas y saber soportar la traici\u00f3n de falsos amigos; apreciar la belleza; buscar lo mejor en los dem\u00e1s; dejar el mundo un poquito mejor de como lo encontraste - con un hijo sano, un jard\u00edn bonito o una persona m\u00e1s feliz; saber que al menos alguien ha vivido mejor gracias a ti.<\/span><\/p>\n<p style=\"text-align: center\"><a href=\"http:\/\/blog.espol.edu.ec\/cgcevall\/files\/2009\/03\/th_w4d7fkjhhyth.jpg\"><img loading=\"lazy\" decoding=\"async\" class=\"alignnone size-medium wp-image-83\" src=\"http:\/\/blog.espol.edu.ec\/cgcevall\/files\/2009\/03\/th_w4d7fkjhhyth.jpg\" alt=\"\" width=\"160\" height=\"122\" \/><\/a><\/p>\n<p><span style=\"font-size: x-small\">La risa es un tranquilizante sin efectos secundarios<\/span><\/p>\n<p><span style=\"font-size: x-small\">Qu\u00e9 Dios nos de la sabidur\u00eda para descubrir lo correcto, la voluntad para elegirlo y la fuerza para hacer que perdure <\/span><\/p>\n<p><span style=\"font-size: x-small\">Los <span style=\"color: #003a6b\">sue\u00f1os<\/span> nunca desaparecen siempre que las personas no los abandonan.<\/span><\/p>\n<p><span style=\"font-size: x-small\">Le aconsejo que se case. Si lo hace, ser\u00e1 un hombre feliz. Si no lo hace, ser\u00e1 un fil\u00f3sofo <span style=\"color: #0000ff\">(Socrates)<\/span><\/span><\/p>\n<p><span style=\"font-size: x-small\">Una mentira puede correr 6 veces por el mundo antes de que la verdad haya tenido tiempo para ponerse los pantalones <span style=\"color: #0000ff\">(Twain).<\/span><\/span><\/p>\n<p><span style=\"font-size: x-small\">No se puede separar la paz de la libertad, porque nadie puede estar en paz consigo mismo si no es libre.<\/span><\/p>\n<p style=\"text-align: center\"><a href=\"http:\/\/blog.espol.edu.ec\/cgcevall\/files\/2009\/03\/th_ik4p9eiew7f62.gif\"><img loading=\"lazy\" decoding=\"async\" class=\"alignnone size-medium wp-image-86\" src=\"http:\/\/blog.espol.edu.ec\/cgcevall\/files\/2009\/03\/th_ik4p9eiew7f62.gif\" alt=\"\" width=\"122\" height=\"160\" \/><\/a><\/p>\n<p><span style=\"font-size: x-small\">El amistad mejora la felicidad y disminuye la tristeza, porque a trav\u00e9s del amistad, se duplican las alegr\u00edas y se dividen los problemas.<\/span><\/p>\n<p><span style=\"font-size: x-small\">No ande delante de m\u00ed - tal vez no le siga. No ande detr\u00e1s de mi, tal vez no le sepa dirigir. Simplemente ande a mi lado, y ser mi amigo. <span style=\"color: #0000ff\">(Camus)<\/span><\/span><\/p>\n<p><span style=\"font-size: x-small\">El amor es sabidur\u00eda en los locos, y locura en los sabios. <span style=\"color: #0000ff\">(Samuel Johnson)<\/span><\/span><\/p>\n<p><span style=\"font-size: x-small\">Si no aprendes a confiar en los dem\u00e1s, dif\u00edcilmente lograr\u00e1s que ellos conf\u00edan en ti.<\/span><\/p>\n<p style=\"text-align: center\"><a href=\"http:\/\/blog.espol.edu.ec\/cgcevall\/files\/2009\/03\/th_bndvfhybtcaq1.jpg\"><img loading=\"lazy\" decoding=\"async\" class=\"alignnone size-medium wp-image-87\" src=\"http:\/\/blog.espol.edu.ec\/cgcevall\/files\/2009\/03\/th_bndvfhybtcaq1.jpg\" alt=\"\" width=\"160\" height=\"120\" \/><\/a><\/p>\n<p><span style=\"font-size: x-small\">En la vida todos tenemos un secreto inconfesable, un arrepentimiento irreversible, un sue\u00f1o inalcanzable y un amor inolvidable.\" <span style=\"color: #0000ff\">(Diego Marchi)<\/span><\/span><\/p>\n<p><span style=\"font-size: x-small\">Felicidad es el momento que no tiene prisa y que no quieres dejar ir jamas.<\/span> <span style=\"font-size: x-small;color: #0000ff\">(Lizca)<\/span><\/p>\n<p><span style=\"font-size: x-small;color: #0000ff\">Frases Bonitas, \"Amistad\", Encontradas en:http:\/\/www.euroresidentes.com\/Diversion\/frases_bonitas.htm, Fecha de Actualizaci\u00f3n:2009, Ultima Visita: 4 de Marzo de 2009, Madrid- Espa\u00f1a<\/span><\/p>\n","protected":false},"excerpt":{"rendered":"<p>El peor castigo de un mentiroso no es que no se le crean los dem\u00e1s, sino que \u00e9l mismo ser\u00e1 incapaz de creer o confiar en otros. Un amigo verdadero es alguien que llega cuando todos los dem\u00e1s se van, y se queda cuando todos los dem\u00e1s han desaparecido. Gracias por ser mi amigo. \u00a0Una [&hellip;]<\/p>\n","protected":false},"author":1316,"featured_media":0,"parent":0,"menu_order":0,"comment_status":"open","ping_status":"open","template":"","meta":{"footnotes":""},"class_list":["post-80","page","type-page","status-publish","hentry"],"_links":{"self":[{"href":"https:\/\/blog.espol.edu.ec\/cgcevall\/wp-json\/wp\/v2\/pages\/80","targetHints":{"allow":["GET"]}}],"collection":[{"href":"https:\/\/blog.espol.edu.ec\/cgcevall\/wp-json\/wp\/v2\/pages"}],"about":[{"href":"https:\/\/blog.espol.edu.ec\/cgcevall\/wp-json\/wp\/v2\/types\/page"}],"author":[{"embeddable":true,"href":"https:\/\/blog.espol.edu.ec\/cgcevall\/wp-json\/wp\/v2\/users\/1316"}],"replies":[{"embeddable":true,"href":"https:\/\/blog.espol.edu.ec\/cgcevall\/wp-json\/wp\/v2\/comments?post=80"}],"version-history":[{"count":3,"href":"https:\/\/blog.espol.edu.ec\/cgcevall\/wp-json\/wp\/v2\/pages\/80\/revisions"}],"predecessor-version":[{"id":89,"href":"https:\/\/blog.espol.edu.ec\/cgcevall\/wp-json\/wp\/v2\/pages\/80\/revisions\/89"}],"wp:attachment":[{"href":"https:\/\/blog.espol.edu.ec\/cgcevall\/wp-json\/wp\/v2\/media?parent=80"}],"curies":[{"name":"wp","href":"https:\/\/api.w.org\/{rel}","templated":true}]}}