{"id":69,"date":"2015-11-24T04:43:49","date_gmt":"2015-11-24T04:43:49","guid":{"rendered":"http:\/\/blog.espol.edu.ec\/challope\/?page_id=69"},"modified":"2015-11-24T07:56:26","modified_gmt":"2015-11-24T07:56:26","slug":"bienvenido-a-mi-sueno-politecnico","status":"publish","type":"page","link":"https:\/\/blog.espol.edu.ec\/challope\/","title":{"rendered":"Bienvenido a \u00a1Mi Sue\u00f1o Polit\u00e9cnico!"},"content":{"rendered":"<p>Queridos aspirantes a recibir una Educaci\u00f3n Superior de Calidad en las diversas universidades nacionales e internacionales cuya visi\u00f3n es ser futuros profesionales exitosos.<\/p>\n<p>Pero para alcanzar ese objetivo deben superar una serie de obst\u00e1culos como el examen del ENES cuya calificaci\u00f3n decidir\u00e1 la calidad de universidad en la cual asistir\u00e1s ademas de la probabilidad de escoger la carrera de tu preferencia ; la prueba \"Ser Bachiller\" la cual permitir\u00e1 tu aprobaci\u00f3n del sexto a\u00f1o de bachillerato; El Pre-universitario el cual sera el filtro de tu ingreso a tu universidad so\u00f1ada; las variadas materias profesionales que debes aprobar al transcurso de tu carrera; las diferentes decisiones que deber\u00e1s tomar a lo largo de tu vida para proseguir con tu actividades; entre otros.<\/p>\n<p>Entonces todas estas pruebas no admiten errores ya que errar en una de ellas podr\u00eda marcar nuestra vida de manera negativa permanentemente.<\/p>\n<p>Pero tranquilos \u00a1Mi Sue\u00f1o Polit\u00e9cnico! es ayudarlos a ustedes a no cometer los mismo errores que yo y una serie de colegas cometimos en nuestras experiencias pasadas.<\/p>\n<p>Seguidme en el recorrido que nos llevara e triunfo a todas nuestras batallas y finalmente adquirir las herramientas y habilidades para alcanzar nuestra utop\u00eda.<\/p>\n<p>&nbsp;<\/p>\n","protected":false},"excerpt":{"rendered":"<p>Queridos aspirantes a recibir una Educaci\u00f3n Superior de Calidad en las diversas universidades nacionales e internacionales cuya visi\u00f3n es ser futuros profesionales exitosos. Pero para alcanzar ese objetivo deben superar una serie de obst\u00e1culos como el examen del ENES cuya calificaci\u00f3n decidir\u00e1 la calidad de universidad en la cual asistir\u00e1s ademas de la probabilidad de [&hellip;]<\/p>\n","protected":false},"author":10079,"featured_media":71,"parent":0,"menu_order":0,"comment_status":"closed","ping_status":"closed","template":"","meta":{"footnotes":""},"class_list":["post-69","page","type-page","status-publish","has-post-thumbnail","hentry"],"_links":{"self":[{"href":"https:\/\/blog.espol.edu.ec\/challope\/wp-json\/wp\/v2\/pages\/69","targetHints":{"allow":["GET"]}}],"collection":[{"href":"https:\/\/blog.espol.edu.ec\/challope\/wp-json\/wp\/v2\/pages"}],"about":[{"href":"https:\/\/blog.espol.edu.ec\/challope\/wp-json\/wp\/v2\/types\/page"}],"author":[{"embeddable":true,"href":"https:\/\/blog.espol.edu.ec\/challope\/wp-json\/wp\/v2\/users\/10079"}],"replies":[{"embeddable":true,"href":"https:\/\/blog.espol.edu.ec\/challope\/wp-json\/wp\/v2\/comments?post=69"}],"version-history":[{"count":6,"href":"https:\/\/blog.espol.edu.ec\/challope\/wp-json\/wp\/v2\/pages\/69\/revisions"}],"predecessor-version":[{"id":100,"href":"https:\/\/blog.espol.edu.ec\/challope\/wp-json\/wp\/v2\/pages\/69\/revisions\/100"}],"wp:featuredmedia":[{"embeddable":true,"href":"https:\/\/blog.espol.edu.ec\/challope\/wp-json\/wp\/v2\/media\/71"}],"wp:attachment":[{"href":"https:\/\/blog.espol.edu.ec\/challope\/wp-json\/wp\/v2\/media?parent=69"}],"curies":[{"name":"wp","href":"https:\/\/api.w.org\/{rel}","templated":true}]}}