{"id":75,"date":"2015-11-24T05:01:45","date_gmt":"2015-11-24T05:01:45","guid":{"rendered":"http:\/\/blog.espol.edu.ec\/challope\/?page_id=75"},"modified":"2016-09-02T20:25:50","modified_gmt":"2016-09-02T20:25:50","slug":"sobre-nosotros","status":"publish","type":"page","link":"https:\/\/blog.espol.edu.ec\/challope\/sobre-nosotros\/","title":{"rendered":"SOBRE NOSOTROS"},"content":{"rendered":"<div id=\"attachment_70\" style=\"width: 337px\" class=\"wp-caption aligncenter\"><a href=\"http:\/\/blog.espol.edu.ec\/challope\/files\/2015\/11\/10666068_736525733095439_3376072388934706362_n.jpg\"><img loading=\"lazy\" decoding=\"async\" aria-describedby=\"caption-attachment-70\" class=\" wp-image-70\" src=\"http:\/\/blog.espol.edu.ec\/challope\/files\/2015\/11\/10666068_736525733095439_3376072388934706362_n-300x225.jpg\" alt=\"Cuadro De Honor\" width=\"327\" height=\"245\" srcset=\"https:\/\/blog.espol.edu.ec\/challope\/files\/2015\/11\/10666068_736525733095439_3376072388934706362_n-300x225.jpg 300w, https:\/\/blog.espol.edu.ec\/challope\/files\/2015\/11\/10666068_736525733095439_3376072388934706362_n.jpg 900w\" sizes=\"auto, (max-width: 327px) 100vw, 327px\" \/><\/a><p id=\"caption-attachment-70\" class=\"wp-caption-text\">Cuadro de honor de la Unida Educativa \"El Cen\u00e1culo\"<\/p><\/div>\n<p>Somos un grupo de colegas pre-profesionales y compa\u00f1eros de clases que est\u00e1n cursando diferentes carreras que oferta La Escuela Superior Polit\u00e9cnica Del Litoral:<\/p>\n<ul>\n<li>Alexander L\u00f3pez (Economia con Menci\u00f3n en Gesti\u00f3n Empresarial).<\/li>\n<li>Patricio Lasso (Ing. en Petroleos).<\/li>\n<\/ul>\n","protected":false},"excerpt":{"rendered":"<p>Somos un grupo de colegas pre-profesionales y compa\u00f1eros de clases que est\u00e1n cursando diferentes carreras que oferta La Escuela Superior Polit\u00e9cnica Del Litoral: Alexander L\u00f3pez (Economia con Menci\u00f3n en Gesti\u00f3n Empresarial). Patricio Lasso (Ing. en Petroleos).<\/p>\n","protected":false},"author":10079,"featured_media":0,"parent":0,"menu_order":0,"comment_status":"closed","ping_status":"closed","template":"","meta":{"footnotes":""},"class_list":["post-75","page","type-page","status-publish","hentry"],"_links":{"self":[{"href":"https:\/\/blog.espol.edu.ec\/challope\/wp-json\/wp\/v2\/pages\/75","targetHints":{"allow":["GET"]}}],"collection":[{"href":"https:\/\/blog.espol.edu.ec\/challope\/wp-json\/wp\/v2\/pages"}],"about":[{"href":"https:\/\/blog.espol.edu.ec\/challope\/wp-json\/wp\/v2\/types\/page"}],"author":[{"embeddable":true,"href":"https:\/\/blog.espol.edu.ec\/challope\/wp-json\/wp\/v2\/users\/10079"}],"replies":[{"embeddable":true,"href":"https:\/\/blog.espol.edu.ec\/challope\/wp-json\/wp\/v2\/comments?post=75"}],"version-history":[{"count":2,"href":"https:\/\/blog.espol.edu.ec\/challope\/wp-json\/wp\/v2\/pages\/75\/revisions"}],"predecessor-version":[{"id":111,"href":"https:\/\/blog.espol.edu.ec\/challope\/wp-json\/wp\/v2\/pages\/75\/revisions\/111"}],"wp:attachment":[{"href":"https:\/\/blog.espol.edu.ec\/challope\/wp-json\/wp\/v2\/media?parent=75"}],"curies":[{"name":"wp","href":"https:\/\/api.w.org\/{rel}","templated":true}]}}