{"id":88,"date":"2015-11-24T07:38:46","date_gmt":"2015-11-24T07:38:46","guid":{"rendered":"http:\/\/blog.espol.edu.ec\/challope\/?page_id=88"},"modified":"2015-11-24T07:38:46","modified_gmt":"2015-11-24T07:38:46","slug":"mision-vision","status":"publish","type":"page","link":"https:\/\/blog.espol.edu.ec\/challope\/sobre-nosotros\/mision-vision\/","title":{"rendered":"Misi\u00f3n &amp; Visi\u00f3n"},"content":{"rendered":"<div id=\"attachment_15\" style=\"width: 310px\" class=\"wp-caption aligncenter\"><a href=\"http:\/\/blog.espol.edu.ec\/challope\/sobre-nosotros\/mision-vision\/math3\/\" rel=\"attachment wp-att-15\"><img loading=\"lazy\" decoding=\"async\" aria-describedby=\"caption-attachment-15\" class=\"size-medium wp-image-15\" src=\"http:\/\/blog.espol.edu.ec\/challope\/files\/2015\/11\/Math3-300x169.jpg\" alt=\"vv\" width=\"300\" height=\"169\" srcset=\"https:\/\/blog.espol.edu.ec\/challope\/files\/2015\/11\/Math3-300x169.jpg 300w, https:\/\/blog.espol.edu.ec\/challope\/files\/2015\/11\/Math3.jpg 948w\" sizes=\"auto, (max-width: 300px) 100vw, 300px\" \/><\/a><p id=\"caption-attachment-15\" class=\"wp-caption-text\">Crecimiento<\/p><\/div>\n<h2>Misi\u00f3n<\/h2>\n<p>\u00a1Mi Sue\u00f1o Polit\u00e9cnico!\u00a0tiene como compromiso servir a la sociedad mediante la capacitaci\u00f3n, preparaci\u00f3n y adiestramiento de estudiantes que cursando la educaci\u00f3n media o superior, necesitan reforzar o profundizar su aprendizaje de las Ciencias Exactas.<\/p>\n<h2>Visi\u00f3n<\/h2>\n<p>Ser el primer lugar de referencia en ciencias exactas a nivel nacional<\/p>\n<p>&nbsp;<\/p>\n","protected":false},"excerpt":{"rendered":"<p>Misi\u00f3n \u00a1Mi Sue\u00f1o Polit\u00e9cnico!\u00a0tiene como compromiso servir a la sociedad mediante la capacitaci\u00f3n, preparaci\u00f3n y adiestramiento de estudiantes que cursando la educaci\u00f3n media o superior, necesitan reforzar o profundizar su aprendizaje de las Ciencias Exactas. Visi\u00f3n Ser el primer lugar de referencia en ciencias exactas a nivel nacional &nbsp;<\/p>\n","protected":false},"author":10079,"featured_media":0,"parent":75,"menu_order":1,"comment_status":"closed","ping_status":"closed","template":"","meta":{"footnotes":""},"class_list":["post-88","page","type-page","status-publish","hentry"],"_links":{"self":[{"href":"https:\/\/blog.espol.edu.ec\/challope\/wp-json\/wp\/v2\/pages\/88","targetHints":{"allow":["GET"]}}],"collection":[{"href":"https:\/\/blog.espol.edu.ec\/challope\/wp-json\/wp\/v2\/pages"}],"about":[{"href":"https:\/\/blog.espol.edu.ec\/challope\/wp-json\/wp\/v2\/types\/page"}],"author":[{"embeddable":true,"href":"https:\/\/blog.espol.edu.ec\/challope\/wp-json\/wp\/v2\/users\/10079"}],"replies":[{"embeddable":true,"href":"https:\/\/blog.espol.edu.ec\/challope\/wp-json\/wp\/v2\/comments?post=88"}],"version-history":[{"count":3,"href":"https:\/\/blog.espol.edu.ec\/challope\/wp-json\/wp\/v2\/pages\/88\/revisions"}],"predecessor-version":[{"id":91,"href":"https:\/\/blog.espol.edu.ec\/challope\/wp-json\/wp\/v2\/pages\/88\/revisions\/91"}],"up":[{"embeddable":true,"href":"https:\/\/blog.espol.edu.ec\/challope\/wp-json\/wp\/v2\/pages\/75"}],"wp:attachment":[{"href":"https:\/\/blog.espol.edu.ec\/challope\/wp-json\/wp\/v2\/media?parent=88"}],"curies":[{"name":"wp","href":"https:\/\/api.w.org\/{rel}","templated":true}]}}