{"id":92,"date":"2015-11-24T07:51:44","date_gmt":"2015-11-24T07:51:44","guid":{"rendered":"http:\/\/blog.espol.edu.ec\/challope\/?page_id=92"},"modified":"2015-11-24T07:52:03","modified_gmt":"2015-11-24T07:52:03","slug":"instalaciones","status":"publish","type":"page","link":"https:\/\/blog.espol.edu.ec\/challope\/sobre-nosotros\/instalaciones\/","title":{"rendered":"Instalaciones"},"content":{"rendered":"<h2>Contamos con:<\/h2>\n<ol>\n<li>Instalaciones Nuevas.<\/li>\n<li>Aire acondicionado en todas nuestras aulas.<\/li>\n<li>Profesores Polit\u00e9cnicos y ayudantes pre-polit\u00e9cnicos.<\/li>\n<li>15 alumnos por aulas.<\/li>\n<li>Modernas metodolog\u00edas de estudios.\n<p><div id=\"attachment_94\" style=\"width: 310px\" class=\"wp-caption aligncenter\"><a href=\"http:\/\/blog.espol.edu.ec\/challope\/files\/2015\/11\/10410188_10202414906334548_1680186504408683572_n.jpg\"><img loading=\"lazy\" decoding=\"async\" aria-describedby=\"caption-attachment-94\" class=\"wp-image-94 size-medium\" src=\"http:\/\/blog.espol.edu.ec\/challope\/files\/2015\/11\/10410188_10202414906334548_1680186504408683572_n-e1448351412874-300x169.jpg\" alt=\"nn\" width=\"300\" height=\"169\" srcset=\"https:\/\/blog.espol.edu.ec\/challope\/files\/2015\/11\/10410188_10202414906334548_1680186504408683572_n-e1448351412874-300x169.jpg 300w, https:\/\/blog.espol.edu.ec\/challope\/files\/2015\/11\/10410188_10202414906334548_1680186504408683572_n-e1448351412874.jpg 960w\" sizes=\"auto, (max-width: 300px) 100vw, 300px\" \/><\/a><p id=\"caption-attachment-94\" class=\"wp-caption-text\">Espol Pe\u00f1as<\/p><\/div><\/li>\n<\/ol>\n<div id=\"attachment_93\" style=\"width: 310px\" class=\"wp-caption aligncenter\"><a href=\"http:\/\/blog.espol.edu.ec\/challope\/instalaciones\/10955658_10202467763455943_5954473092551054832_n\/\" rel=\"attachment wp-att-93\"><img loading=\"lazy\" decoding=\"async\" aria-describedby=\"caption-attachment-93\" class=\"size-medium wp-image-93\" src=\"http:\/\/blog.espol.edu.ec\/challope\/files\/2015\/11\/10955658_10202467763455943_5954473092551054832_n-300x169.jpg\" alt=\"bb\" width=\"300\" height=\"169\" srcset=\"https:\/\/blog.espol.edu.ec\/challope\/files\/2015\/11\/10955658_10202467763455943_5954473092551054832_n-300x169.jpg 300w, https:\/\/blog.espol.edu.ec\/challope\/files\/2015\/11\/10955658_10202467763455943_5954473092551054832_n.jpg 960w\" sizes=\"auto, (max-width: 300px) 100vw, 300px\" \/><\/a><p id=\"caption-attachment-93\" class=\"wp-caption-text\">\"Novus\"<\/p><\/div>\n","protected":false},"excerpt":{"rendered":"<p>Contamos con: Instalaciones Nuevas. Aire acondicionado en todas nuestras aulas. Profesores Polit\u00e9cnicos y ayudantes pre-polit\u00e9cnicos. 15 alumnos por aulas. Modernas metodolog\u00edas de estudios.<\/p>\n","protected":false},"author":10079,"featured_media":0,"parent":75,"menu_order":2,"comment_status":"closed","ping_status":"closed","template":"","meta":{"footnotes":""},"class_list":["post-92","page","type-page","status-publish","hentry"],"_links":{"self":[{"href":"https:\/\/blog.espol.edu.ec\/challope\/wp-json\/wp\/v2\/pages\/92","targetHints":{"allow":["GET"]}}],"collection":[{"href":"https:\/\/blog.espol.edu.ec\/challope\/wp-json\/wp\/v2\/pages"}],"about":[{"href":"https:\/\/blog.espol.edu.ec\/challope\/wp-json\/wp\/v2\/types\/page"}],"author":[{"embeddable":true,"href":"https:\/\/blog.espol.edu.ec\/challope\/wp-json\/wp\/v2\/users\/10079"}],"replies":[{"embeddable":true,"href":"https:\/\/blog.espol.edu.ec\/challope\/wp-json\/wp\/v2\/comments?post=92"}],"version-history":[{"count":4,"href":"https:\/\/blog.espol.edu.ec\/challope\/wp-json\/wp\/v2\/pages\/92\/revisions"}],"predecessor-version":[{"id":98,"href":"https:\/\/blog.espol.edu.ec\/challope\/wp-json\/wp\/v2\/pages\/92\/revisions\/98"}],"up":[{"embeddable":true,"href":"https:\/\/blog.espol.edu.ec\/challope\/wp-json\/wp\/v2\/pages\/75"}],"wp:attachment":[{"href":"https:\/\/blog.espol.edu.ec\/challope\/wp-json\/wp\/v2\/media?parent=92"}],"curies":[{"name":"wp","href":"https:\/\/api.w.org\/{rel}","templated":true}]}}