{"id":31,"date":"2012-10-31T00:33:25","date_gmt":"2012-10-31T00:33:25","guid":{"rendered":"http:\/\/blog.espol.edu.ec\/chrisidr\/?page_id=31"},"modified":"2012-10-31T01:03:39","modified_gmt":"2012-10-31T01:03:39","slug":"concepto","status":"publish","type":"page","link":"https:\/\/blog.espol.edu.ec\/chrisidr\/concepto\/","title":{"rendered":"Concepto de la Electr\u00f3nica"},"content":{"rendered":"<p>La\u00a0electr\u00f3nica\u00a0es el campo de la\u00a0ingenier\u00eda\u00a0y de la\u00a0f\u00edsica\u00a0aplicada relativo al dise\u00f1o\u00a0y aplicaci\u00f3n de dispositivos, por lo general circuitos\u00a0\u00a0electr\u00f3nicos, cuyo funcionamiento depende del flujo de electrones para la generaci\u00f3n, transmisi\u00f3n, recepci\u00f3n, almacenamiento\u00a0de\u00a0informaci\u00f3n, entre otros. Esta informaci\u00f3n puede consistir en voz o m\u00fasica\u00a0como en un receptor de radio, en una\u00a0imagen\u00a0en una pantalla de\u00a0televisi\u00f3n, o en n\u00fameros u otros datos\u00a0en un ordenador o computadora.<\/p>\n<p>Los circuitos electr\u00f3nicos ofrecen diferentes funciones\u00a0para procesar esta informaci\u00f3n, incluyendo la amplificaci\u00f3n de se\u00f1ales\u00a0d\u00e9biles hasta un nivel que se pueda utilizar; el generar ondas\u00a0de radio; la extracci\u00f3n de informaci\u00f3n, como por ejemplo la recuperaci\u00f3n de la se\u00f1al de sonido\u00a0de una onda de radio (de modulaci\u00f3n); el control, como en el caso de introducir una se\u00f1al de sonido a ondas de radio (modulaci\u00f3n), y operaciones\u00a0l\u00f3gicas, como los procesos\u00a0electr\u00f3nicos que tienen lugar en las computadoras.<\/p>\n<p>&nbsp;<\/p>\n<p style=\"text-align: center\">\u00a0 \u00a0 \u00a0 \u00a0 \u00a0<img loading=\"lazy\" decoding=\"async\" class=\"aligncenter\" src=\"http:\/\/upload.wikimedia.org\/wikipedia\/commons\/thumb\/f\/fc\/Chip.jpg\/220px-Chip.jpg\" alt=\"\" width=\"220\" height=\"165\" \/><\/p>\n","protected":false},"excerpt":{"rendered":"<p>La\u00a0electr\u00f3nica\u00a0es el campo de la\u00a0ingenier\u00eda\u00a0y de la\u00a0f\u00edsica\u00a0aplicada relativo al dise\u00f1o\u00a0y aplicaci\u00f3n de dispositivos, por lo general circuitos\u00a0\u00a0electr\u00f3nicos, cuyo funcionamiento depende del flujo de electrones para la generaci\u00f3n, transmisi\u00f3n, recepci\u00f3n, almacenamiento\u00a0de\u00a0informaci\u00f3n, entre otros. Esta informaci\u00f3n puede consistir en voz o m\u00fasica\u00a0como en un receptor de radio, en una\u00a0imagen\u00a0en una pantalla de\u00a0televisi\u00f3n, o en n\u00fameros u otros [&hellip;]<\/p>\n","protected":false},"author":8127,"featured_media":0,"parent":0,"menu_order":1,"comment_status":"open","ping_status":"open","template":"","meta":{"footnotes":""},"class_list":["post-31","page","type-page","status-publish","hentry"],"_links":{"self":[{"href":"https:\/\/blog.espol.edu.ec\/chrisidr\/wp-json\/wp\/v2\/pages\/31","targetHints":{"allow":["GET"]}}],"collection":[{"href":"https:\/\/blog.espol.edu.ec\/chrisidr\/wp-json\/wp\/v2\/pages"}],"about":[{"href":"https:\/\/blog.espol.edu.ec\/chrisidr\/wp-json\/wp\/v2\/types\/page"}],"author":[{"embeddable":true,"href":"https:\/\/blog.espol.edu.ec\/chrisidr\/wp-json\/wp\/v2\/users\/8127"}],"replies":[{"embeddable":true,"href":"https:\/\/blog.espol.edu.ec\/chrisidr\/wp-json\/wp\/v2\/comments?post=31"}],"version-history":[{"count":6,"href":"https:\/\/blog.espol.edu.ec\/chrisidr\/wp-json\/wp\/v2\/pages\/31\/revisions"}],"predecessor-version":[{"id":50,"href":"https:\/\/blog.espol.edu.ec\/chrisidr\/wp-json\/wp\/v2\/pages\/31\/revisions\/50"}],"wp:attachment":[{"href":"https:\/\/blog.espol.edu.ec\/chrisidr\/wp-json\/wp\/v2\/media?parent=31"}],"curies":[{"name":"wp","href":"https:\/\/api.w.org\/{rel}","templated":true}]}}