{"id":33,"date":"2012-10-31T00:37:17","date_gmt":"2012-10-31T00:37:17","guid":{"rendered":"http:\/\/blog.espol.edu.ec\/chrisidr\/?page_id=33"},"modified":"2012-10-31T01:03:49","modified_gmt":"2012-10-31T01:03:49","slug":"historia-de-la-electronica","status":"publish","type":"page","link":"https:\/\/blog.espol.edu.ec\/chrisidr\/historia-de-la-electronica\/","title":{"rendered":"Historia de la Electr\u00f3nica"},"content":{"rendered":"<p>Se considera que la electr\u00f3nica comenz\u00f3 con el\u00a0diodo\u00a0de vac\u00edo inventado por\u00a0<a title=\"John Ambrose Fleming\" href=\"http:\/\/es.wikipedia.org\/wiki\/John_Ambrose_Fleming\"><span style=\"color: #000000\">John Ambrose Fleming<\/span><\/a>\u00a0en 1904. El funcionamiento de este dispositivo est\u00e1 basado en el efecto<a title=\"Efecto Edison\" href=\"http:\/\/es.wikipedia.org\/wiki\/Efecto_Edison\"><span style=\"color: #000000\">\u00a0Edison<\/span><\/a>.\u00a0<a title=\"Thomas Alva Edison\" href=\"http:\/\/es.wikipedia.org\/wiki\/Thomas_Alva_Edison\"><span style=\"color: #000000\">Edison<\/span><\/a>\u00a0fue el primero que observ\u00f3 en 1883\u00a0la emisi\u00f3n termoionica, al colocar una l\u00e1mina dentro de una bombilla\u00a0para evitar el ennegrecimiento que produc\u00eda en la ampolla de vidrio el filamento de carbon. Cuando se polarizaba positivamente la l\u00e1mina met\u00e1lica respecto al filamento, se produc\u00eda una peque\u00f1a corriente entre el filamento y la l\u00e1mina. Este hecho se produc\u00eda porque los electrones\u00a0de los\u00a0\u00e1tomos\u00a0\u00a0del filamento, al recibir una gran cantidad de\u00a0energ\u00eda\u00a0en forma de calor, escapaban de la atracci\u00f3n del n\u00facleo (emisi\u00f3n termoi\u00f3nica) y, atravesando el espacio vac\u00edo dentro de la bombilla, eran atra\u00eddos por la polaridad positiva de la l\u00e1mina.<\/p>\n<p><span style=\"color: #000000\">El otro gran paso lo dio\u00a0<a title=\"Lee De Forest\" href=\"http:\/\/es.wikipedia.org\/wiki\/Lee_De_Forest\"><span style=\"color: #000000\">Lee De Forest<\/span><\/a>\u00a0cuando invent\u00f3 el triodo\u00a0en 1906. Este dispositivo es b\u00e1sicamente como el diodo de vac\u00edo, pero se le a\u00f1adi\u00f3 una rejilla de control situada entre el c\u00e1todo\u00a0y la placa, con el objeto de modificar la nube electr\u00f3nica del c\u00e1todo, variando as\u00ed la corriente de placa. Este fue un paso muy importante para la fabricaci\u00f3n de los primeros amplificadores\u00a0de sonido, receptores de radio, televisores, etc.<\/span><\/p>\n<p><span>Conforme pasaba el tiempo, las\u00a0v\u00e1lvulas de\u00a0vac\u00edo\u00a0\u00a0se fueron perfeccionando y mejorando, apareciendo otros tipos, como los\u00a0<a title=\"Tetrodo\" href=\"http:\/\/es.wikipedia.org\/wiki\/Tetrodo\"><span style=\"color: #000000\">tetrodos<\/span><\/a>\u00a0(v\u00e1lvulas de cuatro electrodos), los\u00a0<a title=\"Pentodo\" href=\"http:\/\/es.wikipedia.org\/wiki\/Pentodo\"><span style=\"color: #000000\">pentodos<\/span><\/a>\u00a0(cinco electrodos), otras v\u00e1lvulas para aplicaciones de alta potencia, etc. Dentro de los perfeccionamientos de las v\u00e1lvulas se encontraba su miniaturizaci\u00f3n.<\/span><\/p>\n<p><span style=\"color: #000000\">Pero fue definitivamente con el\u00a0<a title=\"Transistor\" href=\"http:\/\/es.wikipedia.org\/wiki\/Transistor\"><span style=\"color: #000000\">transistor<\/span><\/a>, aparecido de la mano de\u00a0<a title=\"John Bardeen\" href=\"http:\/\/es.wikipedia.org\/wiki\/John_Bardeen\"><span style=\"color: #000000\">Bardeen<\/span><\/a>\u00a0y\u00a0<a title=\"Walter Brattain\" href=\"http:\/\/es.wikipedia.org\/wiki\/Walter_Brattain\"><span style=\"color: #000000\">Brattain<\/span><\/a>, de la\u00a0<a title=\"Bell Telephone Company\" href=\"http:\/\/es.wikipedia.org\/wiki\/Bell_Telephone_Company\"><span style=\"color: #000000\">Bell Telephone Company<\/span><\/a>, en\u00a0<a title=\"1948\" href=\"http:\/\/es.wikipedia.org\/wiki\/1948\"><span style=\"color: #000000\">1948<\/span><\/a>, cuando se permiti\u00f3 a\u00fan una mayor miniaturizaci\u00f3n de aparatos tales como las radios. El\u00a0<a title=\"Transistor de uni\u00f3n bipolar\" href=\"http:\/\/es.wikipedia.org\/wiki\/Transistor_de_uni%C3%B3n_bipolar\"><span style=\"color: #000000\">transistor de uni\u00f3n<\/span><\/a>\u00a0apareci\u00f3 algo m\u00e1s tarde, en\u00a0<a title=\"1949\" href=\"http:\/\/es.wikipedia.org\/wiki\/1949\"><span style=\"color: #000000\">1949<\/span><\/a>. Este es el dispositivo utilizado actualmente para la mayor\u00eda de las aplicaciones de la electr\u00f3nica. Sus ventajas respecto a las\u00a0<a title=\"V\u00e1lvula termoi\u00f3nica\" href=\"http:\/\/es.wikipedia.org\/wiki\/V%C3%A1lvula_termoi%C3%B3nica\"><span style=\"color: #000000\">v\u00e1lvulas<\/span><\/a>\u00a0son entre otras: menor tama\u00f1o y fragilidad, mayor rendimiento energ\u00e9tico, menores tensiones de alimentaci\u00f3n, etc. El transistor no funciona en vac\u00edo como las v\u00e1lvulas, sino en un estado s\u00f3lido\u00a0<a title=\"Semiconductor\" href=\"http:\/\/es.wikipedia.org\/wiki\/Semiconductor\"><span style=\"color: #000000\">semiconductor<\/span><\/a>\u00a0(<a title=\"Silicio\" href=\"http:\/\/es.wikipedia.org\/wiki\/Silicio\"><span style=\"color: #000000\">silicio<\/span><\/a>), raz\u00f3n por la que no necesita centenares de voltios de tensi\u00f3n para funcionar.<\/span><\/p>\n<p><span style=\"color: #000000\">A pesar de la expansi\u00f3n de los semiconductores, todav\u00eda se siguen utilizando las v\u00e1lvulas en peque\u00f1os c\u00edrculos\u00a0<a title=\"Audi\u00f3filo\" href=\"http:\/\/es.wikipedia.org\/wiki\/Audi%C3%B3filo\"><span style=\"color: #000000\">audi\u00f3filos<\/span><\/a>, porque constituyen uno de sus mitos<sup><a href=\"http:\/\/es.wikipedia.org\/wiki\/Electr%C3%B3nica#cite_note-0\"><span style=\"color: #000000\">1<\/span><\/a><\/sup>\u00a0m\u00e1s extendidos.<\/span><\/p>\n<p><span style=\"color: #000000\">El transistor tiene tres terminales (el emisor, la base y el colector) y se asemeja a un\u00a0<a title=\"Triodo\" href=\"http:\/\/es.wikipedia.org\/wiki\/Triodo\"><span style=\"color: #000000\">triodo<\/span><\/a>: la base ser\u00eda la rejilla de control, el emisor el c\u00e1todo, y el colector la placa. Polarizando adecuadamente estos tres terminales se consigue controlar una gran corriente de colector a partir de una peque\u00f1a corriente de base.<\/span><\/p>\n<p><span style=\"color: #000000\">En\u00a0<a title=\"1958\" href=\"http:\/\/es.wikipedia.org\/wiki\/1958\"><span style=\"color: #000000\">1958<\/span><\/a>\u00a0se desarroll\u00f3 el primer\u00a0<a title=\"Circuito integrado\" href=\"http:\/\/es.wikipedia.org\/wiki\/Circuito_integrado\"><span style=\"color: #000000\">circuito integrado<\/span><\/a>, que alojaba seis transistores en un \u00fanico chip.<\/span><\/p>\n<p><span style=\"color: #000000\">En\u00a0<a title=\"1970\" href=\"http:\/\/es.wikipedia.org\/wiki\/1970\"><span style=\"color: #000000\">1970<\/span><\/a>\u00a0se desarroll\u00f3 el primer\u00a0<a title=\"Microprocesador\" href=\"http:\/\/es.wikipedia.org\/wiki\/Microprocesador\"><span style=\"color: #000000\">microprocesador<\/span><\/a>,\u00a0<a title=\"Intel 4004\" href=\"http:\/\/es.wikipedia.org\/wiki\/Intel_4004\"><span style=\"color: #000000\">Intel 4004<\/span><\/a>. En la actualidad, los campos de desarrollo de la electr\u00f3nica son tan vastos que se ha dividido en varias disciplinas especializadas. La mayor divisi\u00f3n es la que distingue la\u00a0<a title=\"Electr\u00f3nica anal\u00f3gica\" href=\"http:\/\/es.wikipedia.org\/wiki\/Electr%C3%B3nica_anal%C3%B3gica\"><span style=\"color: #000000\">electr\u00f3nica anal\u00f3gica<\/span><\/a>\u00a0de la\u00a0<a title=\"Electr\u00f3nica digital\" href=\"http:\/\/es.wikipedia.org\/wiki\/Electr%C3%B3nica_digital\"><span style=\"color: #000000\">electr\u00f3nica digital<\/span><\/a>.<\/span><\/p>\n<p><span style=\"color: #000000\">La\u00a0<strong>electr\u00f3nica<\/strong>\u00a0es, por tanto, una de las ramas de la ingenier\u00eda con mayor proyecci\u00f3n en el futuro, junto con la\u00a0<a title=\"Ingenier\u00eda inform\u00e1tica\" href=\"http:\/\/es.wikipedia.org\/wiki\/Ingenier%C3%ADa_inform%C3%A1tica\"><span style=\"color: #000000\">inform\u00e1tica<\/span><\/a>.<\/span><\/p>\n","protected":false},"excerpt":{"rendered":"<p>Se considera que la electr\u00f3nica comenz\u00f3 con el\u00a0diodo\u00a0de vac\u00edo inventado por\u00a0John Ambrose Fleming\u00a0en 1904. El funcionamiento de este dispositivo est\u00e1 basado en el efecto\u00a0Edison.\u00a0Edison\u00a0fue el primero que observ\u00f3 en 1883\u00a0la emisi\u00f3n termoionica, al colocar una l\u00e1mina dentro de una bombilla\u00a0para evitar el ennegrecimiento que produc\u00eda en la ampolla de vidrio el filamento de carbon. Cuando [&hellip;]<\/p>\n","protected":false},"author":8127,"featured_media":0,"parent":0,"menu_order":2,"comment_status":"open","ping_status":"open","template":"","meta":{"footnotes":""},"class_list":["post-33","page","type-page","status-publish","hentry"],"_links":{"self":[{"href":"https:\/\/blog.espol.edu.ec\/chrisidr\/wp-json\/wp\/v2\/pages\/33","targetHints":{"allow":["GET"]}}],"collection":[{"href":"https:\/\/blog.espol.edu.ec\/chrisidr\/wp-json\/wp\/v2\/pages"}],"about":[{"href":"https:\/\/blog.espol.edu.ec\/chrisidr\/wp-json\/wp\/v2\/types\/page"}],"author":[{"embeddable":true,"href":"https:\/\/blog.espol.edu.ec\/chrisidr\/wp-json\/wp\/v2\/users\/8127"}],"replies":[{"embeddable":true,"href":"https:\/\/blog.espol.edu.ec\/chrisidr\/wp-json\/wp\/v2\/comments?post=33"}],"version-history":[{"count":4,"href":"https:\/\/blog.espol.edu.ec\/chrisidr\/wp-json\/wp\/v2\/pages\/33\/revisions"}],"predecessor-version":[{"id":51,"href":"https:\/\/blog.espol.edu.ec\/chrisidr\/wp-json\/wp\/v2\/pages\/33\/revisions\/51"}],"wp:attachment":[{"href":"https:\/\/blog.espol.edu.ec\/chrisidr\/wp-json\/wp\/v2\/media?parent=33"}],"curies":[{"name":"wp","href":"https:\/\/api.w.org\/{rel}","templated":true}]}}