{"id":39,"date":"2012-10-31T00:49:50","date_gmt":"2012-10-31T00:49:50","guid":{"rendered":"http:\/\/blog.espol.edu.ec\/chrisidr\/?page_id=39"},"modified":"2012-10-31T00:51:27","modified_gmt":"2012-10-31T00:51:27","slug":"circuitos-integrados","status":"publish","type":"page","link":"https:\/\/blog.espol.edu.ec\/chrisidr\/circuitos-integrados\/","title":{"rendered":"circuitos integrados"},"content":{"rendered":"<p>Un circuito integrado o ( ci ) es aquel en el cual todos los componentes, incluyendo transistores, diodos, resistencias, condensadores y alambres de conexi\u00f3n, se fabrican e interconectan completamente sobre un chip o pastilla semiconductor de silicio.<\/p>\n<p>Una vez procesado, el chip se encierra en una c\u00e1psula pl\u00e1stica o de cer\u00e1mica que contiene los pines de conexi\u00f3n a los circuitos externos.<\/p>\n<p>Los chips digitales mas peque\u00f1os contienen varios componentes sencillos como compuertas, inversores y flip-tops. los mas grandes contienen circuitos y sistemas completos como contadores, memorias, microprocesadores, etc. La mayor\u00eda de los circuitos integrados digitales vienen en presentaci\u00f3n tipo dip (dual in-line package ) o de doble hilera. Los ci mas comunes tipo dip son los de 8,14,16,24, 40 y 64 pines.<\/p>\n<p>En la c\u00e1psula trae impresa la informaci\u00f3n respecto al fabricante, la referencia del dispositivo y la fecha de fabricaci\u00f3n.<\/p>\n<p>Adem\u00e1s del tipo dip, existen otras presentaciones comunes de los circuitos integrados digitales como la c\u00e1psula met\u00e1lica, la plana y la \" chip carrier\". Existen circuitos integrados que utilizan c\u00e1psulas smt o de montaje superficial , smt son casi 4 veces mas peque\u00f1os que los dip .<\/p>\n<p>La tecnolog\u00eda smt (surface-mount technology ) es la que ha permitido obtener calculadoras del tama\u00f1o de una tarjeta de cr\u00e9dito.<\/p>\n<p>&nbsp;<\/p>\n<p style=\"text-align: center\">\u00a0<img loading=\"lazy\" decoding=\"async\" class=\"aligncenter\" src=\"http:\/\/www.monografias.com\/trabajos11\/hisco\/Image5054.gif\" alt=\"\" width=\"415\" height=\"336\" \/><\/p>\n","protected":false},"excerpt":{"rendered":"<p>Un circuito integrado o ( ci ) es aquel en el cual todos los componentes, incluyendo transistores, diodos, resistencias, condensadores y alambres de conexi\u00f3n, se fabrican e interconectan completamente sobre un chip o pastilla semiconductor de silicio. Una vez procesado, el chip se encierra en una c\u00e1psula pl\u00e1stica o de cer\u00e1mica que contiene los pines [&hellip;]<\/p>\n","protected":false},"author":8127,"featured_media":0,"parent":0,"menu_order":3,"comment_status":"open","ping_status":"closed","template":"","meta":{"footnotes":""},"class_list":["post-39","page","type-page","status-publish","hentry"],"_links":{"self":[{"href":"https:\/\/blog.espol.edu.ec\/chrisidr\/wp-json\/wp\/v2\/pages\/39","targetHints":{"allow":["GET"]}}],"collection":[{"href":"https:\/\/blog.espol.edu.ec\/chrisidr\/wp-json\/wp\/v2\/pages"}],"about":[{"href":"https:\/\/blog.espol.edu.ec\/chrisidr\/wp-json\/wp\/v2\/types\/page"}],"author":[{"embeddable":true,"href":"https:\/\/blog.espol.edu.ec\/chrisidr\/wp-json\/wp\/v2\/users\/8127"}],"replies":[{"embeddable":true,"href":"https:\/\/blog.espol.edu.ec\/chrisidr\/wp-json\/wp\/v2\/comments?post=39"}],"version-history":[{"count":2,"href":"https:\/\/blog.espol.edu.ec\/chrisidr\/wp-json\/wp\/v2\/pages\/39\/revisions"}],"predecessor-version":[{"id":41,"href":"https:\/\/blog.espol.edu.ec\/chrisidr\/wp-json\/wp\/v2\/pages\/39\/revisions\/41"}],"wp:attachment":[{"href":"https:\/\/blog.espol.edu.ec\/chrisidr\/wp-json\/wp\/v2\/media?parent=39"}],"curies":[{"name":"wp","href":"https:\/\/api.w.org\/{rel}","templated":true}]}}