{"id":43,"date":"2012-10-31T00:55:16","date_gmt":"2012-10-31T00:55:16","guid":{"rendered":"http:\/\/blog.espol.edu.ec\/chrisidr\/?page_id=43"},"modified":"2012-10-31T00:55:23","modified_gmt":"2012-10-31T00:55:23","slug":"historia-de-los-circuitos-integrados","status":"publish","type":"page","link":"https:\/\/blog.espol.edu.ec\/chrisidr\/historia-de-los-circuitos-integrados\/","title":{"rendered":"Historia de los Circuitos Integrados"},"content":{"rendered":"<p>La introducci\u00f3n de los tubos de vac\u00edo a comienzos del siglo XX propici\u00f3 el r\u00e1pido crecimiento de la electr\u00f3nica moderna. Con estos dispositivos se hizo posible la manipulaci\u00f3n de se\u00f1ales, algo que no pod\u00eda realizarse en los antiguos circuitos telegr\u00e1ficos y telef\u00f3nicos, ni con los primeros transmisores que utilizaban chispas de alta tensi\u00f3n para generar ondas de radio. Por ejemplo, con los tubos de vac\u00edo pudieron amplificarse las se\u00f1ales de radio y de sonido d\u00e9biles, y adem\u00e1s pod\u00edan superponerse se\u00f1ales de sonido a las ondas de radio. El desarrollo de una amplia variedad de tubos, dise\u00f1ados para funciones especializadas, posibilit\u00f3 el r\u00e1pido avance de la tecnolog\u00eda de comunicaci\u00f3n radial antes de la II\u00a0Guerra Mundial, y el desarrollo de las primeras computadoras, durante la guerra y poco despu\u00e9s de ella.<\/p>\n<p>&nbsp;<\/p>\n<p>Hoy d\u00eda, el transistor, inventado en 1948, ha reemplazado casi completamente al tubo de vac\u00edo en la mayor\u00eda de sus aplicaciones. Al incorporar un conjunto de materiales semiconductores y contactos el\u00e9ctricos, el transistor permite las mismas funciones que el tubo de vac\u00edo, pero con un costo, peso y potencia m\u00e1s bajos, y una mayor fiabilidad. Los progresos subsiguientes en la tecnolog\u00eda de semiconductores, atribuible en parte a la intensidad de las investigaciones asociadas con la iniciativa de exploraci\u00f3n del espacio, llev\u00f3 al desarrollo, en la d\u00e9cada de 1970, del circuito integrado. Estos dispositivos pueden contener centenares de miles de transistores en un peque\u00f1o trozo de material, permitiendo la construcci\u00f3n de circuitos electr\u00f3nicos complejos, como los de los microordenadores o microcomputadoras, equipos de sonido y v\u00eddeo, y sat\u00e9lites de comunicaciones.<\/p>\n<p>&nbsp;<\/p>\n<p>El primer circuito Integrado fue creado por Jack Kilby en la empresa Texas Instruments en el a\u00f1o de 1959; poco mas de una d\u00e9cada despu\u00e9s de la invenci\u00f3n del transistor en los laboratorios Bell en 1947.<\/p>\n<p>&nbsp;<\/p>\n<p>A partir de 1966 los Circuitos Integrados comenzaron a fabricarse por millones y en la actualidad se considera una pieza esencial en los aparatos electr\u00f3nicos<\/p>\n","protected":false},"excerpt":{"rendered":"<p>La introducci\u00f3n de los tubos de vac\u00edo a comienzos del siglo XX propici\u00f3 el r\u00e1pido crecimiento de la electr\u00f3nica moderna. Con estos dispositivos se hizo posible la manipulaci\u00f3n de se\u00f1ales, algo que no pod\u00eda realizarse en los antiguos circuitos telegr\u00e1ficos y telef\u00f3nicos, ni con los primeros transmisores que utilizaban chispas de alta tensi\u00f3n para generar [&hellip;]<\/p>\n","protected":false},"author":8127,"featured_media":0,"parent":0,"menu_order":4,"comment_status":"open","ping_status":"open","template":"","meta":{"footnotes":""},"class_list":["post-43","page","type-page","status-publish","hentry"],"_links":{"self":[{"href":"https:\/\/blog.espol.edu.ec\/chrisidr\/wp-json\/wp\/v2\/pages\/43","targetHints":{"allow":["GET"]}}],"collection":[{"href":"https:\/\/blog.espol.edu.ec\/chrisidr\/wp-json\/wp\/v2\/pages"}],"about":[{"href":"https:\/\/blog.espol.edu.ec\/chrisidr\/wp-json\/wp\/v2\/types\/page"}],"author":[{"embeddable":true,"href":"https:\/\/blog.espol.edu.ec\/chrisidr\/wp-json\/wp\/v2\/users\/8127"}],"replies":[{"embeddable":true,"href":"https:\/\/blog.espol.edu.ec\/chrisidr\/wp-json\/wp\/v2\/comments?post=43"}],"version-history":[{"count":2,"href":"https:\/\/blog.espol.edu.ec\/chrisidr\/wp-json\/wp\/v2\/pages\/43\/revisions"}],"predecessor-version":[{"id":45,"href":"https:\/\/blog.espol.edu.ec\/chrisidr\/wp-json\/wp\/v2\/pages\/43\/revisions\/45"}],"wp:attachment":[{"href":"https:\/\/blog.espol.edu.ec\/chrisidr\/wp-json\/wp\/v2\/media?parent=43"}],"curies":[{"name":"wp","href":"https:\/\/api.w.org\/{rel}","templated":true}]}}