{"id":52,"date":"2012-10-31T01:14:12","date_gmt":"2012-10-31T01:14:12","guid":{"rendered":"http:\/\/blog.espol.edu.ec\/chrisidr\/?page_id=52"},"modified":"2012-10-31T01:14:12","modified_gmt":"2012-10-31T01:14:12","slug":"funcionamiento-de-algunos-circuitos","status":"publish","type":"page","link":"https:\/\/blog.espol.edu.ec\/chrisidr\/funcionamiento-de-algunos-circuitos\/","title":{"rendered":"Funcionamiento de algunos circuitos"},"content":{"rendered":"<p><strong>CIRCUITO DE ALARMA<\/strong><\/p>\n<p>Este circuito proporciona todas las funciones necesarias para alarmas antirrobo, de temperatura, de humedad y para otros tipos de sistemas de seguridad. Se incluyen entradas positivas como negativas junto a una se\u00f1al de supresi\u00f3n de ruido como se muestra en la figura 4. Una de las caracter\u00edsticas de este CI es su capacidad para detectar la descarga de la bater\u00eda. La corriente de salida puede ajustarse para la excitaci\u00f3n de bocinas altavoces o cualquier otro tipo de indicador sonoro o visual. Dispone de entradas separadas para los interruptores de conexi\u00f3n y desconexi\u00f3n de alarma. Estos interruptores generalmente trabajan alimentados a bater\u00edas, los requerimientos de consumo de este tipo de circuito integrado deber\u00e1n ser m\u00ednimos posibles.<\/p>\n<p>Los par\u00e1metros fundamentales son:<\/p>\n<p>a)\u00a0\u00a0\u00a0\u00a0 Consumo de corriente en reposo. Es la m\u00e1xima corriente consumida cuando no se produce una se\u00f1al de alarma. Entre 5 y 7 micro amperes es un valor t\u00edpico.<\/p>\n<p>b)\u00a0\u00a0\u00a0\u00a0 Consumo de corriente en funcionamiento. Es la m\u00e1xima corriente consumida por el CI cuando se produce la alarma. Valores t\u00edpicos desde 5 a 15 mA.<\/p>\n<p>c)\u00a0\u00a0\u00a0\u00a0 Umbral de la tensi\u00f3n de entrada. Es el nivel de la se\u00f1al de entrada tanto negativa como positiva que disparara la alarma. Valores t\u00edpicos desde 3,0 a 3,4 V.<\/p>\n<p>d)\u00a0\u00a0\u00a0\u00a0 Umbral de detecci\u00f3n de bater\u00eda descargada. Es la tensi\u00f3n a la cual la alarma por bater\u00eda baja comenzara para indicar ese hecho. Valores t\u00edpicos entre 1,7 y 2,0 V.<\/p>\n<p>e)\u00a0\u00a0\u00a0\u00a0 Corriente m\u00e1xima de salida. La corriente m\u00e1xima en este tipo de CI es ajustable para asegurar la interconexi\u00f3n correcta con circuitos l\u00f3gicos o indicadores externos. La corriente m\u00e1xima de salida t\u00edpica es de 15mA.<\/p>\n<p>El Componente representativo de este tipo de circuitos es el AMI S2561.<\/p>\n<p>&nbsp;<\/p>\n<p><strong>AMPLIFICADOR DE POTENCIA DE AUDIO<\/strong><strong><\/strong><\/p>\n<p>Estos dispositivos son amplificadores de potencia de baja frecuencia (generalmente desde 40Hz a 20.000Hz). Internamente est\u00e1n dise\u00f1ados como amplificadores de potencia en clase B y ofrecen una ganancia de potencia razonable (entre 5 y 10 W t\u00edpicamente), as\u00ed como bajos niveles de distorsi\u00f3n. Para manejar las potencias digitales, la mayor\u00eda de los integrados poseen varios terminales planos y grandes que se conectan a masa y act\u00faan como radiadores t\u00e9rmicos. Estos integrados ofrecen adem\u00e1s funciones adicionales, como por ejemplo shut-down t\u00e9rmico, protecci\u00f3n contra sobre tensiones y compensaciones en frecuencia. La salida est\u00e1 dise\u00f1ada para trabajar sobre bajas impedancias (un altavoz de 4 ohmios es t\u00edpico).<\/p>\n<p>Par\u00e1metros fundamentales<\/p>\n<p>a)\u00a0\u00a0\u00a0\u00a0 Potencia de salida. Es la potencia de salida especificada del dispositivo. La potencia se da para una carga y frecuencia especificada. La potencia de salida disminuye al hacerlo la tensi\u00f3n fuente.<\/p>\n<p>b)\u00a0\u00a0\u00a0\u00a0 Distorsi\u00f3n arm\u00f3nica total. La distorsi\u00f3n arm\u00f3nica total es la distorsi\u00f3n causada por el funcionamiento alineal del amplificador. Este par\u00e1metro se expresa como un porcentaje de la salida total, siendo el 0,3 % el valor normal.<\/p>\n<p>c)\u00a0\u00a0\u00a0\u00a0 Consideraciones t\u00e9rmicas. Desde el momento que estos dispositivos est\u00e1n dise\u00f1ados para la entrega de una potencia significativa a la carga, los efectos del calor producido por el integrado son un criterio primario para la construcci\u00f3n y funcionamiento de los circuitos integrados situados en la alrededores del amplificador de potencia. Los puntos de atenci\u00f3n prioritaria incluyen los detalles f\u00edsicos del montaje y los datos de potencia t\u00e9rmica. Los terminales anchos del integrado se emplean para la conducci\u00f3n del calor fuera del integrado y ser\u00e1n muy eficaces si se utilizan con propiedad. El fabricante entrega generalmente informaci\u00f3n mostrando la disipaci\u00f3n de potencia frente a la temperatura indican c\u00f3mo debe reducirse la disipaci\u00f3n de potencia al aumentar la temperatura ambiente. La disipaci\u00f3n de potencia especificada para un integrado lo es para temperatura ambiente (25 grados Celsius).<\/p>\n<p><strong>SISTEMA DE RADIO AM\/FM<\/strong><\/p>\n<p>Un integrado de este tipo combina la mayor\u00eda de los circuitos necesarios para un sistema completo de recepci\u00f3n de radio AM\/FM. Los bloques internos que contiene el citado sistema incluyen un amplificador de potencia, un conversor AM (mezclador y oscilador local), la etapa de FI de AM, el detector, la etapa de FI de FM y el detector de FM. Son necesarios componentes externos tales como resistencias, bobinas y resistencias para hacer completamente funcional el receptor. Estos componentes externos determinan algunas de las caracter\u00edsticas funcionales del sistema, como pueden ser el ancho de banda y la ganancia. Adem\u00e1s, los componentes externos son necesarios para construir los circuitos tanque necesarios para la sinton\u00eda de las etapas de FI. Funciones que pueden tambi\u00e9n estar incluidas en el integrado son la fuente de alimentaci\u00f3n regulada, el medidor de salida y el silenciamiento de audio.<\/p>\n<p>Los par\u00e1metros fundamentales son:<\/p>\n<p>a)\u00a0\u00a0\u00a0\u00a0 Margen de tensiones de alimentaci\u00f3n del funcionamiento. Especifica el margen de tensiones posibles de alimentaci\u00f3n. Un amplio margen permite su uso en equipos port\u00e1tiles con las bater\u00edas descargadas. Un t\u00edpico margen de tensiones de alimentaci\u00f3n cubre desde 4 a 15 V.<\/p>\n<p>b)\u00a0\u00a0\u00a0\u00a0 Disipaci\u00f3n del encapsulado. Esta es la especificaci\u00f3n a temperatura ambiente de la disipaci\u00f3n de potencia. Un valor no muy inusual con el amplificador de potencia incluido es 1,6 W.<\/p>\n<p>c)\u00a0\u00a0\u00a0\u00a0 Potencia de salida. La potencia t\u00edpica de salida sobre 8 ohmios a 1 kHz es de 325 mW, con una distorsi\u00f3n arm\u00f3nica igual al 10%.<\/p>\n<p>El componente representativo es el National Semiconductor EM1868.<\/p>\n<p><strong>SISTEMA DE RECEPCI\u00d3N AM<\/strong><\/p>\n<p>Todos los componentes activos de un receptor de AM t\u00edpico est\u00e1n integrados en un solo CI. Solamente las redes de resonancia tienen que disponerse en el exterior. Este circuito integrado incluye el conversor de RF, el amplificador de FI, el detector y el circuito de control autom\u00e1tico de ganancia (AGC), el diodo regulador zener integrado y la etapa de preamplificaci\u00f3n de audio. En algunos sistemas de recepci\u00f3n integrados de AM se incluyen tambi\u00e9n el amplificador de RF, excluy\u00e9ndose el medidor de sinton\u00eda o el preamplificador de audio.<\/p>\n<p>Los par\u00e1metros fundamentales son:<\/p>\n<p>a)\u00a0\u00a0\u00a0\u00a0 Sensibilidad. Es la sensibilidad total del receptor, basada en una selecci\u00f3n particular de bobinas de RF Y FI, usualmente a 1 MHz, con ondulaci\u00f3n AM del 30%, a una frecuencia de audio de 400Hz y para un nivel de salida especificado. Una sensibilidad t\u00edpica para un nivel de salida de 10 mV podr\u00eda ser de 10 microV.<\/p>\n<p>b)\u00a0\u00a0\u00a0\u00a0 Relaci\u00f3n se\u00f1al de ruido. Medida en las mismas condiciones que para el par\u00e1metro (a) anterior; un valor t\u00edpico seria 4,5dB.<\/p>\n<p>c)\u00a0\u00a0\u00a0\u00a0 Disipaci\u00f3n m\u00e1xima de potencia. Medida generalmente a temperatura ambiente. Un sistema de recepci\u00f3n AM integrado puede disipar t\u00edpicamente 600 mV.<\/p>\n<p><strong>Circuitos de reloj<\/strong><strong><\/strong><\/p>\n<p>Este circuito integrado proporciona todas las funciones necesarias en un reloj electr\u00f3nico alimentado tanto desde la red AC como desde la bateria de un autom\u00f3vil, barco o avi\u00f3n. Dependiendo de la aplicaci\u00f3n, puede funcionar a partir de un cristal de sinton\u00eda de color de TV de 3,58 MHz o de los 60Hz de la l\u00ednea de alimentaci\u00f3n. Estas se\u00f1ales se emplean en la cuanta de minutos, decenas de minutos y horas del visualizador. Se dispone de una salida de 3,75 Hz para el parpadeo de gigitos espec\u00edficos o de mensajes. En este circuito integrado se han dispuesto salidas independientes para los excitadores de segmentos del visualizador LED o indicadores num\u00e9ricos fluorescentes. Solo son necesarias tres entradas de control. La entrada de &lt;&lt;incremento&gt;&gt; permite seleccionar cualquier digito en particular, bien sea el de horas, decenas de minutos o minutos, o la puesta en marcha de reloj. Una vez seleccionado el estado deseado, puede incrementarse el digito proporcionado un impulso mediante el cierre del pulsador. La entrada de &lt;&lt;reinicializacion&gt;&gt; provoca el retorno a 1:00 del reloj.<\/p>\n<p>Los par\u00e1metros fundamentales son:<\/p>\n<p>a)\u00a0\u00a0\u00a0\u00a0 Tensi\u00f3n de alimentaci\u00f3n. Una tensi\u00f3n nominal de +5 es un valor t\u00edpico.<\/p>\n<p>b)\u00a0\u00a0\u00a0\u00a0 Niveles de control l\u00f3gico. Para el nivel 1, entre 2,0 y 5,0 V es un margen t\u00edpico. Para el nivel 0, el margen t\u00edpico suele ir desde 0 a 0,3 V.<\/p>\n<p>c)\u00a0\u00a0\u00a0\u00a0 Potencia m\u00e1xima disipada. Se disipan aproximadamente 500mW cuando est\u00e1n iluminados todos los segmentos.<\/p>\n<p>El componente representativo es el Intersil ICM7223.<\/p>\n<p>&nbsp;<\/p>\n<p>&nbsp;<\/p>\n<p>&nbsp;<\/p>\n","protected":false},"excerpt":{"rendered":"<p>CIRCUITO DE ALARMA Este circuito proporciona todas las funciones necesarias para alarmas antirrobo, de temperatura, de humedad y para otros tipos de sistemas de seguridad. Se incluyen entradas positivas como negativas junto a una se\u00f1al de supresi\u00f3n de ruido como se muestra en la figura 4. Una de las caracter\u00edsticas de este CI es su [&hellip;]<\/p>\n","protected":false},"author":8127,"featured_media":0,"parent":0,"menu_order":0,"comment_status":"open","ping_status":"open","template":"","meta":{"footnotes":""},"class_list":["post-52","page","type-page","status-publish","hentry"],"_links":{"self":[{"href":"https:\/\/blog.espol.edu.ec\/chrisidr\/wp-json\/wp\/v2\/pages\/52","targetHints":{"allow":["GET"]}}],"collection":[{"href":"https:\/\/blog.espol.edu.ec\/chrisidr\/wp-json\/wp\/v2\/pages"}],"about":[{"href":"https:\/\/blog.espol.edu.ec\/chrisidr\/wp-json\/wp\/v2\/types\/page"}],"author":[{"embeddable":true,"href":"https:\/\/blog.espol.edu.ec\/chrisidr\/wp-json\/wp\/v2\/users\/8127"}],"replies":[{"embeddable":true,"href":"https:\/\/blog.espol.edu.ec\/chrisidr\/wp-json\/wp\/v2\/comments?post=52"}],"version-history":[{"count":1,"href":"https:\/\/blog.espol.edu.ec\/chrisidr\/wp-json\/wp\/v2\/pages\/52\/revisions"}],"predecessor-version":[{"id":53,"href":"https:\/\/blog.espol.edu.ec\/chrisidr\/wp-json\/wp\/v2\/pages\/52\/revisions\/53"}],"wp:attachment":[{"href":"https:\/\/blog.espol.edu.ec\/chrisidr\/wp-json\/wp\/v2\/media?parent=52"}],"curies":[{"name":"wp","href":"https:\/\/api.w.org\/{rel}","templated":true}]}}