{"id":6,"date":"2009-10-28T17:14:51","date_gmt":"2009-10-28T22:14:51","guid":{"rendered":"http:\/\/blog.espol.edu.ec\/christhianbubu\/?page_id=6"},"modified":"2009-11-23T16:06:41","modified_gmt":"2009-11-23T21:06:41","slug":"bubu","status":"publish","type":"page","link":"https:\/\/blog.espol.edu.ec\/christhianbubu\/bubu\/","title":{"rendered":"bubu"},"content":{"rendered":"<p class=\"MsoNoSpacing\"><em><\/em><\/p>\n<p class=\"MsoNoSpacing\">\n<p class=\"MsoNoSpacing\" style=\"text-align: center\">\n<div id=\"attachment_5\" style=\"width: 235px\" class=\"wp-caption aligncenter\"><img loading=\"lazy\" decoding=\"async\" aria-describedby=\"caption-attachment-5\" class=\"size-medium wp-image-5 \" style=\"border: 5px solid red\" src=\"http:\/\/blog.espol.edu.ec\/christhianbubu\/files\/2009\/10\/b41-225x300.jpg\" alt=\"el futbol es pasion\" width=\"225\" height=\"300\" srcset=\"https:\/\/blog.espol.edu.ec\/christhianbubu\/files\/2009\/10\/b41-225x300.jpg 225w, https:\/\/blog.espol.edu.ec\/christhianbubu\/files\/2009\/10\/b41-768x1024.jpg 768w, https:\/\/blog.espol.edu.ec\/christhianbubu\/files\/2009\/10\/b41.jpg 922w\" sizes=\"auto, (max-width: 225px) 100vw, 225px\" \/><p id=\"caption-attachment-5\" class=\"wp-caption-text\">el futbol es pasion<\/p><\/div>\n<p class=\"MsoNoSpacing\"><em><span style=\"font-size: 14pt;font-family: Forte;color: black\">Mi zapato preferido, me lo regalo mi t\u00eda querida que est\u00e1 en Espa\u00f1a, con ellos disfruto cada minuto que practico mi deporte favorito.<\/span><\/em><\/p>\n<p class=\"MsoNoSpacing\">\n<p class=\"MsoNoSpacing\"><em><\/em><\/p>\n<div id=\"attachment_43\" style=\"width: 310px\" class=\"wp-caption aligncenter\"><em><img loading=\"lazy\" decoding=\"async\" aria-describedby=\"caption-attachment-43\" class=\"size-medium wp-image-43 \" style=\"border: 5px solid red\" src=\"http:\/\/blog.espol.edu.ec\/christhianbubu\/files\/2009\/11\/bbb1-300x224.jpg\" alt=\"jugando f\u00fatbol en la sala\" width=\"300\" height=\"224\" srcset=\"https:\/\/blog.espol.edu.ec\/christhianbubu\/files\/2009\/11\/bbb1-300x224.jpg 300w, https:\/\/blog.espol.edu.ec\/christhianbubu\/files\/2009\/11\/bbb1-1024x768.jpg 1024w, https:\/\/blog.espol.edu.ec\/christhianbubu\/files\/2009\/11\/bbb1.jpg 1792w\" sizes=\"auto, (max-width: 300px) 100vw, 300px\" \/><\/em><\/dt>\n<dt><p id=\"caption-attachment-43\" class=\"wp-caption-text\">jugando f\u00fatbol en la sala<\/p><\/div>\n<p><em><span style=\"font-size: 14pt;font-family: Forte;color: black\">Jejeje... Jugando futbol en la sala de mi casa por suerte no me vio mi mam\u00e1 porque sino la retada que me daba, pero uno full dominio hasta hora no he da\u00f1ado nada jejeje\u2026<\/span><\/em><\/p>\n<p class=\"mceTemp mceIEcenter\" style=\"text-align: center\"><em><img loading=\"lazy\" decoding=\"async\" class=\"size-medium wp-image-49 aligncenter\" style=\"border: red 5px solid\" src=\"http:\/\/blog.espol.edu.ec\/christhianbubu\/files\/2009\/11\/gallos-bellos1-300x225.jpg\" alt=\"Gallos Bellos en el corazon de sexto &quot;B&quot;\" width=\"300\" height=\"225\" srcset=\"https:\/\/blog.espol.edu.ec\/christhianbubu\/files\/2009\/11\/gallos-bellos1-300x225.jpg 300w, https:\/\/blog.espol.edu.ec\/christhianbubu\/files\/2009\/11\/gallos-bellos1-1024x768.jpg 1024w, https:\/\/blog.espol.edu.ec\/christhianbubu\/files\/2009\/11\/gallos-bellos1.jpg 1280w\" sizes=\"auto, (max-width: 300px) 100vw, 300px\" \/><\/em><\/p>\n<div class=\"mceTemp mceIEcenter\">\n<dl>\n<dd><em>Gallos Bellos en el corazon de sexto \"B\"<\/em><\/dd>\n<\/dl>\n<\/div>\n<p class=\"MsoNoSpacing\" style=\"margin: 0cm 0cm 0pt;text-align: left\"><span style=\"font-family: Ravie\"><span style=\"font-size: small\">\u201cLOS GALLOS BELLOS\u201d<span> <\/span>aquellos viejos tiempos donde uno jugaba f\u00fatbol en el colegio, un equipo que quedo plasmado en mi coraz\u00f3n, un equipo humilde sin estrellas pero que pon\u00eda arrechera en los partidos a mis amigos les digo fue un placer haber pertenecido a ese equipo.<\/span><\/span><\/p>\n<p class=\"MsoNoSpacing\" style=\"margin: 0cm 0cm 0pt;text-align: center\" align=\"center\"><span style=\"font-size: 16pt;color: red;font-family: Forte\"><img loading=\"lazy\" decoding=\"async\" class=\"aligncenter size-medium wp-image-137\" style=\"border: red 5px solid\" src=\"http:\/\/blog.espol.edu.ec\/christhianbubu\/files\/2009\/10\/pb200004-225x300.jpg\" alt=\"pb200004\" width=\"225\" height=\"300\" srcset=\"https:\/\/blog.espol.edu.ec\/christhianbubu\/files\/2009\/10\/pb200004-225x300.jpg 225w, https:\/\/blog.espol.edu.ec\/christhianbubu\/files\/2009\/10\/pb200004-768x1024.jpg 768w, https:\/\/blog.espol.edu.ec\/christhianbubu\/files\/2009\/10\/pb200004.jpg 1536w\" sizes=\"auto, (max-width: 225px) 100vw, 225px\" \/><\/span><\/p>\n<p class=\"MsoNoSpacing\" style=\"margin: 0cm 0cm 0pt;text-align: justify\"><span style=\"font-family: Ravie\">En las horas libres no hay nada mejor que divertirse jugando futbol para salir del estr\u00e9s de los estudios jajaja\u2026.<\/span><\/p>\n<p class=\"MsoNoSpacing\" style=\"text-align: center\"><img loading=\"lazy\" decoding=\"async\" class=\"aligncenter size-medium wp-image-145\" style=\"border: red 5px solid\" src=\"http:\/\/blog.espol.edu.ec\/christhianbubu\/files\/2009\/11\/pb220028-225x300.jpg\" alt=\"pb220028\" width=\"225\" height=\"300\" srcset=\"https:\/\/blog.espol.edu.ec\/christhianbubu\/files\/2009\/11\/pb220028-225x300.jpg 225w, https:\/\/blog.espol.edu.ec\/christhianbubu\/files\/2009\/11\/pb220028-768x1024.jpg 768w, https:\/\/blog.espol.edu.ec\/christhianbubu\/files\/2009\/11\/pb220028.jpg 1920w\" sizes=\"auto, (max-width: 225px) 100vw, 225px\" \/><\/p>\n<p style=\"text-align: center\"><img loading=\"lazy\" decoding=\"async\" class=\"aligncenter size-medium wp-image-143\" style=\"border: red 5px solid\" src=\"http:\/\/blog.espol.edu.ec\/christhianbubu\/files\/2009\/11\/pb220024-225x300.jpg\" alt=\"pb220024\" width=\"225\" height=\"300\" srcset=\"https:\/\/blog.espol.edu.ec\/christhianbubu\/files\/2009\/11\/pb220024-225x300.jpg 225w, https:\/\/blog.espol.edu.ec\/christhianbubu\/files\/2009\/11\/pb220024-768x1024.jpg 768w, https:\/\/blog.espol.edu.ec\/christhianbubu\/files\/2009\/11\/pb220024.jpg 1536w\" sizes=\"auto, (max-width: 225px) 100vw, 225px\" \/><\/p>\n<p class=\"MsoNoSpacing\" style=\"text-align: center\">\n<p class=\"MsoNoSpacing\" style=\"text-align: center\">\n<p class=\"MsoNoSpacing\" style=\"text-align: center\">\n<p class=\"MsoNoSpacing\" style=\"text-align: center\"><img loading=\"lazy\" decoding=\"async\" class=\"aligncenter size-medium wp-image-144\" style=\"border: red 5px solid\" src=\"http:\/\/blog.espol.edu.ec\/christhianbubu\/files\/2009\/11\/pb220026-225x300.jpg\" alt=\"pb220026\" width=\"225\" height=\"300\" srcset=\"https:\/\/blog.espol.edu.ec\/christhianbubu\/files\/2009\/11\/pb220026-225x300.jpg 225w, https:\/\/blog.espol.edu.ec\/christhianbubu\/files\/2009\/11\/pb220026-768x1024.jpg 768w, https:\/\/blog.espol.edu.ec\/christhianbubu\/files\/2009\/11\/pb220026.jpg 1920w\" sizes=\"auto, (max-width: 225px) 100vw, 225px\" \/><\/p>\n<p class=\"MsoNoSpacing\" style=\"margin: 0cm 0cm 0pt\"><span style=\"font-size: 12pt;font-family: Ravie\">Jugando f\u00fatbol en el patio de m\u00ed casa es mis tiempos libres<\/span><\/p>\n","protected":false},"excerpt":{"rendered":"<p>Mi zapato preferido, me lo regalo mi t\u00eda querida que est\u00e1 en Espa\u00f1a, con ellos disfruto cada minuto que practico mi deporte favorito. Jejeje... Jugando futbol en la sala de mi casa por suerte no me vio mi mam\u00e1 porque sino la retada que me daba, pero uno full dominio hasta hora no he da\u00f1ado [&hellip;]<\/p>\n","protected":false},"author":3084,"featured_media":0,"parent":0,"menu_order":0,"comment_status":"open","ping_status":"open","template":"","meta":{"footnotes":""},"class_list":["post-6","page","type-page","status-publish","hentry"],"_links":{"self":[{"href":"https:\/\/blog.espol.edu.ec\/christhianbubu\/wp-json\/wp\/v2\/pages\/6","targetHints":{"allow":["GET"]}}],"collection":[{"href":"https:\/\/blog.espol.edu.ec\/christhianbubu\/wp-json\/wp\/v2\/pages"}],"about":[{"href":"https:\/\/blog.espol.edu.ec\/christhianbubu\/wp-json\/wp\/v2\/types\/page"}],"author":[{"embeddable":true,"href":"https:\/\/blog.espol.edu.ec\/christhianbubu\/wp-json\/wp\/v2\/users\/3084"}],"replies":[{"embeddable":true,"href":"https:\/\/blog.espol.edu.ec\/christhianbubu\/wp-json\/wp\/v2\/comments?post=6"}],"version-history":[{"count":53,"href":"https:\/\/blog.espol.edu.ec\/christhianbubu\/wp-json\/wp\/v2\/pages\/6\/revisions"}],"predecessor-version":[{"id":20,"href":"https:\/\/blog.espol.edu.ec\/christhianbubu\/wp-json\/wp\/v2\/pages\/6\/revisions\/20"}],"wp:attachment":[{"href":"https:\/\/blog.espol.edu.ec\/christhianbubu\/wp-json\/wp\/v2\/media?parent=6"}],"curies":[{"name":"wp","href":"https:\/\/api.w.org\/{rel}","templated":true}]}}