{"id":14,"date":"2010-10-14T19:40:15","date_gmt":"2010-10-14T19:40:15","guid":{"rendered":"http:\/\/blog.espol.edu.ec\/christiansuarez\/?page_id=14"},"modified":"2010-10-14T19:40:15","modified_gmt":"2010-10-14T19:40:15","slug":"mi-segunda-pagina","status":"publish","type":"page","link":"https:\/\/blog.espol.edu.ec\/christiansuarez\/mi-segunda-pagina\/","title":{"rendered":"Mi segunda p\u00e1gina"},"content":{"rendered":"<p>Aqu\u00ed ver\u00e1n fotos m\u00edas<\/p>\n","protected":false},"excerpt":{"rendered":"<p>Aqu\u00ed ver\u00e1n fotos m\u00edas<\/p>\n","protected":false},"author":5250,"featured_media":0,"parent":0,"menu_order":0,"comment_status":"open","ping_status":"open","template":"","meta":{"footnotes":""},"class_list":["post-14","page","type-page","status-publish","hentry"],"_links":{"self":[{"href":"https:\/\/blog.espol.edu.ec\/christiansuarez\/wp-json\/wp\/v2\/pages\/14","targetHints":{"allow":["GET"]}}],"collection":[{"href":"https:\/\/blog.espol.edu.ec\/christiansuarez\/wp-json\/wp\/v2\/pages"}],"about":[{"href":"https:\/\/blog.espol.edu.ec\/christiansuarez\/wp-json\/wp\/v2\/types\/page"}],"author":[{"embeddable":true,"href":"https:\/\/blog.espol.edu.ec\/christiansuarez\/wp-json\/wp\/v2\/users\/5250"}],"replies":[{"embeddable":true,"href":"https:\/\/blog.espol.edu.ec\/christiansuarez\/wp-json\/wp\/v2\/comments?post=14"}],"version-history":[{"count":1,"href":"https:\/\/blog.espol.edu.ec\/christiansuarez\/wp-json\/wp\/v2\/pages\/14\/revisions"}],"predecessor-version":[{"id":15,"href":"https:\/\/blog.espol.edu.ec\/christiansuarez\/wp-json\/wp\/v2\/pages\/14\/revisions\/15"}],"wp:attachment":[{"href":"https:\/\/blog.espol.edu.ec\/christiansuarez\/wp-json\/wp\/v2\/media?parent=14"}],"curies":[{"name":"wp","href":"https:\/\/api.w.org\/{rel}","templated":true}]}}